{"id":2997,"date":"2026-02-16T06:30:14","date_gmt":"2026-02-16T06:30:14","guid":{"rendered":"https:\/\/audiobook-24.com\/?post_type=product&#038;p=2997"},"modified":"2026-02-16T06:30:14","modified_gmt":"2026-02-16T06:30:14","slug":"%f0%9f%8e%ac-video-ein-minecraft-film-2025","status":"publish","type":"product","link":"https:\/\/audiobook-24.com\/en\/product\/%f0%9f%8e%ac-video-ein-minecraft-film-2025\/","title":{"rendered":"\ud83c\udfac Video Ein Minecraft Film (2025)"},"content":{"rendered":"<h2 data-start=\"0\" data-end=\"39\"><img decoding=\"async\" class=\"emoji\" role=\"img\" draggable=\"false\" src=\"https:\/\/s.w.org\/images\/core\/emoji\/17.0.2\/svg\/1f3ac.svg\" alt=\"\ud83c\udfac\" \/>\u00a0Video Ein Minecraft Film (2025)<\/h2>\n<p data-start=\"41\" data-end=\"411\">In\u00a0<strong data-start=\"44\" data-end=\"75\">\u201eEin Minecraft Film (2025)\u201c<\/strong>\u00a0tauchen die Zuschauer in die bunte, pixelige Welt von Minecraft ein.<br data-start=\"144\" data-end=\"147\" \/>Abenteuerlustige Helden erkunden D\u00f6rfer, bauen, k\u00e4mpfen gegen Monster und erleben spannende Quests. Freundschaft, Teamwork und Kreativit\u00e4t stehen im Mittelpunkt, w\u00e4hrend sie versuchen, das Land vor Bedrohungen wie Creepern, Zombies und dunklen M\u00e4chten zu retten.<\/p>\n<p data-start=\"413\" data-end=\"541\">Bunte Action, humorvolle Momente und epische Bauprojekte machen diesen Film zu einem Erlebnis f\u00fcr Minecraft-Fans jeden Alters.<\/p>\n<p data-start=\"543\" data-end=\"591\"><img decoding=\"async\" class=\"emoji\" role=\"img\" draggable=\"false\" src=\"https:\/\/s.w.org\/images\/core\/emoji\/17.0.2\/svg\/1f50a.svg\" alt=\"\ud83d\udd0a\" \/>\u00a0<strong data-start=\"546\" data-end=\"557\">Format:<\/strong>\u00a0Video\/Animation\/Abenteuer (MP4)<\/p>\n<p data-start=\"593\" data-end=\"742\"><img decoding=\"async\" class=\"emoji\" role=\"img\" draggable=\"false\" src=\"https:\/\/s.w.org\/images\/core\/emoji\/17.0.2\/svg\/2b07.svg\" alt=\"\u2b07\ufe0f\" \/>\u00a0Sofortiger Download f\u00fcr Handy<br data-start=\"625\" data-end=\"628\" \/><img decoding=\"async\" class=\"emoji\" role=\"img\" draggable=\"false\" src=\"https:\/\/s.w.org\/images\/core\/emoji\/17.0.2\/svg\/2b07.svg\" alt=\"\u2b07\ufe0f\" \/>\u00a0Sofortiger Download f\u00fcr PC<br data-start=\"657\" data-end=\"660\" \/><img decoding=\"async\" class=\"emoji\" role=\"img\" draggable=\"false\" src=\"https:\/\/s.w.org\/images\/core\/emoji\/17.0.2\/svg\/2b07.svg\" alt=\"\u2b07\ufe0f\" \/>\u00a0Sofortiger Download f\u00fcrs Tablet<br data-start=\"694\" data-end=\"697\" \/><img decoding=\"async\" class=\"emoji\" role=\"img\" draggable=\"false\" src=\"https:\/\/s.w.org\/images\/core\/emoji\/17.0.2\/svg\/2b07.svg\" alt=\"\u2b07\ufe0f\" \/>\u00a0Kompatibel mit allen MP4-f\u00e4higen Ger\u00e4ten<\/p>\n<p data-start=\"744\" data-end=\"802\" data-is-last-node=\"\" data-is-only-node=\"\"><strong data-start=\"744\" data-end=\"802\" data-is-last-node=\"\"><img decoding=\"async\" class=\"emoji\" role=\"img\" draggable=\"false\" src=\"https:\/\/s.w.org\/images\/core\/emoji\/17.0.2\/svg\/1f449.svg\" alt=\"\ud83d\udc49\" \/>\u00a0Einmal gekauft \u2013 jederzeit und unbegrenzt abrufbar!<\/strong><\/p>","protected":false},"excerpt":{"rendered":"<p>\u00a0Video Ein Minecraft Film (2025) In\u00a0\u201eEin Minecraft Film (2025)\u201c\u00a0tauchen die Zuschauer in die bunte, pixelige Welt von Minecraft ein.Abenteuerlustige Helden erkunden D\u00f6rfer, bauen, k\u00e4mpfen gegen Monster und erleben spannende Quests. Freundschaft, Teamwork und Kreativit\u00e4t stehen im Mittelpunkt, w\u00e4hrend sie versuchen, das Land vor Bedrohungen wie Creepern, Zombies und dunklen M\u00e4chten zu retten. Bunte Action, humorvolle [&hellip;]<\/p>\n","protected":false},"featured_media":3020,"comment_status":"open","ping_status":"closed","template":"","meta":[],"product_brand":[],"product_cat":[50,52],"product_tag":[],"class_list":{"0":"post-2997","1":"product","2":"type-product","3":"status-publish","4":"has-post-thumbnail","6":"product_cat-aktuelle-filme-2025","7":"product_cat-comic","9":"first","10":"instock","11":"sale","12":"virtual","13":"purchasable","14":"product-type-simple"},"jetpack_sharing_enabled":true,"_links":{"self":[{"href":"https:\/\/audiobook-24.com\/en\/wp-json\/wp\/v2\/product\/2997","targetHints":{"allow":["GET"]}}],"collection":[{"href":"https:\/\/audiobook-24.com\/en\/wp-json\/wp\/v2\/product"}],"about":[{"href":"https:\/\/audiobook-24.com\/en\/wp-json\/wp\/v2\/types\/product"}],"replies":[{"embeddable":true,"href":"https:\/\/audiobook-24.com\/en\/wp-json\/wp\/v2\/comments?post=2997"}],"wp:featuredmedia":[{"embeddable":true,"href":"https:\/\/audiobook-24.com\/en\/wp-json\/wp\/v2\/media\/3020"}],"wp:attachment":[{"href":"https:\/\/audiobook-24.com\/en\/wp-json\/wp\/v2\/media?parent=2997"}],"wp:term":[{"taxonomy":"product_brand","embeddable":true,"href":"https:\/\/audiobook-24.com\/en\/wp-json\/wp\/v2\/product_brand?post=2997"},{"taxonomy":"product_cat","embeddable":true,"href":"https:\/\/audiobook-24.com\/en\/wp-json\/wp\/v2\/product_cat?post=2997"},{"taxonomy":"product_tag","embeddable":true,"href":"https:\/\/audiobook-24.com\/en\/wp-json\/wp\/v2\/product_tag?post=2997"}],"curies":[{"name":"wp","href":"https:\/\/api.w.org\/{rel}","templated":true}]}}