{"id":2996,"date":"2026-02-16T06:33:00","date_gmt":"2026-02-16T06:33:00","guid":{"rendered":"https:\/\/audiobook-24.com\/?post_type=product&#038;p=2996"},"modified":"2026-02-16T06:33:01","modified_gmt":"2026-02-16T06:33:01","slug":"%f0%9f%8e%ac-video-detective-dee-und-die-stadt-der-lebenden-toten-2025","status":"publish","type":"product","link":"https:\/\/audiobook-24.com\/en\/product\/%f0%9f%8e%ac-video-detective-dee-und-die-stadt-der-lebenden-toten-2025\/","title":{"rendered":"\ud83c\udfac Video Detective Dee und die Stadt der lebenden Toten (2025)"},"content":{"rendered":"<h2 class=\"sr-only\"><strong><img decoding=\"async\" class=\"emoji\" role=\"img\" draggable=\"false\" src=\"https:\/\/s.w.org\/images\/core\/emoji\/17.0.2\/svg\/1f3ac.svg\" alt=\"\ud83c\udfac\" \/>\u00a0Video Detective Dee und die Stadt der lebenden Toten (2025)<\/strong><\/h2>\n<div class=\"text-base my-auto mx-auto pb-10 [--thread-content-margin:--spacing(4)] @w-sm\/main:[--thread-content-margin:--spacing(6)] @w-lg\/main:[--thread-content-margin:--spacing(16)] px-(--thread-content-margin)\">\n<div class=\"[--thread-content-max-width:40rem] @w-lg\/main:[--thread-content-max-width:48rem] mx-auto max-w-(--thread-content-max-width) flex-1 group\/turn-messages focus-visible:outline-hidden relative flex w-full min-w-0 flex-col agent-turn\" tabindex=\"-1\">\n<div class=\"flex max-w-full flex-col grow\">\n<div class=\"min-h-8 text-message relative flex w-full flex-col items-end gap-2 text-start break-words whitespace-normal [.text-message+&amp;]:mt-1\" dir=\"auto\" data-message-author-role=\"assistant\" data-message-id=\"b9965681-cc34-468b-9e19-61937be0e755\" data-message-model-slug=\"gpt-5-1\">\n<div class=\"flex w-full flex-col gap-1 empty:hidden first:pt-[1px]\">\n<div class=\"markdown prose dark:prose-invert w-full break-words light markdown-new-styling\">\n<p data-start=\"69\" data-end=\"345\">In\u00a0<strong data-start=\"72\" data-end=\"131\">\u201eDetective Dee und die Stadt der lebenden Toten (2025)\u201c<\/strong>\u00a0steht der brillante Ermittler erneut vor einem \u00fcbernat\u00fcrlich anmutenden R\u00e4tsel:<br data-start=\"211\" data-end=\"214\" \/>Eine abgeschottete Stadt wird von seltsamen Vorf\u00e4llen heimgesucht, und immer mehr Menschen scheinen von den Toten zur\u00fcckzukehren.<\/p>\n<p data-start=\"347\" data-end=\"568\">Detective Dee begibt sich in ein Labyrinth aus dunklen Geheimnissen, Verschw\u00f6rungen und t\u00f6dlicher Magie. Mit Scharfsinn, Kampfkunst und unersch\u00fctterlichem Mut deckt er die Wahrheit hinter dem grauenhaften Mysterium auf.<\/p>\n<p data-start=\"570\" data-end=\"680\">Ein epischer Mix aus\u00a0<strong data-start=\"591\" data-end=\"636\">Action, Mystery, Fantasy und Martial Arts<\/strong>, visuell eindrucksvoll und voller Spannung.<\/p>\n<p data-start=\"682\" data-end=\"733\"><img decoding=\"async\" class=\"emoji\" role=\"img\" draggable=\"false\" src=\"https:\/\/s.w.org\/images\/core\/emoji\/17.0.2\/svg\/1f50a.svg\" alt=\"\ud83d\udd0a\" \/>\u00a0<strong data-start=\"685\" data-end=\"696\">Format:<\/strong>\u00a0Video\/Action\/Fantasy\/Mystery (MP4)<\/p>\n<p data-start=\"735\" data-end=\"884\"><img decoding=\"async\" class=\"emoji\" role=\"img\" draggable=\"false\" src=\"https:\/\/s.w.org\/images\/core\/emoji\/17.0.2\/svg\/2b07.svg\" alt=\"\u2b07\ufe0f\" \/>\u00a0Sofortiger Download f\u00fcr Handy<br data-start=\"767\" data-end=\"770\" \/><img decoding=\"async\" class=\"emoji\" role=\"img\" draggable=\"false\" src=\"https:\/\/s.w.org\/images\/core\/emoji\/17.0.2\/svg\/2b07.svg\" alt=\"\u2b07\ufe0f\" \/>\u00a0Sofortiger Download f\u00fcr PC<br data-start=\"799\" data-end=\"802\" \/><img decoding=\"async\" class=\"emoji\" role=\"img\" draggable=\"false\" src=\"https:\/\/s.w.org\/images\/core\/emoji\/17.0.2\/svg\/2b07.svg\" alt=\"\u2b07\ufe0f\" \/>\u00a0Sofortiger Download f\u00fcrs Tablet<br data-start=\"836\" data-end=\"839\" \/><img decoding=\"async\" class=\"emoji\" role=\"img\" draggable=\"false\" src=\"https:\/\/s.w.org\/images\/core\/emoji\/17.0.2\/svg\/2b07.svg\" alt=\"\u2b07\ufe0f\" \/>\u00a0Kompatibel mit allen MP4-f\u00e4higen Ger\u00e4ten<\/p>\n<p data-start=\"886\" data-end=\"944\" data-is-last-node=\"\" data-is-only-node=\"\"><strong data-start=\"886\" data-end=\"944\" data-is-last-node=\"\"><img decoding=\"async\" class=\"emoji\" role=\"img\" draggable=\"false\" src=\"https:\/\/s.w.org\/images\/core\/emoji\/17.0.2\/svg\/1f449.svg\" alt=\"\ud83d\udc49\" \/>\u00a0Einmal gekauft \u2013 jederzeit und unbegrenzt abrufbar!<\/strong><\/p>\n<\/div>\n<\/div>\n<\/div>\n<\/div>\n<\/div>\n<\/div>\n","protected":false},"excerpt":{"rendered":"<p>\u00a0Video Detective Dee und die Stadt der lebenden Toten (2025) In\u00a0\u201eDetective Dee und die Stadt der lebenden Toten (2025)\u201c\u00a0steht der brillante Ermittler erneut vor einem \u00fcbernat\u00fcrlich anmutenden R\u00e4tsel:Eine abgeschottete Stadt wird von seltsamen Vorf\u00e4llen heimgesucht, und immer mehr Menschen scheinen von den Toten zur\u00fcckzukehren. Detective Dee begibt sich in ein Labyrinth aus dunklen Geheimnissen, Verschw\u00f6rungen [&hellip;]<\/p>\n","protected":false},"featured_media":3021,"comment_status":"open","ping_status":"closed","template":"","meta":[],"product_brand":[],"product_cat":[50,56,55],"product_tag":[],"class_list":{"0":"post-2996","1":"product","2":"type-product","3":"status-publish","4":"has-post-thumbnail","6":"product_cat-aktuelle-filme-2025","7":"product_cat-grusel-horror","8":"product_cat-thriller","10":"first","11":"instock","12":"sale","13":"virtual","14":"purchasable","15":"product-type-simple"},"jetpack_sharing_enabled":true,"_links":{"self":[{"href":"https:\/\/audiobook-24.com\/en\/wp-json\/wp\/v2\/product\/2996","targetHints":{"allow":["GET"]}}],"collection":[{"href":"https:\/\/audiobook-24.com\/en\/wp-json\/wp\/v2\/product"}],"about":[{"href":"https:\/\/audiobook-24.com\/en\/wp-json\/wp\/v2\/types\/product"}],"replies":[{"embeddable":true,"href":"https:\/\/audiobook-24.com\/en\/wp-json\/wp\/v2\/comments?post=2996"}],"wp:featuredmedia":[{"embeddable":true,"href":"https:\/\/audiobook-24.com\/en\/wp-json\/wp\/v2\/media\/3021"}],"wp:attachment":[{"href":"https:\/\/audiobook-24.com\/en\/wp-json\/wp\/v2\/media?parent=2996"}],"wp:term":[{"taxonomy":"product_brand","embeddable":true,"href":"https:\/\/audiobook-24.com\/en\/wp-json\/wp\/v2\/product_brand?post=2996"},{"taxonomy":"product_cat","embeddable":true,"href":"https:\/\/audiobook-24.com\/en\/wp-json\/wp\/v2\/product_cat?post=2996"},{"taxonomy":"product_tag","embeddable":true,"href":"https:\/\/audiobook-24.com\/en\/wp-json\/wp\/v2\/product_tag?post=2996"}],"curies":[{"name":"wp","href":"https:\/\/api.w.org\/{rel}","templated":true}]}}