{"id":2981,"date":"2026-02-16T05:27:12","date_gmt":"2026-02-16T05:27:12","guid":{"rendered":"https:\/\/audiobook-24.com\/?post_type=product&#038;p=2981"},"modified":"2026-02-16T05:27:12","modified_gmt":"2026-02-16T05:27:12","slug":"%f0%9f%8e%ac-video-tron-ares","status":"publish","type":"product","link":"https:\/\/audiobook-24.com\/en\/product\/%f0%9f%8e%ac-video-tron-ares\/","title":{"rendered":"\ud83c\udfac Video Tron Ares"},"content":{"rendered":"<h2 data-start=\"0\" data-end=\"23\"><img decoding=\"async\" class=\"emoji\" role=\"img\" draggable=\"false\" src=\"https:\/\/s.w.org\/images\/core\/emoji\/17.0.2\/svg\/1f3ac.svg\" alt=\"\ud83c\udfac\" \/>\u00a0Video Tron Ares<\/h2>\n<p data-start=\"25\" data-end=\"395\"><strong data-start=\"25\" data-end=\"40\">\u201eTron Ares\u201c<\/strong>\u00a0f\u00fchrt die legend\u00e4re\u00a0<em data-start=\"61\" data-end=\"67\">Tron<\/em>-Saga in eine neue, hochmoderne Richtung.<br data-start=\"108\" data-end=\"111\" \/>Der Krieger\u00a0<strong data-start=\"123\" data-end=\"131\">Ares<\/strong>\u00a0wird aus der digitalen Welt in die reale Welt geschickt \u2013 eine Mission, die alles ver\u00e4ndert. Zwischen futuristischer Technologie, gef\u00e4hrlichen Programmen und spektakul\u00e4ren Actionsequenzen beginnt ein Kampf um die Zukunft der Menschheit und der digitalen Sph\u00e4re.<\/p>\n<p data-start=\"397\" data-end=\"557\">Rasante Lichteffekte, intensive Story und atemberaubende Cyber-Atmosph\u00e4re machen\u00a0<em data-start=\"478\" data-end=\"489\">Tron Ares<\/em>\u00a0zu einem visuellen Blockbuster f\u00fcr Fans des digitalen Universums.<\/p>\n<p data-start=\"559\" data-end=\"601\"><img decoding=\"async\" class=\"emoji\" role=\"img\" draggable=\"false\" src=\"https:\/\/s.w.org\/images\/core\/emoji\/17.0.2\/svg\/1f50a.svg\" alt=\"\ud83d\udd0a\" \/>\u00a0<strong data-start=\"562\" data-end=\"573\">Format:<\/strong>\u00a0Video\/Sci-Fi\/Action (MP4)<\/p>\n<p data-start=\"603\" data-end=\"752\"><img decoding=\"async\" class=\"emoji\" role=\"img\" draggable=\"false\" src=\"https:\/\/s.w.org\/images\/core\/emoji\/17.0.2\/svg\/2b07.svg\" alt=\"\u2b07\ufe0f\" \/>\u00a0Sofortiger Download f\u00fcr Handy<br data-start=\"635\" data-end=\"638\" \/><img decoding=\"async\" class=\"emoji\" role=\"img\" draggable=\"false\" src=\"https:\/\/s.w.org\/images\/core\/emoji\/17.0.2\/svg\/2b07.svg\" alt=\"\u2b07\ufe0f\" \/>\u00a0Sofortiger Download f\u00fcr PC<br data-start=\"667\" data-end=\"670\" \/><img decoding=\"async\" class=\"emoji\" role=\"img\" draggable=\"false\" src=\"https:\/\/s.w.org\/images\/core\/emoji\/17.0.2\/svg\/2b07.svg\" alt=\"\u2b07\ufe0f\" \/>\u00a0Sofortiger Download f\u00fcrs Tablet<br data-start=\"704\" data-end=\"707\" \/><img decoding=\"async\" class=\"emoji\" role=\"img\" draggable=\"false\" src=\"https:\/\/s.w.org\/images\/core\/emoji\/17.0.2\/svg\/2b07.svg\" alt=\"\u2b07\ufe0f\" \/>\u00a0Kompatibel mit allen MP4-f\u00e4higen Ger\u00e4ten<\/p>\n<p data-start=\"754\" data-end=\"812\" data-is-last-node=\"\" data-is-only-node=\"\"><strong data-start=\"754\" data-end=\"812\" data-is-last-node=\"\"><img decoding=\"async\" class=\"emoji\" role=\"img\" draggable=\"false\" src=\"https:\/\/s.w.org\/images\/core\/emoji\/17.0.2\/svg\/1f449.svg\" alt=\"\ud83d\udc49\" \/>\u00a0Einmal gekauft \u2013 jederzeit und unbegrenzt abrufbar!<\/strong><\/p>","protected":false},"excerpt":{"rendered":"<p>\u00a0Video Tron Ares \u201eTron Ares\u201c\u00a0f\u00fchrt die legend\u00e4re\u00a0Tron-Saga in eine neue, hochmoderne Richtung.Der Krieger\u00a0Ares\u00a0wird aus der digitalen Welt in die reale Welt geschickt \u2013 eine Mission, die alles ver\u00e4ndert. Zwischen futuristischer Technologie, gef\u00e4hrlichen Programmen und spektakul\u00e4ren Actionsequenzen beginnt ein Kampf um die Zukunft der Menschheit und der digitalen Sph\u00e4re. Rasante Lichteffekte, intensive Story und atemberaubende Cyber-Atmosph\u00e4re [&hellip;]<\/p>\n","protected":false},"featured_media":2983,"comment_status":"open","ping_status":"closed","template":"","meta":[],"product_brand":[],"product_cat":[54,50,57],"product_tag":[],"class_list":{"0":"post-2981","1":"product","2":"type-product","3":"status-publish","4":"has-post-thumbnail","6":"product_cat-action","7":"product_cat-aktuelle-filme-2025","8":"product_cat-science-fiction","10":"first","11":"instock","12":"sale","13":"virtual","14":"purchasable","15":"product-type-simple"},"jetpack_sharing_enabled":true,"_links":{"self":[{"href":"https:\/\/audiobook-24.com\/en\/wp-json\/wp\/v2\/product\/2981","targetHints":{"allow":["GET"]}}],"collection":[{"href":"https:\/\/audiobook-24.com\/en\/wp-json\/wp\/v2\/product"}],"about":[{"href":"https:\/\/audiobook-24.com\/en\/wp-json\/wp\/v2\/types\/product"}],"replies":[{"embeddable":true,"href":"https:\/\/audiobook-24.com\/en\/wp-json\/wp\/v2\/comments?post=2981"}],"wp:featuredmedia":[{"embeddable":true,"href":"https:\/\/audiobook-24.com\/en\/wp-json\/wp\/v2\/media\/2983"}],"wp:attachment":[{"href":"https:\/\/audiobook-24.com\/en\/wp-json\/wp\/v2\/media?parent=2981"}],"wp:term":[{"taxonomy":"product_brand","embeddable":true,"href":"https:\/\/audiobook-24.com\/en\/wp-json\/wp\/v2\/product_brand?post=2981"},{"taxonomy":"product_cat","embeddable":true,"href":"https:\/\/audiobook-24.com\/en\/wp-json\/wp\/v2\/product_cat?post=2981"},{"taxonomy":"product_tag","embeddable":true,"href":"https:\/\/audiobook-24.com\/en\/wp-json\/wp\/v2\/product_tag?post=2981"}],"curies":[{"name":"wp","href":"https:\/\/api.w.org\/{rel}","templated":true}]}}