{"id":2979,"date":"2026-02-16T05:39:28","date_gmt":"2026-02-16T05:39:28","guid":{"rendered":"https:\/\/audiobook-24.com\/?post_type=product&#038;p=2979"},"modified":"2026-02-16T05:47:59","modified_gmt":"2026-02-16T05:47:59","slug":"%f0%9f%8e%ac-video-the-elixir-2025","status":"publish","type":"product","link":"https:\/\/audiobook-24.com\/en\/product\/%f0%9f%8e%ac-video-the-elixir-2025\/","title":{"rendered":"\ud83c\udfac Video The Elixir (2025)"},"content":{"rendered":"<h2 data-start=\"0\" data-end=\"29\"><img decoding=\"async\" class=\"emoji\" role=\"img\" draggable=\"false\" src=\"https:\/\/s.w.org\/images\/core\/emoji\/17.0.2\/svg\/1f3ac.svg\" alt=\"\ud83c\udfac\" \/>\u00a0Video The Elixir (2025)<\/h2>\n<p data-start=\"31\" data-end=\"436\"><strong data-start=\"31\" data-end=\"54\">\u201eThe Elixir (2025)\u201c<\/strong>\u00a0erz\u00e4hlt die ersch\u00fctternde Geschichte eines mysteri\u00f6sen Serums, das angeblich Jugend, St\u00e4rke und unendliche Vitalit\u00e4t verleiht \u2013 doch zu einem t\u00f6dlichen Preis.<br data-start=\"213\" data-end=\"216\" \/>Als eine junge Wissenschaftlerin das Elixier entdeckt und dessen wahre Wirkung erforscht, ger\u00e4t sie in ein Netz aus Verschw\u00f6rungen, Experimenten und dunklen M\u00e4chten, die das Elixier um jeden Preis kontrollieren wollen.<\/p>\n<p data-start=\"438\" data-end=\"585\">Der Film kombiniert Mystery, Thriller und Sci-Fi in einer intensiven, atmosph\u00e4rischen Jagd nach der Wahrheit \u2013 mit immer st\u00e4rker steigender Gefahr.<\/p>\n<p data-start=\"587\" data-end=\"629\"><img decoding=\"async\" class=\"emoji\" role=\"img\" draggable=\"false\" src=\"https:\/\/s.w.org\/images\/core\/emoji\/17.0.2\/svg\/1f50a.svg\" alt=\"\ud83d\udd0a\" \/>\u00a0<strong data-start=\"590\" data-end=\"601\">Format:<\/strong>\u00a0Video\/Thriller\/Sci-Fi (MP4)<\/p>\n<p data-start=\"631\" data-end=\"780\"><img decoding=\"async\" class=\"emoji\" role=\"img\" draggable=\"false\" src=\"https:\/\/s.w.org\/images\/core\/emoji\/17.0.2\/svg\/2b07.svg\" alt=\"\u2b07\ufe0f\" \/>\u00a0Sofortiger Download f\u00fcr Handy<br data-start=\"663\" data-end=\"666\" \/><img decoding=\"async\" class=\"emoji\" role=\"img\" draggable=\"false\" src=\"https:\/\/s.w.org\/images\/core\/emoji\/17.0.2\/svg\/2b07.svg\" alt=\"\u2b07\ufe0f\" \/>\u00a0Sofortiger Download f\u00fcr PC<br data-start=\"695\" data-end=\"698\" \/><img decoding=\"async\" class=\"emoji\" role=\"img\" draggable=\"false\" src=\"https:\/\/s.w.org\/images\/core\/emoji\/17.0.2\/svg\/2b07.svg\" alt=\"\u2b07\ufe0f\" \/>\u00a0Sofortiger Download f\u00fcrs Tablet<br data-start=\"732\" data-end=\"735\" \/><img decoding=\"async\" class=\"emoji\" role=\"img\" draggable=\"false\" src=\"https:\/\/s.w.org\/images\/core\/emoji\/17.0.2\/svg\/2b07.svg\" alt=\"\u2b07\ufe0f\" \/>\u00a0Kompatibel mit allen MP4-f\u00e4higen Ger\u00e4ten<\/p>\n<p data-start=\"782\" data-end=\"840\" data-is-last-node=\"\" data-is-only-node=\"\"><strong data-start=\"782\" data-end=\"840\" data-is-last-node=\"\"><img decoding=\"async\" class=\"emoji\" role=\"img\" draggable=\"false\" src=\"https:\/\/s.w.org\/images\/core\/emoji\/17.0.2\/svg\/1f449.svg\" alt=\"\ud83d\udc49\" \/>\u00a0Einmal gekauft \u2013 jederzeit und unbegrenzt abrufbar!<\/strong><\/p>","protected":false},"excerpt":{"rendered":"<p>\u00a0Video The Elixir (2025) \u201eThe Elixir (2025)\u201c\u00a0erz\u00e4hlt die ersch\u00fctternde Geschichte eines mysteri\u00f6sen Serums, das angeblich Jugend, St\u00e4rke und unendliche Vitalit\u00e4t verleiht \u2013 doch zu einem t\u00f6dlichen Preis.Als eine junge Wissenschaftlerin das Elixier entdeckt und dessen wahre Wirkung erforscht, ger\u00e4t sie in ein Netz aus Verschw\u00f6rungen, Experimenten und dunklen M\u00e4chten, die das Elixier um jeden Preis [&hellip;]<\/p>\n","protected":false},"featured_media":2990,"comment_status":"open","ping_status":"closed","template":"","meta":[],"product_brand":[],"product_cat":[50,57,55],"product_tag":[],"class_list":{"0":"post-2979","1":"product","2":"type-product","3":"status-publish","4":"has-post-thumbnail","6":"product_cat-aktuelle-filme-2025","7":"product_cat-science-fiction","8":"product_cat-thriller","10":"first","11":"instock","12":"sale","13":"virtual","14":"purchasable","15":"product-type-simple"},"jetpack_sharing_enabled":true,"_links":{"self":[{"href":"https:\/\/audiobook-24.com\/en\/wp-json\/wp\/v2\/product\/2979","targetHints":{"allow":["GET"]}}],"collection":[{"href":"https:\/\/audiobook-24.com\/en\/wp-json\/wp\/v2\/product"}],"about":[{"href":"https:\/\/audiobook-24.com\/en\/wp-json\/wp\/v2\/types\/product"}],"replies":[{"embeddable":true,"href":"https:\/\/audiobook-24.com\/en\/wp-json\/wp\/v2\/comments?post=2979"}],"wp:featuredmedia":[{"embeddable":true,"href":"https:\/\/audiobook-24.com\/en\/wp-json\/wp\/v2\/media\/2990"}],"wp:attachment":[{"href":"https:\/\/audiobook-24.com\/en\/wp-json\/wp\/v2\/media?parent=2979"}],"wp:term":[{"taxonomy":"product_brand","embeddable":true,"href":"https:\/\/audiobook-24.com\/en\/wp-json\/wp\/v2\/product_brand?post=2979"},{"taxonomy":"product_cat","embeddable":true,"href":"https:\/\/audiobook-24.com\/en\/wp-json\/wp\/v2\/product_cat?post=2979"},{"taxonomy":"product_tag","embeddable":true,"href":"https:\/\/audiobook-24.com\/en\/wp-json\/wp\/v2\/product_tag?post=2979"}],"curies":[{"name":"wp","href":"https:\/\/api.w.org\/{rel}","templated":true}]}}