{"id":2978,"date":"2026-02-16T05:37:56","date_gmt":"2026-02-16T05:37:56","guid":{"rendered":"https:\/\/audiobook-24.com\/?post_type=product&#038;p=2978"},"modified":"2026-02-16T05:37:57","modified_gmt":"2026-02-16T05:37:57","slug":"video-the-creeps-2025","status":"publish","type":"product","link":"https:\/\/audiobook-24.com\/en\/product\/video-the-creeps-2025\/","title":{"rendered":"\u00a0Video The Creeps (2025)"},"content":{"rendered":"<h2 data-start=\"0\" data-end=\"31\"><img decoding=\"async\" class=\"emoji\" role=\"img\" draggable=\"false\" src=\"https:\/\/s.w.org\/images\/core\/emoji\/17.0.2\/svg\/1f3ac.svg\" alt=\"\ud83c\udfac\" \/>\u00a0Video The Creeps (2025)<\/h2>\n<p data-start=\"33\" data-end=\"384\"><strong data-start=\"33\" data-end=\"56\">\u201eThe Creeps (2025)\u201c<\/strong>\u00a0liefert modernen Horror mit Retro-Einschlag: Kleine, groteske Kreaturen erheben sich aus der Dunkelheit und verbreiten Chaos, Angst und unheimlichen Schrecken.<br data-start=\"216\" data-end=\"219\" \/>Als eine Gruppe junger Menschen zuf\u00e4llig auf ein altes, verfluchtes Artefakt st\u00f6\u00dft, werden die Creeps entfesselt \u2013 und die Nacht verwandelt sich in einen Albtraum.<\/p>\n<p data-start=\"386\" data-end=\"584\">Spannung, d\u00fcstere Atmosph\u00e4re, praktische Creature-Effekte und brutale \u00dcberraschungen machen diesen Film zu einem echten Horror-Highlight f\u00fcr Fans von Monstern, Grusel und kultigem B-Movie-Feeling.<\/p>\n<p data-start=\"586\" data-end=\"638\"><img decoding=\"async\" class=\"emoji\" role=\"img\" draggable=\"false\" src=\"https:\/\/s.w.org\/images\/core\/emoji\/17.0.2\/svg\/1f50a.svg\" alt=\"\ud83d\udd0a\" \/>\u00a0<strong data-start=\"589\" data-end=\"600\">Format:<\/strong>\u00a0Video\/Horror\/Creature-Feature (MP4)<\/p>\n<p data-start=\"640\" data-end=\"789\"><img decoding=\"async\" class=\"emoji\" role=\"img\" draggable=\"false\" src=\"https:\/\/s.w.org\/images\/core\/emoji\/17.0.2\/svg\/2b07.svg\" alt=\"\u2b07\ufe0f\" \/>\u00a0Sofortiger Download f\u00fcr Handy<br data-start=\"672\" data-end=\"675\" \/><img decoding=\"async\" class=\"emoji\" role=\"img\" draggable=\"false\" src=\"https:\/\/s.w.org\/images\/core\/emoji\/17.0.2\/svg\/2b07.svg\" alt=\"\u2b07\ufe0f\" \/>\u00a0Sofortiger Download f\u00fcr PC<br data-start=\"704\" data-end=\"707\" \/><img decoding=\"async\" class=\"emoji\" role=\"img\" draggable=\"false\" src=\"https:\/\/s.w.org\/images\/core\/emoji\/17.0.2\/svg\/2b07.svg\" alt=\"\u2b07\ufe0f\" \/>\u00a0Sofortiger Download f\u00fcrs Tablet<br data-start=\"741\" data-end=\"744\" \/><img decoding=\"async\" class=\"emoji\" role=\"img\" draggable=\"false\" src=\"https:\/\/s.w.org\/images\/core\/emoji\/17.0.2\/svg\/2b07.svg\" alt=\"\u2b07\ufe0f\" \/>\u00a0Kompatibel mit allen MP4-f\u00e4higen Ger\u00e4ten<\/p>\n<p data-start=\"791\" data-end=\"849\" data-is-last-node=\"\" data-is-only-node=\"\"><strong data-start=\"791\" data-end=\"849\" data-is-last-node=\"\"><img decoding=\"async\" class=\"emoji\" role=\"img\" draggable=\"false\" src=\"https:\/\/s.w.org\/images\/core\/emoji\/17.0.2\/svg\/1f449.svg\" alt=\"\ud83d\udc49\" \/>\u00a0Einmal gekauft \u2013 jederzeit und unbegrenzt abrufbar!<\/strong><\/p>","protected":false},"excerpt":{"rendered":"<p>\u00a0Video The Creeps (2025) \u201eThe Creeps (2025)\u201c\u00a0liefert modernen Horror mit Retro-Einschlag: Kleine, groteske Kreaturen erheben sich aus der Dunkelheit und verbreiten Chaos, Angst und unheimlichen Schrecken.Als eine Gruppe junger Menschen zuf\u00e4llig auf ein altes, verfluchtes Artefakt st\u00f6\u00dft, werden die Creeps entfesselt \u2013 und die Nacht verwandelt sich in einen Albtraum. Spannung, d\u00fcstere Atmosph\u00e4re, praktische Creature-Effekte [&hellip;]<\/p>\n","protected":false},"featured_media":2986,"comment_status":"open","ping_status":"closed","template":"","meta":[],"product_brand":[],"product_cat":[54,50,56],"product_tag":[],"class_list":{"0":"post-2978","1":"product","2":"type-product","3":"status-publish","4":"has-post-thumbnail","6":"product_cat-action","7":"product_cat-aktuelle-filme-2025","8":"product_cat-grusel-horror","10":"first","11":"instock","12":"sale","13":"virtual","14":"purchasable","15":"product-type-simple"},"jetpack_sharing_enabled":true,"_links":{"self":[{"href":"https:\/\/audiobook-24.com\/en\/wp-json\/wp\/v2\/product\/2978","targetHints":{"allow":["GET"]}}],"collection":[{"href":"https:\/\/audiobook-24.com\/en\/wp-json\/wp\/v2\/product"}],"about":[{"href":"https:\/\/audiobook-24.com\/en\/wp-json\/wp\/v2\/types\/product"}],"replies":[{"embeddable":true,"href":"https:\/\/audiobook-24.com\/en\/wp-json\/wp\/v2\/comments?post=2978"}],"wp:featuredmedia":[{"embeddable":true,"href":"https:\/\/audiobook-24.com\/en\/wp-json\/wp\/v2\/media\/2986"}],"wp:attachment":[{"href":"https:\/\/audiobook-24.com\/en\/wp-json\/wp\/v2\/media?parent=2978"}],"wp:term":[{"taxonomy":"product_brand","embeddable":true,"href":"https:\/\/audiobook-24.com\/en\/wp-json\/wp\/v2\/product_brand?post=2978"},{"taxonomy":"product_cat","embeddable":true,"href":"https:\/\/audiobook-24.com\/en\/wp-json\/wp\/v2\/product_cat?post=2978"},{"taxonomy":"product_tag","embeddable":true,"href":"https:\/\/audiobook-24.com\/en\/wp-json\/wp\/v2\/product_tag?post=2978"}],"curies":[{"name":"wp","href":"https:\/\/api.w.org\/{rel}","templated":true}]}}