{"id":2977,"date":"2026-02-16T05:41:27","date_gmt":"2026-02-16T05:41:27","guid":{"rendered":"https:\/\/audiobook-24.com\/?post_type=product&#038;p=2977"},"modified":"2026-02-16T05:41:27","modified_gmt":"2026-02-16T05:41:27","slug":"%f0%9f%8e%ac-video-the-pickup-2025","status":"publish","type":"product","link":"https:\/\/audiobook-24.com\/en\/product\/%f0%9f%8e%ac-video-the-pickup-2025\/","title":{"rendered":"\ud83c\udfac Video The Pickup (2025)"},"content":{"rendered":"<h2 data-start=\"0\" data-end=\"29\"><img decoding=\"async\" class=\"emoji\" role=\"img\" draggable=\"false\" src=\"https:\/\/s.w.org\/images\/core\/emoji\/17.0.2\/svg\/1f3ac.svg\" alt=\"\ud83c\udfac\" \/>\u00a0Video The Pickup (2025)<\/h2>\n<p data-start=\"31\" data-end=\"260\">In\u00a0<strong data-start=\"34\" data-end=\"57\">\u201eThe Pickup (2025)\u201c<\/strong>\u00a0ger\u00e4t ein harmloses Blind Date v\u00f6llig au\u00dfer Kontrolle:<br data-start=\"112\" data-end=\"115\" \/>Was als romantisches Treffen beginnt, entwickelt sich zu einer rasanten Flucht vor Kriminellen, Korruption und einer gef\u00e4hrlichen Verschw\u00f6rung.<\/p>\n<p data-start=\"262\" data-end=\"553\">Die beiden Hauptfiguren \u2013 v\u00f6llig unterschiedlich, aber pl\u00f6tzlich aufeinander angewiesen \u2013 m\u00fcssen zusammenhalten, w\u00e4hrend sie quer durch die Stadt jagen, Beweise sichern und herausfinden, wem sie noch trauen k\u00f6nnen.<br data-start=\"476\" data-end=\"479\" \/>Ein actionreicher Thriller mit Humor, Spannung und unerwarteten Wendungen.<\/p>\n<p data-start=\"555\" data-end=\"597\"><img decoding=\"async\" class=\"emoji\" role=\"img\" draggable=\"false\" src=\"https:\/\/s.w.org\/images\/core\/emoji\/17.0.2\/svg\/1f50a.svg\" alt=\"\ud83d\udd0a\" \/>\u00a0<strong data-start=\"558\" data-end=\"569\">Format:<\/strong>\u00a0Video\/Action\/Thriller (MP4)<\/p>\n<p data-start=\"599\" data-end=\"748\"><img decoding=\"async\" class=\"emoji\" role=\"img\" draggable=\"false\" src=\"https:\/\/s.w.org\/images\/core\/emoji\/17.0.2\/svg\/2b07.svg\" alt=\"\u2b07\ufe0f\" \/>\u00a0Sofortiger Download f\u00fcr Handy<br data-start=\"631\" data-end=\"634\" \/><img decoding=\"async\" class=\"emoji\" role=\"img\" draggable=\"false\" src=\"https:\/\/s.w.org\/images\/core\/emoji\/17.0.2\/svg\/2b07.svg\" alt=\"\u2b07\ufe0f\" \/>\u00a0Sofortiger Download f\u00fcr PC<br data-start=\"663\" data-end=\"666\" \/><img decoding=\"async\" class=\"emoji\" role=\"img\" draggable=\"false\" src=\"https:\/\/s.w.org\/images\/core\/emoji\/17.0.2\/svg\/2b07.svg\" alt=\"\u2b07\ufe0f\" \/>\u00a0Sofortiger Download f\u00fcrs Tablet<br data-start=\"700\" data-end=\"703\" \/><img decoding=\"async\" class=\"emoji\" role=\"img\" draggable=\"false\" src=\"https:\/\/s.w.org\/images\/core\/emoji\/17.0.2\/svg\/2b07.svg\" alt=\"\u2b07\ufe0f\" \/>\u00a0Kompatibel mit allen MP4-f\u00e4higen Ger\u00e4ten<\/p>\n<p data-start=\"750\" data-end=\"808\" data-is-last-node=\"\" data-is-only-node=\"\"><strong data-start=\"750\" data-end=\"808\" data-is-last-node=\"\"><img decoding=\"async\" class=\"emoji\" role=\"img\" draggable=\"false\" src=\"https:\/\/s.w.org\/images\/core\/emoji\/17.0.2\/svg\/1f449.svg\" alt=\"\ud83d\udc49\" \/>\u00a0Einmal gekauft \u2013 jederzeit und unbegrenzt abrufbar!<\/strong><\/p>","protected":false},"excerpt":{"rendered":"<p>\u00a0Video The Pickup (2025) In\u00a0\u201eThe Pickup (2025)\u201c\u00a0ger\u00e4t ein harmloses Blind Date v\u00f6llig au\u00dfer Kontrolle:Was als romantisches Treffen beginnt, entwickelt sich zu einer rasanten Flucht vor Kriminellen, Korruption und einer gef\u00e4hrlichen Verschw\u00f6rung. Die beiden Hauptfiguren \u2013 v\u00f6llig unterschiedlich, aber pl\u00f6tzlich aufeinander angewiesen \u2013 m\u00fcssen zusammenhalten, w\u00e4hrend sie quer durch die Stadt jagen, Beweise sichern und herausfinden, [&hellip;]<\/p>\n","protected":false},"featured_media":2988,"comment_status":"open","ping_status":"closed","template":"","meta":[],"product_brand":[],"product_cat":[54,50,55],"product_tag":[],"class_list":{"0":"post-2977","1":"product","2":"type-product","3":"status-publish","4":"has-post-thumbnail","6":"product_cat-action","7":"product_cat-aktuelle-filme-2025","8":"product_cat-thriller","10":"first","11":"instock","12":"sale","13":"virtual","14":"purchasable","15":"product-type-simple"},"jetpack_sharing_enabled":true,"_links":{"self":[{"href":"https:\/\/audiobook-24.com\/en\/wp-json\/wp\/v2\/product\/2977","targetHints":{"allow":["GET"]}}],"collection":[{"href":"https:\/\/audiobook-24.com\/en\/wp-json\/wp\/v2\/product"}],"about":[{"href":"https:\/\/audiobook-24.com\/en\/wp-json\/wp\/v2\/types\/product"}],"replies":[{"embeddable":true,"href":"https:\/\/audiobook-24.com\/en\/wp-json\/wp\/v2\/comments?post=2977"}],"wp:featuredmedia":[{"embeddable":true,"href":"https:\/\/audiobook-24.com\/en\/wp-json\/wp\/v2\/media\/2988"}],"wp:attachment":[{"href":"https:\/\/audiobook-24.com\/en\/wp-json\/wp\/v2\/media?parent=2977"}],"wp:term":[{"taxonomy":"product_brand","embeddable":true,"href":"https:\/\/audiobook-24.com\/en\/wp-json\/wp\/v2\/product_brand?post=2977"},{"taxonomy":"product_cat","embeddable":true,"href":"https:\/\/audiobook-24.com\/en\/wp-json\/wp\/v2\/product_cat?post=2977"},{"taxonomy":"product_tag","embeddable":true,"href":"https:\/\/audiobook-24.com\/en\/wp-json\/wp\/v2\/product_tag?post=2977"}],"curies":[{"name":"wp","href":"https:\/\/api.w.org\/{rel}","templated":true}]}}