{"id":2974,"date":"2026-02-16T05:51:59","date_gmt":"2026-02-16T05:51:59","guid":{"rendered":"https:\/\/audiobook-24.com\/?post_type=product&#038;p=2974"},"modified":"2026-02-16T05:52:00","modified_gmt":"2026-02-16T05:52:00","slug":"%f0%9f%8e%ac-video-savage-hunt-blutige-jagd","status":"publish","type":"product","link":"https:\/\/audiobook-24.com\/en\/product\/%f0%9f%8e%ac-video-savage-hunt-blutige-jagd\/","title":{"rendered":"\ud83c\udfac Video Savage Hunt \u2013 Blutige Jagd"},"content":{"rendered":"<h2 data-start=\"0\" data-end=\"38\"><img decoding=\"async\" class=\"emoji\" role=\"img\" draggable=\"false\" src=\"https:\/\/s.w.org\/images\/core\/emoji\/17.0.2\/svg\/1f3ac.svg\" alt=\"\ud83c\udfac\" \/>\u00a0Video Savage Hunt \u2013 Blutige Jagd<\/h2>\n<p data-start=\"40\" data-end=\"375\">In\u00a0<strong data-start=\"43\" data-end=\"75\">\u201eSavage Hunt \u2013 Blutige Jagd\u201c<\/strong>\u00a0geraten eine Gruppe Abenteurer und Wildnis-Experten in ein abgelegenes Jagdgebiet, das sich schnell als t\u00f6dliche Falle entpuppt.<br data-start=\"204\" data-end=\"207\" \/>Was als gew\u00f6hnliche Expedition beginnt, entwickelt sich zu einem brutalen \u00dcberlebenskampf, als ein unsichtbarer Feind zuschl\u00e4gt \u2013 gnadenlos, pr\u00e4zise und ohne jede Spur.<\/p>\n<p data-start=\"377\" data-end=\"514\">Je tiefer sie in das unwegsame Gel\u00e4nde vordringen, desto klarer wird:<br data-start=\"446\" data-end=\"449\" \/>Hier jagt etwas, das niemand verstehen kann. Und keiner entkommt.<\/p>\n<p data-start=\"516\" data-end=\"599\">Ein intensiver Survival-Actionfilm voller Spannung, Gefahr und d\u00fcsterer Atmosph\u00e4re.<\/p>\n<p data-start=\"601\" data-end=\"643\"><img decoding=\"async\" class=\"emoji\" role=\"img\" draggable=\"false\" src=\"https:\/\/s.w.org\/images\/core\/emoji\/17.0.2\/svg\/1f50a.svg\" alt=\"\ud83d\udd0a\" \/>\u00a0<strong data-start=\"604\" data-end=\"615\">Format:<\/strong>\u00a0Video\/Action-Thriller (MP4)<\/p>\n<p data-start=\"645\" data-end=\"794\"><img decoding=\"async\" class=\"emoji\" role=\"img\" draggable=\"false\" src=\"https:\/\/s.w.org\/images\/core\/emoji\/17.0.2\/svg\/2b07.svg\" alt=\"\u2b07\ufe0f\" \/>\u00a0Sofortiger Download f\u00fcr Handy<br data-start=\"677\" data-end=\"680\" \/><img decoding=\"async\" class=\"emoji\" role=\"img\" draggable=\"false\" src=\"https:\/\/s.w.org\/images\/core\/emoji\/17.0.2\/svg\/2b07.svg\" alt=\"\u2b07\ufe0f\" \/>\u00a0Sofortiger Download f\u00fcr PC<br data-start=\"709\" data-end=\"712\" \/><img decoding=\"async\" class=\"emoji\" role=\"img\" draggable=\"false\" src=\"https:\/\/s.w.org\/images\/core\/emoji\/17.0.2\/svg\/2b07.svg\" alt=\"\u2b07\ufe0f\" \/>\u00a0Sofortiger Download f\u00fcrs Tablet<br data-start=\"746\" data-end=\"749\" \/><img decoding=\"async\" class=\"emoji\" role=\"img\" draggable=\"false\" src=\"https:\/\/s.w.org\/images\/core\/emoji\/17.0.2\/svg\/2b07.svg\" alt=\"\u2b07\ufe0f\" \/>\u00a0Kompatibel mit allen MP4-f\u00e4higen Ger\u00e4ten<\/p>\n<p data-start=\"796\" data-end=\"854\" data-is-last-node=\"\" data-is-only-node=\"\"><strong data-start=\"796\" data-end=\"854\" data-is-last-node=\"\"><img decoding=\"async\" class=\"emoji\" role=\"img\" draggable=\"false\" src=\"https:\/\/s.w.org\/images\/core\/emoji\/17.0.2\/svg\/1f449.svg\" alt=\"\ud83d\udc49\" \/>\u00a0Einmal gekauft \u2013 jederzeit und unbegrenzt abrufbar!<\/strong><\/p>","protected":false},"excerpt":{"rendered":"<p>\u00a0Video Savage Hunt \u2013 Blutige Jagd In\u00a0\u201eSavage Hunt \u2013 Blutige Jagd\u201c\u00a0geraten eine Gruppe Abenteurer und Wildnis-Experten in ein abgelegenes Jagdgebiet, das sich schnell als t\u00f6dliche Falle entpuppt.Was als gew\u00f6hnliche Expedition beginnt, entwickelt sich zu einem brutalen \u00dcberlebenskampf, als ein unsichtbarer Feind zuschl\u00e4gt \u2013 gnadenlos, pr\u00e4zise und ohne jede Spur. Je tiefer sie in das unwegsame [&hellip;]<\/p>\n","protected":false},"featured_media":2991,"comment_status":"open","ping_status":"closed","template":"","meta":[],"product_brand":[],"product_cat":[54,50,55],"product_tag":[],"class_list":{"0":"post-2974","1":"product","2":"type-product","3":"status-publish","4":"has-post-thumbnail","6":"product_cat-action","7":"product_cat-aktuelle-filme-2025","8":"product_cat-thriller","10":"first","11":"instock","12":"sale","13":"virtual","14":"purchasable","15":"product-type-simple"},"jetpack_sharing_enabled":true,"_links":{"self":[{"href":"https:\/\/audiobook-24.com\/en\/wp-json\/wp\/v2\/product\/2974","targetHints":{"allow":["GET"]}}],"collection":[{"href":"https:\/\/audiobook-24.com\/en\/wp-json\/wp\/v2\/product"}],"about":[{"href":"https:\/\/audiobook-24.com\/en\/wp-json\/wp\/v2\/types\/product"}],"replies":[{"embeddable":true,"href":"https:\/\/audiobook-24.com\/en\/wp-json\/wp\/v2\/comments?post=2974"}],"wp:featuredmedia":[{"embeddable":true,"href":"https:\/\/audiobook-24.com\/en\/wp-json\/wp\/v2\/media\/2991"}],"wp:attachment":[{"href":"https:\/\/audiobook-24.com\/en\/wp-json\/wp\/v2\/media?parent=2974"}],"wp:term":[{"taxonomy":"product_brand","embeddable":true,"href":"https:\/\/audiobook-24.com\/en\/wp-json\/wp\/v2\/product_brand?post=2974"},{"taxonomy":"product_cat","embeddable":true,"href":"https:\/\/audiobook-24.com\/en\/wp-json\/wp\/v2\/product_cat?post=2974"},{"taxonomy":"product_tag","embeddable":true,"href":"https:\/\/audiobook-24.com\/en\/wp-json\/wp\/v2\/product_tag?post=2974"}],"curies":[{"name":"wp","href":"https:\/\/api.w.org\/{rel}","templated":true}]}}