{"id":2972,"date":"2026-02-16T06:00:51","date_gmt":"2026-02-16T06:00:51","guid":{"rendered":"https:\/\/audiobook-24.com\/?post_type=product&#038;p=2972"},"modified":"2026-02-16T06:00:53","modified_gmt":"2026-02-16T06:00:53","slug":"%f0%9f%8e%ac-video-mantis-2025","status":"publish","type":"product","link":"https:\/\/audiobook-24.com\/en\/product\/%f0%9f%8e%ac-video-mantis-2025\/","title":{"rendered":"\ud83c\udfac Video Mantis (2025)"},"content":{"rendered":"<h2 data-start=\"0\" data-end=\"27\"><img decoding=\"async\" class=\"emoji\" role=\"img\" draggable=\"false\" src=\"https:\/\/s.w.org\/images\/core\/emoji\/17.0.2\/svg\/1f3ac.svg\" alt=\"\ud83c\udfac\" \/>\u00a0Video Mantis (2025)<\/h2>\n<p data-start=\"29\" data-end=\"313\">In\u00a0<strong data-start=\"32\" data-end=\"51\">\u201eMantis (2025)\u201c<\/strong>\u00a0erwacht eine uralte, t\u00f6dliche Kreatur zum Leben: Eine riesige Gottesanbeterin terrorisiert eine abgelegene Stadt.<br data-start=\"165\" data-end=\"168\" \/>Wissenschaftler, Soldaten und gew\u00f6hnliche B\u00fcrger m\u00fcssen zusammenarbeiten, um der Kreatur zu entkommen und ihre zerst\u00f6rerische Kraft zu stoppen.<\/p>\n<p data-start=\"315\" data-end=\"482\">Spannung, Nervenkitzel und actionreiche Szenen verbinden sich mit d\u00fcsterer Atmosph\u00e4re zu einem packenden Monster-Thriller, der Fans von Creature-Features begeistert.<\/p>\n<p data-start=\"484\" data-end=\"526\"><img decoding=\"async\" class=\"emoji\" role=\"img\" draggable=\"false\" src=\"https:\/\/s.w.org\/images\/core\/emoji\/17.0.2\/svg\/1f50a.svg\" alt=\"\ud83d\udd0a\" \/>\u00a0<strong data-start=\"487\" data-end=\"498\">Format:<\/strong>\u00a0Video\/Action\/Horror (MP4)<\/p>\n<p data-start=\"528\" data-end=\"677\"><img decoding=\"async\" class=\"emoji\" role=\"img\" draggable=\"false\" src=\"https:\/\/s.w.org\/images\/core\/emoji\/17.0.2\/svg\/2b07.svg\" alt=\"\u2b07\ufe0f\" \/>\u00a0Sofortiger Download f\u00fcr Handy<br data-start=\"560\" data-end=\"563\" \/><img decoding=\"async\" class=\"emoji\" role=\"img\" draggable=\"false\" src=\"https:\/\/s.w.org\/images\/core\/emoji\/17.0.2\/svg\/2b07.svg\" alt=\"\u2b07\ufe0f\" \/>\u00a0Sofortiger Download f\u00fcr PC<br data-start=\"592\" data-end=\"595\" \/><img decoding=\"async\" class=\"emoji\" role=\"img\" draggable=\"false\" src=\"https:\/\/s.w.org\/images\/core\/emoji\/17.0.2\/svg\/2b07.svg\" alt=\"\u2b07\ufe0f\" \/>\u00a0Sofortiger Download f\u00fcrs Tablet<br data-start=\"629\" data-end=\"632\" \/><img decoding=\"async\" class=\"emoji\" role=\"img\" draggable=\"false\" src=\"https:\/\/s.w.org\/images\/core\/emoji\/17.0.2\/svg\/2b07.svg\" alt=\"\u2b07\ufe0f\" \/>\u00a0Kompatibel mit allen MP4-f\u00e4higen Ger\u00e4ten<\/p>\n<p data-start=\"679\" data-end=\"737\" data-is-last-node=\"\" data-is-only-node=\"\"><strong data-start=\"679\" data-end=\"737\" data-is-last-node=\"\"><img decoding=\"async\" class=\"emoji\" role=\"img\" draggable=\"false\" src=\"https:\/\/s.w.org\/images\/core\/emoji\/17.0.2\/svg\/1f449.svg\" alt=\"\ud83d\udc49\" \/>\u00a0Einmal gekauft \u2013 jederzeit und unbegrenzt abrufbar!<\/strong><\/p>","protected":false},"excerpt":{"rendered":"<p>\u00a0Video Mantis (2025) In\u00a0\u201eMantis (2025)\u201c\u00a0erwacht eine uralte, t\u00f6dliche Kreatur zum Leben: Eine riesige Gottesanbeterin terrorisiert eine abgelegene Stadt.Wissenschaftler, Soldaten und gew\u00f6hnliche B\u00fcrger m\u00fcssen zusammenarbeiten, um der Kreatur zu entkommen und ihre zerst\u00f6rerische Kraft zu stoppen. Spannung, Nervenkitzel und actionreiche Szenen verbinden sich mit d\u00fcsterer Atmosph\u00e4re zu einem packenden Monster-Thriller, der Fans von Creature-Features begeistert. \u00a0Format:\u00a0Video\/Action\/Horror [&hellip;]<\/p>\n","protected":false},"featured_media":3008,"comment_status":"open","ping_status":"closed","template":"","meta":[],"product_brand":[],"product_cat":[54,50,56,55],"product_tag":[],"class_list":{"0":"post-2972","1":"product","2":"type-product","3":"status-publish","4":"has-post-thumbnail","6":"product_cat-action","7":"product_cat-aktuelle-filme-2025","8":"product_cat-grusel-horror","9":"product_cat-thriller","11":"first","12":"instock","13":"sale","14":"virtual","15":"purchasable","16":"product-type-simple"},"jetpack_sharing_enabled":true,"_links":{"self":[{"href":"https:\/\/audiobook-24.com\/en\/wp-json\/wp\/v2\/product\/2972","targetHints":{"allow":["GET"]}}],"collection":[{"href":"https:\/\/audiobook-24.com\/en\/wp-json\/wp\/v2\/product"}],"about":[{"href":"https:\/\/audiobook-24.com\/en\/wp-json\/wp\/v2\/types\/product"}],"replies":[{"embeddable":true,"href":"https:\/\/audiobook-24.com\/en\/wp-json\/wp\/v2\/comments?post=2972"}],"wp:featuredmedia":[{"embeddable":true,"href":"https:\/\/audiobook-24.com\/en\/wp-json\/wp\/v2\/media\/3008"}],"wp:attachment":[{"href":"https:\/\/audiobook-24.com\/en\/wp-json\/wp\/v2\/media?parent=2972"}],"wp:term":[{"taxonomy":"product_brand","embeddable":true,"href":"https:\/\/audiobook-24.com\/en\/wp-json\/wp\/v2\/product_brand?post=2972"},{"taxonomy":"product_cat","embeddable":true,"href":"https:\/\/audiobook-24.com\/en\/wp-json\/wp\/v2\/product_cat?post=2972"},{"taxonomy":"product_tag","embeddable":true,"href":"https:\/\/audiobook-24.com\/en\/wp-json\/wp\/v2\/product_tag?post=2972"}],"curies":[{"name":"wp","href":"https:\/\/api.w.org\/{rel}","templated":true}]}}