{"id":2965,"date":"2026-02-16T05:10:27","date_gmt":"2026-02-16T05:10:27","guid":{"rendered":"https:\/\/audiobook-24.com\/?post_type=product&#038;p=2965"},"modified":"2026-02-16T05:10:28","modified_gmt":"2026-02-16T05:10:28","slug":"%f0%9f%8e%ac-video-anaconda-2025-german","status":"publish","type":"product","link":"https:\/\/audiobook-24.com\/en\/product\/%f0%9f%8e%ac-video-anaconda-2025-german\/","title":{"rendered":"\ud83c\udfac Video Anaconda (2025) \u2013 German"},"content":{"rendered":"<p data-start=\"0\" data-end=\"37\"><img decoding=\"async\" class=\"emoji\" role=\"img\" draggable=\"false\" src=\"https:\/\/s.w.org\/images\/core\/emoji\/17.0.2\/svg\/1f3ac.svg\" alt=\"\ud83c\udfac\" \/>\u00a0<strong data-start=\"3\" data-end=\"37\">Video Anaconda (2025) \u2013 German<\/strong><\/p>\n<p data-start=\"39\" data-end=\"336\">\u201e<strong data-start=\"40\" data-end=\"59\">Anaconda (2025)<\/strong>\u201c ist ein nervenaufreibender Survival-Thriller, der die Zuschauer tief in einen t\u00f6dlichen Dschungel voller Gefahren entf\u00fchrt.<br data-start=\"184\" data-end=\"187\" \/>Was als Expedition beginnt, entwickelt sich schnell zu einem brutalen Kampf ums \u00dcberleben, als eine gigantische Bedrohung aus dem Schatten zuschl\u00e4gt.<\/p>\n<p data-start=\"338\" data-end=\"574\">Der Film setzt auf dichte Atmosph\u00e4re, klaustrophobische Spannung und gnadenlose Naturgewalt.<br data-start=\"430\" data-end=\"433\" \/>Mit jeder Minute steigt der Druck, w\u00e4hrend Angst, Panik und Instinkt die Kontrolle \u00fcbernehmen \u2013 denn im Dickicht lauert ein J\u00e4ger ohne Gnade.<\/p>\n<p data-start=\"576\" data-end=\"629\">Ein intensives Abenteuer voller Spannung und Urangst.<\/p>\n<p data-start=\"631\" data-end=\"840\"><strong data-start=\"631\" data-end=\"651\">Erwartet werden:<\/strong><br \/>\n<img decoding=\"async\" class=\"emoji\" role=\"img\" draggable=\"false\" src=\"https:\/\/s.w.org\/images\/core\/emoji\/17.0.2\/svg\/1f40d.svg\" alt=\"\ud83d\udc0d\" \/>\u00a0Riesige Kreatur &amp; permanente Bedrohung<br data-start=\"693\" data-end=\"696\" \/><img decoding=\"async\" class=\"emoji\" role=\"img\" draggable=\"false\" src=\"https:\/\/s.w.org\/images\/core\/emoji\/17.0.2\/svg\/1f334.svg\" alt=\"\ud83c\udf34\" \/>\u00a0Dschungel-Setting &amp; extreme \u00dcberlebenssituationen<br data-start=\"748\" data-end=\"751\" \/><img decoding=\"async\" class=\"emoji\" role=\"img\" draggable=\"false\" src=\"https:\/\/s.w.org\/images\/core\/emoji\/17.0.2\/svg\/1f525.svg\" alt=\"\ud83d\udd25\" \/>\u00a0Hochspannung &amp; nervenaufreibende Szenen<br data-start=\"793\" data-end=\"796\" \/><img decoding=\"async\" class=\"emoji\" role=\"img\" draggable=\"false\" src=\"https:\/\/s.w.org\/images\/core\/emoji\/17.0.2\/svg\/1f9e0.svg\" alt=\"\ud83e\udde0\" \/>\u00a0Kampf zwischen Mensch, Natur &amp; Instinkt<\/p>\n<p data-start=\"842\" data-end=\"923\">Ein packendes Filmerlebnis f\u00fcr Fans von Creature-Features und Survival-Thrillern.<\/p>\n<p data-start=\"925\" data-end=\"990\"><img decoding=\"async\" class=\"emoji\" role=\"img\" draggable=\"false\" src=\"https:\/\/s.w.org\/images\/core\/emoji\/17.0.2\/svg\/1f50a.svg\" alt=\"\ud83d\udd0a\" \/>\u00a0<strong data-start=\"928\" data-end=\"939\">Format:<\/strong>\u00a0Video \/ Film \/ Thriller \/ Horror \/ Abenteuer (MP4)<\/p>\n<p data-start=\"992\" data-end=\"1141\"><img decoding=\"async\" class=\"emoji\" role=\"img\" draggable=\"false\" src=\"https:\/\/s.w.org\/images\/core\/emoji\/17.0.2\/svg\/2b07.svg\" alt=\"\u2b07\ufe0f\" \/>\u00a0Sofortiger Download f\u00fcr Handy<br data-start=\"1024\" data-end=\"1027\" \/><img decoding=\"async\" class=\"emoji\" role=\"img\" draggable=\"false\" src=\"https:\/\/s.w.org\/images\/core\/emoji\/17.0.2\/svg\/2b07.svg\" alt=\"\u2b07\ufe0f\" \/>\u00a0Sofortiger Download f\u00fcr PC<br data-start=\"1056\" data-end=\"1059\" \/><img decoding=\"async\" class=\"emoji\" role=\"img\" draggable=\"false\" src=\"https:\/\/s.w.org\/images\/core\/emoji\/17.0.2\/svg\/2b07.svg\" alt=\"\u2b07\ufe0f\" \/>\u00a0Sofortiger Download f\u00fcrs Tablet<br data-start=\"1093\" data-end=\"1096\" \/><img decoding=\"async\" class=\"emoji\" role=\"img\" draggable=\"false\" src=\"https:\/\/s.w.org\/images\/core\/emoji\/17.0.2\/svg\/2b07.svg\" alt=\"\u2b07\ufe0f\" \/>\u00a0Kompatibel mit allen MP4-f\u00e4higen Ger\u00e4ten<\/p>\n<p data-start=\"1143\" data-end=\"1183\" data-is-last-node=\"\" data-is-only-node=\"\"><strong data-start=\"1143\" data-end=\"1183\" data-is-last-node=\"\"><img decoding=\"async\" class=\"emoji\" role=\"img\" draggable=\"false\" src=\"https:\/\/s.w.org\/images\/core\/emoji\/17.0.2\/svg\/1f449.svg\" alt=\"\ud83d\udc49\" \/>\u00a0Einmal gekauft \u2013 f\u00fcr immer deins!<\/strong><\/p>","protected":false},"excerpt":{"rendered":"<p>\u00a0Video Anaconda (2025) \u2013 German \u201eAnaconda (2025)\u201c ist ein nervenaufreibender Survival-Thriller, der die Zuschauer tief in einen t\u00f6dlichen Dschungel voller Gefahren entf\u00fchrt.Was als Expedition beginnt, entwickelt sich schnell zu einem brutalen Kampf ums \u00dcberleben, als eine gigantische Bedrohung aus dem Schatten zuschl\u00e4gt. Der Film setzt auf dichte Atmosph\u00e4re, klaustrophobische Spannung und gnadenlose Naturgewalt.Mit jeder Minute [&hellip;]<\/p>\n","protected":false},"featured_media":2969,"comment_status":"open","ping_status":"closed","template":"","meta":[],"product_brand":[],"product_cat":[54,50,59,56,55],"product_tag":[],"class_list":{"0":"post-2965","1":"product","2":"type-product","3":"status-publish","4":"has-post-thumbnail","6":"product_cat-action","7":"product_cat-aktuelle-filme-2025","8":"product_cat-filme","9":"product_cat-grusel-horror","10":"product_cat-thriller","12":"first","13":"instock","14":"sale","15":"virtual","16":"purchasable","17":"product-type-simple"},"jetpack_sharing_enabled":true,"_links":{"self":[{"href":"https:\/\/audiobook-24.com\/en\/wp-json\/wp\/v2\/product\/2965","targetHints":{"allow":["GET"]}}],"collection":[{"href":"https:\/\/audiobook-24.com\/en\/wp-json\/wp\/v2\/product"}],"about":[{"href":"https:\/\/audiobook-24.com\/en\/wp-json\/wp\/v2\/types\/product"}],"replies":[{"embeddable":true,"href":"https:\/\/audiobook-24.com\/en\/wp-json\/wp\/v2\/comments?post=2965"}],"wp:featuredmedia":[{"embeddable":true,"href":"https:\/\/audiobook-24.com\/en\/wp-json\/wp\/v2\/media\/2969"}],"wp:attachment":[{"href":"https:\/\/audiobook-24.com\/en\/wp-json\/wp\/v2\/media?parent=2965"}],"wp:term":[{"taxonomy":"product_brand","embeddable":true,"href":"https:\/\/audiobook-24.com\/en\/wp-json\/wp\/v2\/product_brand?post=2965"},{"taxonomy":"product_cat","embeddable":true,"href":"https:\/\/audiobook-24.com\/en\/wp-json\/wp\/v2\/product_cat?post=2965"},{"taxonomy":"product_tag","embeddable":true,"href":"https:\/\/audiobook-24.com\/en\/wp-json\/wp\/v2\/product_tag?post=2965"}],"curies":[{"name":"wp","href":"https:\/\/api.w.org\/{rel}","templated":true}]}}