{"id":2964,"date":"2026-02-16T05:13:18","date_gmt":"2026-02-16T05:13:18","guid":{"rendered":"https:\/\/audiobook-24.com\/?post_type=product&#038;p=2964"},"modified":"2026-02-16T05:13:18","modified_gmt":"2026-02-16T05:13:18","slug":"%f0%9f%8e%ac-video-angels-fallen-warriors-of-peace-2025-german","status":"publish","type":"product","link":"https:\/\/audiobook-24.com\/en\/product\/%f0%9f%8e%ac-video-angels-fallen-warriors-of-peace-2025-german\/","title":{"rendered":"\ud83c\udfac Video Angels Fallen \u2013 Warriors of Peace (2025) \u2013 German"},"content":{"rendered":"<p data-start=\"0\" data-end=\"62\"><img decoding=\"async\" class=\"emoji\" role=\"img\" draggable=\"false\" src=\"https:\/\/s.w.org\/images\/core\/emoji\/17.0.2\/svg\/1f3ac.svg\" alt=\"\ud83c\udfac\" \/>\u00a0<strong data-start=\"3\" data-end=\"62\">Video Angels Fallen \u2013 Warriors of Peace (2025) \u2013 German<\/strong><\/p>\n<p data-start=\"64\" data-end=\"389\">\u201e<strong data-start=\"65\" data-end=\"109\">Angels Fallen \u2013 Warriors of Peace (2025)<\/strong>\u201c ist ein actiongeladener Fantasy-Thriller, der himmlische M\u00e4chte, uralte Prophezeiungen und gnadenlose K\u00e4mpfe miteinander verbindet.<br data-start=\"242\" data-end=\"245\" \/>Wenn gefallene Engel auf die Erde zur\u00fcckkehren, um einen letzten Krieg auszutragen, steht das Gleichgewicht zwischen Gut und B\u00f6se auf dem Spiel.<\/p>\n<p data-start=\"391\" data-end=\"666\">Der Film \u00fcberzeugt mit d\u00fcsterer Atmosph\u00e4re, epischen Schlachten und einer Geschichte \u00fcber Opfer, Erl\u00f6sung und den Preis des Friedens.<br data-start=\"524\" data-end=\"527\" \/>Zwischen \u00fcbernat\u00fcrlicher Gewalt, mystischen Kr\u00e4ften und moralischen Entscheidungen entfaltet sich ein intensives Abenteuer voller Spannung.<\/p>\n<p data-start=\"668\" data-end=\"727\">Ein kraftvolles Fantasy-Erlebnis mit apokalyptischem Flair.<\/p>\n<p data-start=\"729\" data-end=\"918\"><strong data-start=\"729\" data-end=\"749\">Erwartet werden:<\/strong><br \/>\n<img decoding=\"async\" class=\"emoji\" role=\"img\" draggable=\"false\" src=\"https:\/\/s.w.org\/images\/core\/emoji\/17.0.2\/svg\/1f607.svg\" alt=\"\ud83d\ude07\" \/>\u00a0Gefallene Engel &amp; \u00fcbernat\u00fcrliche M\u00e4chte<br data-start=\"792\" data-end=\"795\" \/><img decoding=\"async\" class=\"emoji\" role=\"img\" draggable=\"false\" src=\"https:\/\/s.w.org\/images\/core\/emoji\/17.0.2\/svg\/2694.svg\" alt=\"\u2694\ufe0f\" \/>\u00a0Harte K\u00e4mpfe &amp; epische Action<br data-start=\"827\" data-end=\"830\" \/><img decoding=\"async\" class=\"emoji\" role=\"img\" draggable=\"false\" src=\"https:\/\/s.w.org\/images\/core\/emoji\/17.0.2\/svg\/1f525.svg\" alt=\"\ud83d\udd25\" \/>\u00a0Dunkle Fantasy &amp; apokalyptische Stimmung<br data-start=\"873\" data-end=\"876\" \/><img decoding=\"async\" class=\"emoji\" role=\"img\" draggable=\"false\" src=\"https:\/\/s.w.org\/images\/core\/emoji\/17.0.2\/svg\/1f9e0.svg\" alt=\"\ud83e\udde0\" \/>\u00a0Themen wie Erl\u00f6sung, Schuld &amp; Frieden<\/p>\n<p data-start=\"920\" data-end=\"997\">Ein packender Film f\u00fcr Fans von Action, Fantasy und d\u00fcsteren Endzeit-Stoffen.<\/p>\n<p data-start=\"999\" data-end=\"1062\"><img decoding=\"async\" class=\"emoji\" role=\"img\" draggable=\"false\" src=\"https:\/\/s.w.org\/images\/core\/emoji\/17.0.2\/svg\/1f50a.svg\" alt=\"\ud83d\udd0a\" \/>\u00a0<strong data-start=\"1002\" data-end=\"1013\">Format:<\/strong>\u00a0Video \/ Film \/ Action \/ Fantasy \/ Thriller (MP4)<\/p>\n<p data-start=\"1064\" data-end=\"1213\"><img decoding=\"async\" class=\"emoji\" role=\"img\" draggable=\"false\" src=\"https:\/\/s.w.org\/images\/core\/emoji\/17.0.2\/svg\/2b07.svg\" alt=\"\u2b07\ufe0f\" \/>\u00a0Sofortiger Download f\u00fcr Handy<br data-start=\"1096\" data-end=\"1099\" \/><img decoding=\"async\" class=\"emoji\" role=\"img\" draggable=\"false\" src=\"https:\/\/s.w.org\/images\/core\/emoji\/17.0.2\/svg\/2b07.svg\" alt=\"\u2b07\ufe0f\" \/>\u00a0Sofortiger Download f\u00fcr PC<br data-start=\"1128\" data-end=\"1131\" \/><img decoding=\"async\" class=\"emoji\" role=\"img\" draggable=\"false\" src=\"https:\/\/s.w.org\/images\/core\/emoji\/17.0.2\/svg\/2b07.svg\" alt=\"\u2b07\ufe0f\" \/>\u00a0Sofortiger Download f\u00fcrs Tablet<br data-start=\"1165\" data-end=\"1168\" \/><img decoding=\"async\" class=\"emoji\" role=\"img\" draggable=\"false\" src=\"https:\/\/s.w.org\/images\/core\/emoji\/17.0.2\/svg\/2b07.svg\" alt=\"\u2b07\ufe0f\" \/>\u00a0Kompatibel mit allen MP4-f\u00e4higen Ger\u00e4ten<\/p>\n<p data-start=\"1215\" data-end=\"1255\" data-is-last-node=\"\" data-is-only-node=\"\"><strong data-start=\"1215\" data-end=\"1255\" data-is-last-node=\"\"><img decoding=\"async\" class=\"emoji\" role=\"img\" draggable=\"false\" src=\"https:\/\/s.w.org\/images\/core\/emoji\/17.0.2\/svg\/1f449.svg\" alt=\"\ud83d\udc49\" \/>\u00a0Einmal gekauft \u2013 f\u00fcr immer deins!<\/strong><\/p>","protected":false},"excerpt":{"rendered":"<p>\u00a0Video Angels Fallen \u2013 Warriors of Peace (2025) \u2013 German \u201eAngels Fallen \u2013 Warriors of Peace (2025)\u201c ist ein actiongeladener Fantasy-Thriller, der himmlische M\u00e4chte, uralte Prophezeiungen und gnadenlose K\u00e4mpfe miteinander verbindet.Wenn gefallene Engel auf die Erde zur\u00fcckkehren, um einen letzten Krieg auszutragen, steht das Gleichgewicht zwischen Gut und B\u00f6se auf dem Spiel. Der Film \u00fcberzeugt [&hellip;]<\/p>\n","protected":false},"featured_media":2970,"comment_status":"open","ping_status":"closed","template":"","meta":[],"product_brand":[],"product_cat":[54,50,58,57,55],"product_tag":[],"class_list":{"0":"post-2964","1":"product","2":"type-product","3":"status-publish","4":"has-post-thumbnail","6":"product_cat-action","7":"product_cat-aktuelle-filme-2025","8":"product_cat-krimi","9":"product_cat-science-fiction","10":"product_cat-thriller","12":"first","13":"instock","14":"sale","15":"virtual","16":"purchasable","17":"product-type-simple"},"jetpack_sharing_enabled":true,"_links":{"self":[{"href":"https:\/\/audiobook-24.com\/en\/wp-json\/wp\/v2\/product\/2964","targetHints":{"allow":["GET"]}}],"collection":[{"href":"https:\/\/audiobook-24.com\/en\/wp-json\/wp\/v2\/product"}],"about":[{"href":"https:\/\/audiobook-24.com\/en\/wp-json\/wp\/v2\/types\/product"}],"replies":[{"embeddable":true,"href":"https:\/\/audiobook-24.com\/en\/wp-json\/wp\/v2\/comments?post=2964"}],"wp:featuredmedia":[{"embeddable":true,"href":"https:\/\/audiobook-24.com\/en\/wp-json\/wp\/v2\/media\/2970"}],"wp:attachment":[{"href":"https:\/\/audiobook-24.com\/en\/wp-json\/wp\/v2\/media?parent=2964"}],"wp:term":[{"taxonomy":"product_brand","embeddable":true,"href":"https:\/\/audiobook-24.com\/en\/wp-json\/wp\/v2\/product_brand?post=2964"},{"taxonomy":"product_cat","embeddable":true,"href":"https:\/\/audiobook-24.com\/en\/wp-json\/wp\/v2\/product_cat?post=2964"},{"taxonomy":"product_tag","embeddable":true,"href":"https:\/\/audiobook-24.com\/en\/wp-json\/wp\/v2\/product_tag?post=2964"}],"curies":[{"name":"wp","href":"https:\/\/api.w.org\/{rel}","templated":true}]}}