{"id":2962,"date":"2026-02-16T05:23:34","date_gmt":"2026-02-16T05:23:34","guid":{"rendered":"https:\/\/audiobook-24.com\/?post_type=product&#038;p=2962"},"modified":"2026-02-16T05:23:34","modified_gmt":"2026-02-16T05:23:34","slug":"%f0%9f%8e%ac-the-fantastic-4-2025","status":"publish","type":"product","link":"https:\/\/audiobook-24.com\/en\/product\/%f0%9f%8e%ac-the-fantastic-4-2025\/","title":{"rendered":"\ud83c\udfac the.fantastic.4 2025"},"content":{"rendered":"<h2 data-start=\"118\" data-end=\"144\"><img decoding=\"async\" class=\"emoji\" role=\"img\" draggable=\"false\" src=\"https:\/\/s.w.org\/images\/core\/emoji\/17.0.2\/svg\/1f3ac.svg\" alt=\"\ud83c\udfac\" \/>\u00a0the.fantastic.4 2025<\/h2>\n<p data-start=\"146\" data-end=\"551\">Ein neues, actiongeladenes Abenteuer der Fantastic Four:<br data-start=\"202\" data-end=\"205\" \/>Die vier Helden stehen vor ihrer bisher gr\u00f6\u00dften Herausforderung, als eine gewaltige Bedrohung aus einer fremden Dimension auftaucht. Mit ihren einzigartigen Kr\u00e4ften, Mut und Teamgeist stellen sie sich einem Gegner, der die gesamte Welt ins Chaos st\u00fcrzen k\u00f6nnte.<br data-start=\"466\" data-end=\"469\" \/>Spannung, Effekte und packende Story in einem modernen 2025-Update der Kulthelden.<\/p>\n<p data-start=\"553\" data-end=\"588\"><img decoding=\"async\" class=\"emoji\" role=\"img\" draggable=\"false\" src=\"https:\/\/s.w.org\/images\/core\/emoji\/17.0.2\/svg\/1f50a.svg\" alt=\"\ud83d\udd0a\" \/>\u00a0<strong data-start=\"556\" data-end=\"567\">Format:<\/strong>\u00a0Video\/H\u00f6rspiel (MP4)<\/p>\n<p data-start=\"590\" data-end=\"739\"><img decoding=\"async\" class=\"emoji\" role=\"img\" draggable=\"false\" src=\"https:\/\/s.w.org\/images\/core\/emoji\/17.0.2\/svg\/2b07.svg\" alt=\"\u2b07\ufe0f\" \/>\u00a0Sofortiger Download f\u00fcr Handy<br data-start=\"622\" data-end=\"625\" \/><img decoding=\"async\" class=\"emoji\" role=\"img\" draggable=\"false\" src=\"https:\/\/s.w.org\/images\/core\/emoji\/17.0.2\/svg\/2b07.svg\" alt=\"\u2b07\ufe0f\" \/>\u00a0Sofortiger Download f\u00fcr PC<br data-start=\"654\" data-end=\"657\" \/><img decoding=\"async\" class=\"emoji\" role=\"img\" draggable=\"false\" src=\"https:\/\/s.w.org\/images\/core\/emoji\/17.0.2\/svg\/2b07.svg\" alt=\"\u2b07\ufe0f\" \/>\u00a0Sofortiger Download f\u00fcrs Tablet<br data-start=\"691\" data-end=\"694\" \/><img decoding=\"async\" class=\"emoji\" role=\"img\" draggable=\"false\" src=\"https:\/\/s.w.org\/images\/core\/emoji\/17.0.2\/svg\/2b07.svg\" alt=\"\u2b07\ufe0f\" \/>\u00a0Kompatibel mit allen MP4-f\u00e4higen Ger\u00e4ten<\/p>\n<p data-start=\"741\" data-end=\"799\"><strong data-start=\"741\" data-end=\"799\"><img decoding=\"async\" class=\"emoji\" role=\"img\" draggable=\"false\" src=\"https:\/\/s.w.org\/images\/core\/emoji\/17.0.2\/svg\/1f449.svg\" alt=\"\ud83d\udc49\" \/>\u00a0Einmal gekauft \u2013 jederzeit und unbegrenzt abrufbar!<\/strong><\/p>","protected":false},"excerpt":{"rendered":"<p>\u00a0the.fantastic.4 2025 Ein neues, actiongeladenes Abenteuer der Fantastic Four:Die vier Helden stehen vor ihrer bisher gr\u00f6\u00dften Herausforderung, als eine gewaltige Bedrohung aus einer fremden Dimension auftaucht. Mit ihren einzigartigen Kr\u00e4ften, Mut und Teamgeist stellen sie sich einem Gegner, der die gesamte Welt ins Chaos st\u00fcrzen k\u00f6nnte.Spannung, Effekte und packende Story in einem modernen 2025-Update der [&hellip;]<\/p>\n","protected":false},"featured_media":2982,"comment_status":"open","ping_status":"closed","template":"","meta":[],"product_brand":[],"product_cat":[54,50],"product_tag":[],"class_list":{"0":"post-2962","1":"product","2":"type-product","3":"status-publish","4":"has-post-thumbnail","6":"product_cat-action","7":"product_cat-aktuelle-filme-2025","9":"first","10":"instock","11":"sale","12":"virtual","13":"purchasable","14":"product-type-simple"},"jetpack_sharing_enabled":true,"_links":{"self":[{"href":"https:\/\/audiobook-24.com\/en\/wp-json\/wp\/v2\/product\/2962","targetHints":{"allow":["GET"]}}],"collection":[{"href":"https:\/\/audiobook-24.com\/en\/wp-json\/wp\/v2\/product"}],"about":[{"href":"https:\/\/audiobook-24.com\/en\/wp-json\/wp\/v2\/types\/product"}],"replies":[{"embeddable":true,"href":"https:\/\/audiobook-24.com\/en\/wp-json\/wp\/v2\/comments?post=2962"}],"wp:featuredmedia":[{"embeddable":true,"href":"https:\/\/audiobook-24.com\/en\/wp-json\/wp\/v2\/media\/2982"}],"wp:attachment":[{"href":"https:\/\/audiobook-24.com\/en\/wp-json\/wp\/v2\/media?parent=2962"}],"wp:term":[{"taxonomy":"product_brand","embeddable":true,"href":"https:\/\/audiobook-24.com\/en\/wp-json\/wp\/v2\/product_brand?post=2962"},{"taxonomy":"product_cat","embeddable":true,"href":"https:\/\/audiobook-24.com\/en\/wp-json\/wp\/v2\/product_cat?post=2962"},{"taxonomy":"product_tag","embeddable":true,"href":"https:\/\/audiobook-24.com\/en\/wp-json\/wp\/v2\/product_tag?post=2962"}],"curies":[{"name":"wp","href":"https:\/\/api.w.org\/{rel}","templated":true}]}}