{"id":2950,"date":"2026-02-16T04:29:05","date_gmt":"2026-02-16T04:29:05","guid":{"rendered":"https:\/\/audiobook-24.com\/?post_type=product&#038;p=2950"},"modified":"2026-02-16T04:30:59","modified_gmt":"2026-02-16T04:30:59","slug":"%f0%9f%8e%ac-video-der-faelscher-2026-german","status":"publish","type":"product","link":"https:\/\/audiobook-24.com\/en\/product\/%f0%9f%8e%ac-video-der-faelscher-2026-german\/","title":{"rendered":"\ud83c\udfac Video Der F\u00e4lscher (2026) \u2013 German"},"content":{"rendered":"<p data-start=\"0\" data-end=\"41\"><img decoding=\"async\" class=\"emoji\" role=\"img\" draggable=\"false\" src=\"https:\/\/s.w.org\/images\/core\/emoji\/17.0.2\/svg\/1f3ac.svg\" alt=\"\ud83c\udfac\" \/>\u00a0<strong data-start=\"3\" data-end=\"41\">Video Der F\u00e4lscher (2026) \u2013 German<\/strong><\/p>\n<p data-start=\"43\" data-end=\"345\">\u201e<strong data-start=\"44\" data-end=\"67\">Der F\u00e4lscher (2026)<\/strong>\u201c ist ein spannungsgeladener Thriller \u00fcber T\u00e4uschung, Identit\u00e4t und ein gef\u00e4hrliches Doppelleben im Schatten der Legalit\u00e4t.<br data-start=\"190\" data-end=\"193\" \/>Ein brillanter F\u00e4lscher bewegt sich souver\u00e4n zwischen Kunst, Verbrechen und Hochfinanz \u2013 doch mit jedem perfekten Werk zieht sich das Netz um ihn enger.<\/p>\n<p data-start=\"347\" data-end=\"623\">Der Film \u00fcberzeugt mit intelligenter Story, stilvoller Inszenierung und einer konstanten Atmosph\u00e4re aus Misstrauen und Nervenkitzel.<br data-start=\"479\" data-end=\"482\" \/>Wenn Wahrheit und L\u00fcge kaum noch zu unterscheiden sind, wird jede Entscheidung zum Risiko \u2013 und der Preis f\u00fcr Perfektion k\u00f6nnte t\u00f6dlich sein.<\/p>\n<p data-start=\"625\" data-end=\"674\">Ein fesselnder Thriller mit Tiefgang und Eleganz.<\/p>\n<p data-start=\"676\" data-end=\"913\"><strong data-start=\"676\" data-end=\"696\">Erwartet werden:<\/strong><br \/>\n<img decoding=\"async\" class=\"emoji\" role=\"img\" draggable=\"false\" src=\"https:\/\/s.w.org\/images\/core\/emoji\/17.0.2\/svg\/1f58b.svg\" alt=\"\ud83d\udd8b\ufe0f\" \/>\u00a0Raffinierte T\u00e4uschungen &amp; brillante Manipulationen<br data-start=\"751\" data-end=\"754\" \/><img decoding=\"async\" class=\"emoji\" role=\"img\" draggable=\"false\" src=\"https:\/\/s.w.org\/images\/core\/emoji\/17.0.2\/svg\/1f3ad.svg\" alt=\"\ud83c\udfad\" \/>\u00a0Komplexe Charaktere &amp; moralische Grauzonen<br data-start=\"799\" data-end=\"802\" \/><img decoding=\"async\" class=\"emoji\" role=\"img\" draggable=\"false\" src=\"https:\/\/s.w.org\/images\/core\/emoji\/17.0.2\/svg\/1f525.svg\" alt=\"\ud83d\udd25\" \/>\u00a0Stetig steigende Spannung &amp; unerwartete Wendungen<br data-start=\"854\" data-end=\"857\" \/><img decoding=\"async\" class=\"emoji\" role=\"img\" draggable=\"false\" src=\"https:\/\/s.w.org\/images\/core\/emoji\/17.0.2\/svg\/1f9e0.svg\" alt=\"\ud83e\udde0\" \/>\u00a0Intelligenter Thriller mit psychologischem Anspruch<\/p>\n<p data-start=\"915\" data-end=\"984\">Ein packender Film f\u00fcr Fans von cleveren Crime- und Thriller-Stoffen.<\/p>\n<p data-start=\"986\" data-end=\"1046\"><img decoding=\"async\" class=\"emoji\" role=\"img\" draggable=\"false\" src=\"https:\/\/s.w.org\/images\/core\/emoji\/17.0.2\/svg\/1f50a.svg\" alt=\"\ud83d\udd0a\" \/>\u00a0<strong data-start=\"989\" data-end=\"1000\">Format:<\/strong>\u00a0Video \/ Film \/ Thriller \/ Crime \/ Drama (MP4)<\/p>\n<p data-start=\"1048\" data-end=\"1197\"><img decoding=\"async\" class=\"emoji\" role=\"img\" draggable=\"false\" src=\"https:\/\/s.w.org\/images\/core\/emoji\/17.0.2\/svg\/2b07.svg\" alt=\"\u2b07\ufe0f\" \/>\u00a0Sofortiger Download f\u00fcr Handy<br data-start=\"1080\" data-end=\"1083\" \/><img decoding=\"async\" class=\"emoji\" role=\"img\" draggable=\"false\" src=\"https:\/\/s.w.org\/images\/core\/emoji\/17.0.2\/svg\/2b07.svg\" alt=\"\u2b07\ufe0f\" \/>\u00a0Sofortiger Download f\u00fcr PC<br data-start=\"1112\" data-end=\"1115\" \/><img decoding=\"async\" class=\"emoji\" role=\"img\" draggable=\"false\" src=\"https:\/\/s.w.org\/images\/core\/emoji\/17.0.2\/svg\/2b07.svg\" alt=\"\u2b07\ufe0f\" \/>\u00a0Sofortiger Download f\u00fcrs Tablet<br data-start=\"1149\" data-end=\"1152\" \/><img decoding=\"async\" class=\"emoji\" role=\"img\" draggable=\"false\" src=\"https:\/\/s.w.org\/images\/core\/emoji\/17.0.2\/svg\/2b07.svg\" alt=\"\u2b07\ufe0f\" \/>\u00a0Kompatibel mit allen MP4-f\u00e4higen Ger\u00e4ten<\/p>\n<p data-start=\"1199\" data-end=\"1257\" data-is-last-node=\"\" data-is-only-node=\"\"><strong data-start=\"1199\" data-end=\"1257\" data-is-last-node=\"\"><img decoding=\"async\" class=\"emoji\" role=\"img\" draggable=\"false\" src=\"https:\/\/s.w.org\/images\/core\/emoji\/17.0.2\/svg\/1f449.svg\" alt=\"\ud83d\udc49\" \/>\u00a0Einmal gekauft \u2013 jederzeit und unbegrenzt abrufbar!<\/strong><\/p>","protected":false},"excerpt":{"rendered":"<p>\u00a0Video Der F\u00e4lscher (2026) \u2013 German \u201eDer F\u00e4lscher (2026)\u201c ist ein spannungsgeladener Thriller \u00fcber T\u00e4uschung, Identit\u00e4t und ein gef\u00e4hrliches Doppelleben im Schatten der Legalit\u00e4t.Ein brillanter F\u00e4lscher bewegt sich souver\u00e4n zwischen Kunst, Verbrechen und Hochfinanz \u2013 doch mit jedem perfekten Werk zieht sich das Netz um ihn enger. Der Film \u00fcberzeugt mit intelligenter Story, stilvoller Inszenierung [&hellip;]<\/p>\n","protected":false},"featured_media":2956,"comment_status":"open","ping_status":"closed","template":"","meta":[],"product_brand":[],"product_cat":[54,49,55],"product_tag":[],"class_list":{"0":"post-2950","1":"product","2":"type-product","3":"status-publish","4":"has-post-thumbnail","6":"product_cat-action","7":"product_cat-aktuelle-filme-2026","8":"product_cat-thriller","10":"first","11":"instock","12":"sale","13":"virtual","14":"purchasable","15":"product-type-simple"},"jetpack_sharing_enabled":true,"_links":{"self":[{"href":"https:\/\/audiobook-24.com\/en\/wp-json\/wp\/v2\/product\/2950","targetHints":{"allow":["GET"]}}],"collection":[{"href":"https:\/\/audiobook-24.com\/en\/wp-json\/wp\/v2\/product"}],"about":[{"href":"https:\/\/audiobook-24.com\/en\/wp-json\/wp\/v2\/types\/product"}],"replies":[{"embeddable":true,"href":"https:\/\/audiobook-24.com\/en\/wp-json\/wp\/v2\/comments?post=2950"}],"wp:featuredmedia":[{"embeddable":true,"href":"https:\/\/audiobook-24.com\/en\/wp-json\/wp\/v2\/media\/2956"}],"wp:attachment":[{"href":"https:\/\/audiobook-24.com\/en\/wp-json\/wp\/v2\/media?parent=2950"}],"wp:term":[{"taxonomy":"product_brand","embeddable":true,"href":"https:\/\/audiobook-24.com\/en\/wp-json\/wp\/v2\/product_brand?post=2950"},{"taxonomy":"product_cat","embeddable":true,"href":"https:\/\/audiobook-24.com\/en\/wp-json\/wp\/v2\/product_cat?post=2950"},{"taxonomy":"product_tag","embeddable":true,"href":"https:\/\/audiobook-24.com\/en\/wp-json\/wp\/v2\/product_tag?post=2950"}],"curies":[{"name":"wp","href":"https:\/\/api.w.org\/{rel}","templated":true}]}}