{"id":2949,"date":"2026-02-16T04:34:31","date_gmt":"2026-02-16T04:34:31","guid":{"rendered":"https:\/\/audiobook-24.com\/?post_type=product&#038;p=2949"},"modified":"2026-02-16T04:34:31","modified_gmt":"2026-02-16T04:34:31","slug":"%f0%9f%8e%ac-video-die-muppet-show-2026-german","status":"publish","type":"product","link":"https:\/\/audiobook-24.com\/en\/product\/%f0%9f%8e%ac-video-die-muppet-show-2026-german\/","title":{"rendered":"\ud83c\udfac Video Die Muppet Show (2026) \u2013 German"},"content":{"rendered":"<p data-start=\"0\" data-end=\"44\"><img decoding=\"async\" class=\"emoji\" role=\"img\" draggable=\"false\" src=\"https:\/\/s.w.org\/images\/core\/emoji\/17.0.2\/svg\/1f3ac.svg\" alt=\"\ud83c\udfac\" \/>\u00a0<strong data-start=\"3\" data-end=\"44\">Video Die Muppet Show (2026) \u2013 German<\/strong><\/p>\n<p data-start=\"46\" data-end=\"306\">\u201e<strong data-start=\"47\" data-end=\"73\">Die Muppet Show (2026)<\/strong>\u201c bringt das legend\u00e4re Puppenensemble zur\u00fcck auf die B\u00fchne \u2013 mit Witz, Musik und jeder Menge Chaos.<br data-start=\"172\" data-end=\"175\" \/>Szenen voller skurriler Gags, charmant-chaotischer Auftritte und bunter Showeinlagen sorgen f\u00fcr Unterhaltung f\u00fcr die ganze Familie.<\/p>\n<p data-start=\"308\" data-end=\"502\">Der Film vereint klassische Muppet-Humormomente mit modernen Elementen und \u00fcberraschenden Gastauftritten.<br data-start=\"413\" data-end=\"416\" \/>Ob Slapstick, Musiknummern oder urkomische Dialoge \u2013 Langeweile hat hier keine Chance.<\/p>\n<p data-start=\"504\" data-end=\"564\">Ein fr\u00f6hliches, energiegeladenes Spektakel f\u00fcr Jung und Alt.<\/p>\n<p data-start=\"566\" data-end=\"766\"><strong data-start=\"566\" data-end=\"586\">Erwartet werden:<\/strong><br \/>\n<img decoding=\"async\" class=\"emoji\" role=\"img\" draggable=\"false\" src=\"https:\/\/s.w.org\/images\/core\/emoji\/17.0.2\/svg\/1f3a4.svg\" alt=\"\ud83c\udfa4\" \/>\u00a0Lustige Sketches &amp; charmante Puppen<br data-start=\"625\" data-end=\"628\" \/><img decoding=\"async\" class=\"emoji\" role=\"img\" draggable=\"false\" src=\"https:\/\/s.w.org\/images\/core\/emoji\/17.0.2\/svg\/1f3b6.svg\" alt=\"\ud83c\udfb6\" \/>\u00a0Mitrei\u00dfende Musiknummern &amp; bunte Showeinlagen<br data-start=\"676\" data-end=\"679\" \/><img decoding=\"async\" class=\"emoji\" role=\"img\" draggable=\"false\" src=\"https:\/\/s.w.org\/images\/core\/emoji\/17.0.2\/svg\/1f602.svg\" alt=\"\ud83d\ude02\" \/>\u00a0Skurriler Humor &amp; witzige Situationen<br data-start=\"719\" data-end=\"722\" \/><img decoding=\"async\" class=\"emoji\" role=\"img\" draggable=\"false\" src=\"https:\/\/s.w.org\/images\/core\/emoji\/17.0.2\/svg\/2728.svg\" alt=\"\u2728\" \/>\u00a0Familienspa\u00df &amp; nostalgische Unterhaltung<\/p>\n<p data-start=\"768\" data-end=\"845\">Der perfekte Film f\u00fcr Fans der Muppets und alle, die herzhaften Humor lieben.<\/p>\n<p data-start=\"847\" data-end=\"909\"><img decoding=\"async\" class=\"emoji\" role=\"img\" draggable=\"false\" src=\"https:\/\/s.w.org\/images\/core\/emoji\/17.0.2\/svg\/1f50a.svg\" alt=\"\ud83d\udd0a\" \/>\u00a0<strong data-start=\"850\" data-end=\"861\">Format:<\/strong>\u00a0Video \/ Film \/ Familie \/ Comedy \/ Musical (MP4)<\/p>\n<p data-start=\"911\" data-end=\"1060\"><img decoding=\"async\" class=\"emoji\" role=\"img\" draggable=\"false\" src=\"https:\/\/s.w.org\/images\/core\/emoji\/17.0.2\/svg\/2b07.svg\" alt=\"\u2b07\ufe0f\" \/>\u00a0Sofortiger Download f\u00fcr Handy<br data-start=\"943\" data-end=\"946\" \/><img decoding=\"async\" class=\"emoji\" role=\"img\" draggable=\"false\" src=\"https:\/\/s.w.org\/images\/core\/emoji\/17.0.2\/svg\/2b07.svg\" alt=\"\u2b07\ufe0f\" \/>\u00a0Sofortiger Download f\u00fcr PC<br data-start=\"975\" data-end=\"978\" \/><img decoding=\"async\" class=\"emoji\" role=\"img\" draggable=\"false\" src=\"https:\/\/s.w.org\/images\/core\/emoji\/17.0.2\/svg\/2b07.svg\" alt=\"\u2b07\ufe0f\" \/>\u00a0Sofortiger Download f\u00fcrs Tablet<br data-start=\"1012\" data-end=\"1015\" \/><img decoding=\"async\" class=\"emoji\" role=\"img\" draggable=\"false\" src=\"https:\/\/s.w.org\/images\/core\/emoji\/17.0.2\/svg\/2b07.svg\" alt=\"\u2b07\ufe0f\" \/>\u00a0Kompatibel mit allen MP4-f\u00e4higen Ger\u00e4ten<\/p>\n<p data-start=\"1062\" data-end=\"1102\" data-is-last-node=\"\" data-is-only-node=\"\"><strong data-start=\"1062\" data-end=\"1102\" data-is-last-node=\"\"><img decoding=\"async\" class=\"emoji\" role=\"img\" draggable=\"false\" src=\"https:\/\/s.w.org\/images\/core\/emoji\/17.0.2\/svg\/1f449.svg\" alt=\"\ud83d\udc49\" \/>\u00a0Einmal gekauft \u2013 f\u00fcr immer deins!<\/strong><\/p>","protected":false},"excerpt":{"rendered":"<p>\u00a0Video Die Muppet Show (2026) \u2013 German \u201eDie Muppet Show (2026)\u201c bringt das legend\u00e4re Puppenensemble zur\u00fcck auf die B\u00fchne \u2013 mit Witz, Musik und jeder Menge Chaos.Szenen voller skurriler Gags, charmant-chaotischer Auftritte und bunter Showeinlagen sorgen f\u00fcr Unterhaltung f\u00fcr die ganze Familie. Der Film vereint klassische Muppet-Humormomente mit modernen Elementen und \u00fcberraschenden Gastauftritten.Ob Slapstick, Musiknummern [&hellip;]<\/p>\n","protected":false},"featured_media":2957,"comment_status":"open","ping_status":"closed","template":"","meta":[],"product_brand":[],"product_cat":[49,52],"product_tag":[],"class_list":{"0":"post-2949","1":"product","2":"type-product","3":"status-publish","4":"has-post-thumbnail","6":"product_cat-aktuelle-filme-2026","7":"product_cat-comic","9":"first","10":"instock","11":"sale","12":"virtual","13":"purchasable","14":"product-type-simple"},"jetpack_sharing_enabled":true,"_links":{"self":[{"href":"https:\/\/audiobook-24.com\/en\/wp-json\/wp\/v2\/product\/2949","targetHints":{"allow":["GET"]}}],"collection":[{"href":"https:\/\/audiobook-24.com\/en\/wp-json\/wp\/v2\/product"}],"about":[{"href":"https:\/\/audiobook-24.com\/en\/wp-json\/wp\/v2\/types\/product"}],"replies":[{"embeddable":true,"href":"https:\/\/audiobook-24.com\/en\/wp-json\/wp\/v2\/comments?post=2949"}],"wp:featuredmedia":[{"embeddable":true,"href":"https:\/\/audiobook-24.com\/en\/wp-json\/wp\/v2\/media\/2957"}],"wp:attachment":[{"href":"https:\/\/audiobook-24.com\/en\/wp-json\/wp\/v2\/media?parent=2949"}],"wp:term":[{"taxonomy":"product_brand","embeddable":true,"href":"https:\/\/audiobook-24.com\/en\/wp-json\/wp\/v2\/product_brand?post=2949"},{"taxonomy":"product_cat","embeddable":true,"href":"https:\/\/audiobook-24.com\/en\/wp-json\/wp\/v2\/product_cat?post=2949"},{"taxonomy":"product_tag","embeddable":true,"href":"https:\/\/audiobook-24.com\/en\/wp-json\/wp\/v2\/product_tag?post=2949"}],"curies":[{"name":"wp","href":"https:\/\/api.w.org\/{rel}","templated":true}]}}