{"id":2948,"date":"2026-02-16T04:37:00","date_gmt":"2026-02-16T04:37:00","guid":{"rendered":"https:\/\/audiobook-24.com\/?post_type=product&#038;p=2948"},"modified":"2026-02-16T04:37:01","modified_gmt":"2026-02-16T04:37:01","slug":"%f0%9f%8e%ac-video-relationship-goals-2026-german","status":"publish","type":"product","link":"https:\/\/audiobook-24.com\/en\/product\/%f0%9f%8e%ac-video-relationship-goals-2026-german\/","title":{"rendered":"\ud83c\udfac Video Relationship Goals (2026) \u2013 German"},"content":{"rendered":"<p data-start=\"0\" data-end=\"49\"><img decoding=\"async\" class=\"emoji\" role=\"img\" draggable=\"false\" src=\"https:\/\/s.w.org\/images\/core\/emoji\/17.0.2\/svg\/1f3ac.svg\" alt=\"\ud83c\udfac\" \/>\u00a0<strong data-start=\"3\" data-end=\"47\">Video Relationship Goals (2026) \u2013 German<\/strong><\/p>\n<p data-start=\"51\" data-end=\"401\">\u201e<strong data-start=\"52\" data-end=\"81\">Relationship Goals (2026)<\/strong>\u201c ist eine charmante Romantikkom\u00f6die \u00fcber Liebe, Missverst\u00e4ndnisse und die Suche nach dem perfekten Partner in einer modernen Welt.<br data-start=\"212\" data-end=\"215\" \/>Mit Witz, Herz und jeder Menge turbulenter Situationen zeigt der Film, wie Beziehungen wachsen, sich entwickeln und manchmal auf die Probe gestellt werden \u2013 oft auf die humorvollste Art.<\/p>\n<p data-start=\"403\" data-end=\"628\">Die Story verbindet romantische Momente mit cleveren Missgeschicken und \u00fcberraschenden Wendungen, die den Zuschauer immer wieder zum Lachen und Mitfiebern bringen.<br data-start=\"566\" data-end=\"569\" \/>Ein Film voller Herz, Humor und moderner Liebesgeschichten.<\/p>\n<p data-start=\"630\" data-end=\"848\"><strong data-start=\"630\" data-end=\"650\">Erwartet werden:<\/strong><br \/>\n<img decoding=\"async\" class=\"emoji\" role=\"img\" draggable=\"false\" src=\"https:\/\/s.w.org\/images\/core\/emoji\/17.0.2\/svg\/1f496.svg\" alt=\"\ud83d\udc96\" \/>\u00a0Romantische Momente &amp; emotionale Szenen<br data-start=\"693\" data-end=\"696\" \/><img decoding=\"async\" class=\"emoji\" role=\"img\" draggable=\"false\" src=\"https:\/\/s.w.org\/images\/core\/emoji\/17.0.2\/svg\/1f602.svg\" alt=\"\ud83d\ude02\" \/>\u00a0Humorvolle Missverst\u00e4ndnisse &amp; witzige Situationen<br data-start=\"749\" data-end=\"752\" \/><img decoding=\"async\" class=\"emoji\" role=\"img\" draggable=\"false\" src=\"https:\/\/s.w.org\/images\/core\/emoji\/17.0.2\/svg\/2728.svg\" alt=\"\u2728\" \/>\u00a0\u00dcberraschende Wendungen &amp; charmante Story<br data-start=\"795\" data-end=\"798\" \/><img decoding=\"async\" class=\"emoji\" role=\"img\" draggable=\"false\" src=\"https:\/\/s.w.org\/images\/core\/emoji\/17.0.2\/svg\/1f91d.svg\" alt=\"\ud83e\udd1d\" \/>\u00a0Liebe, Freundschaft &amp; pers\u00f6nliche Entwicklung<\/p>\n<p data-start=\"850\" data-end=\"923\">Ein unterhaltsames Filmerlebnis f\u00fcr alle, die Romantik und Comedy lieben.<\/p>\n<p data-start=\"925\" data-end=\"980\"><img decoding=\"async\" class=\"emoji\" role=\"img\" draggable=\"false\" src=\"https:\/\/s.w.org\/images\/core\/emoji\/17.0.2\/svg\/1f50a.svg\" alt=\"\ud83d\udd0a\" \/>\u00a0<strong data-start=\"928\" data-end=\"939\">Format:<\/strong>\u00a0Video \/ Film \/ Kom\u00f6die \/ Romanze (MP4)<\/p>\n<p data-start=\"982\" data-end=\"1131\"><img decoding=\"async\" class=\"emoji\" role=\"img\" draggable=\"false\" src=\"https:\/\/s.w.org\/images\/core\/emoji\/17.0.2\/svg\/2b07.svg\" alt=\"\u2b07\ufe0f\" \/>\u00a0Sofortiger Download f\u00fcr Handy<br data-start=\"1014\" data-end=\"1017\" \/><img decoding=\"async\" class=\"emoji\" role=\"img\" draggable=\"false\" src=\"https:\/\/s.w.org\/images\/core\/emoji\/17.0.2\/svg\/2b07.svg\" alt=\"\u2b07\ufe0f\" \/>\u00a0Sofortiger Download f\u00fcr PC<br data-start=\"1046\" data-end=\"1049\" \/><img decoding=\"async\" class=\"emoji\" role=\"img\" draggable=\"false\" src=\"https:\/\/s.w.org\/images\/core\/emoji\/17.0.2\/svg\/2b07.svg\" alt=\"\u2b07\ufe0f\" \/>\u00a0Sofortiger Download f\u00fcrs Tablet<br data-start=\"1083\" data-end=\"1086\" \/><img decoding=\"async\" class=\"emoji\" role=\"img\" draggable=\"false\" src=\"https:\/\/s.w.org\/images\/core\/emoji\/17.0.2\/svg\/2b07.svg\" alt=\"\u2b07\ufe0f\" \/>\u00a0Kompatibel mit allen MP4-f\u00e4higen Ger\u00e4ten<\/p>\n<p data-start=\"1133\" data-end=\"1173\" data-is-last-node=\"\" data-is-only-node=\"\"><strong data-start=\"1133\" data-end=\"1173\" data-is-last-node=\"\"><img decoding=\"async\" class=\"emoji\" role=\"img\" draggable=\"false\" src=\"https:\/\/s.w.org\/images\/core\/emoji\/17.0.2\/svg\/1f449.svg\" alt=\"\ud83d\udc49\" \/>\u00a0Einmal gekauft \u2013 f\u00fcr immer deins!<\/strong><\/p>","protected":false},"excerpt":{"rendered":"<p>\u00a0Video Relationship Goals (2026) \u2013 German \u201eRelationship Goals (2026)\u201c ist eine charmante Romantikkom\u00f6die \u00fcber Liebe, Missverst\u00e4ndnisse und die Suche nach dem perfekten Partner in einer modernen Welt.Mit Witz, Herz und jeder Menge turbulenter Situationen zeigt der Film, wie Beziehungen wachsen, sich entwickeln und manchmal auf die Probe gestellt werden \u2013 oft auf die humorvollste Art. [&hellip;]<\/p>\n","protected":false},"featured_media":2958,"comment_status":"open","ping_status":"closed","template":"","meta":[],"product_brand":[],"product_cat":[49,53],"product_tag":[],"class_list":{"0":"post-2948","1":"product","2":"type-product","3":"status-publish","4":"has-post-thumbnail","6":"product_cat-aktuelle-filme-2026","7":"product_cat-walt-disney","9":"first","10":"instock","11":"sale","12":"virtual","13":"purchasable","14":"product-type-simple"},"jetpack_sharing_enabled":true,"_links":{"self":[{"href":"https:\/\/audiobook-24.com\/en\/wp-json\/wp\/v2\/product\/2948","targetHints":{"allow":["GET"]}}],"collection":[{"href":"https:\/\/audiobook-24.com\/en\/wp-json\/wp\/v2\/product"}],"about":[{"href":"https:\/\/audiobook-24.com\/en\/wp-json\/wp\/v2\/types\/product"}],"replies":[{"embeddable":true,"href":"https:\/\/audiobook-24.com\/en\/wp-json\/wp\/v2\/comments?post=2948"}],"wp:featuredmedia":[{"embeddable":true,"href":"https:\/\/audiobook-24.com\/en\/wp-json\/wp\/v2\/media\/2958"}],"wp:attachment":[{"href":"https:\/\/audiobook-24.com\/en\/wp-json\/wp\/v2\/media?parent=2948"}],"wp:term":[{"taxonomy":"product_brand","embeddable":true,"href":"https:\/\/audiobook-24.com\/en\/wp-json\/wp\/v2\/product_brand?post=2948"},{"taxonomy":"product_cat","embeddable":true,"href":"https:\/\/audiobook-24.com\/en\/wp-json\/wp\/v2\/product_cat?post=2948"},{"taxonomy":"product_tag","embeddable":true,"href":"https:\/\/audiobook-24.com\/en\/wp-json\/wp\/v2\/product_tag?post=2948"}],"curies":[{"name":"wp","href":"https:\/\/api.w.org\/{rel}","templated":true}]}}