{"id":2945,"date":"2026-02-16T04:44:30","date_gmt":"2026-02-16T04:44:30","guid":{"rendered":"https:\/\/audiobook-24.com\/?post_type=product&#038;p=2945"},"modified":"2026-02-16T04:44:30","modified_gmt":"2026-02-16T04:44:30","slug":"%f0%9f%8e%ac-video-the-rip-2026-german","status":"publish","type":"product","link":"https:\/\/audiobook-24.com\/en\/product\/%f0%9f%8e%ac-video-the-rip-2026-german\/","title":{"rendered":"\ud83c\udfac Video The Rip (2026) \u2013 German"},"content":{"rendered":"<p data-start=\"0\" data-end=\"36\"><img decoding=\"async\" class=\"emoji\" role=\"img\" draggable=\"false\" src=\"https:\/\/s.w.org\/images\/core\/emoji\/17.0.2\/svg\/1f3ac.svg\" alt=\"\ud83c\udfac\" \/>\u00a0<strong data-start=\"3\" data-end=\"36\">Video The Rip (2026) \u2013 German<\/strong><\/p>\n<p data-start=\"38\" data-end=\"376\">\u201e<strong data-start=\"39\" data-end=\"57\">The Rip (2026)<\/strong>\u201c ist ein d\u00fcsterer, nervenaufreibender Thriller, der die Zuschauer gnadenlos in einen Strudel aus Gewalt, Verrat und existenziellen Entscheidungen zieht.<br data-start=\"210\" data-end=\"213\" \/>Was als scheinbar kontrollierbare Situation beginnt, eskaliert schnell zu einem gef\u00e4hrlichen Spiel, bei dem jede falsche Bewegung t\u00f6dliche Konsequenzen haben kann.<\/p>\n<p data-start=\"378\" data-end=\"655\">Mit intensiver Atmosph\u00e4re, kompromisslosen Bildern und einer st\u00e4ndig steigenden Spannung zeigt der Film, wie d\u00fcnn die Grenze zwischen Kontrolle und totalem Chaos wirklich ist.<br data-start=\"553\" data-end=\"556\" \/>Geheimnisse kommen ans Licht, Loyalit\u00e4ten zerbrechen \u2013 und der Sog des Abgrunds wird immer st\u00e4rker.<\/p>\n<p data-start=\"657\" data-end=\"723\">Ein harter, moderner Thriller, der bis zur letzten Minute fesselt.<\/p>\n<p data-start=\"725\" data-end=\"942\"><strong data-start=\"725\" data-end=\"745\">Erwartet werden:<\/strong><br \/>\n<img decoding=\"async\" class=\"emoji\" role=\"img\" draggable=\"false\" src=\"https:\/\/s.w.org\/images\/core\/emoji\/17.0.2\/svg\/1f3ad.svg\" alt=\"\ud83c\udfad\" \/>\u00a0Intensive Charaktere &amp; d\u00fcstere Emotionen<br data-start=\"789\" data-end=\"792\" \/><img decoding=\"async\" class=\"emoji\" role=\"img\" draggable=\"false\" src=\"https:\/\/s.w.org\/images\/core\/emoji\/17.0.2\/svg\/1fa78.svg\" alt=\"\ud83e\ude78\" \/>\u00a0Spannung, Gefahr &amp; unvorhersehbare Wendungen<br data-start=\"839\" data-end=\"842\" \/><img decoding=\"async\" class=\"emoji\" role=\"img\" draggable=\"false\" src=\"https:\/\/s.w.org\/images\/core\/emoji\/17.0.2\/svg\/1f525.svg\" alt=\"\ud83d\udd25\" \/>\u00a0Schonungslose Inszenierung &amp; starke Bilder<br data-start=\"887\" data-end=\"890\" \/><img decoding=\"async\" class=\"emoji\" role=\"img\" draggable=\"false\" src=\"https:\/\/s.w.org\/images\/core\/emoji\/17.0.2\/svg\/1f9e0.svg\" alt=\"\ud83e\udde0\" \/>\u00a0Psychologischer Tiefgang &amp; moralische Konflikte<\/p>\n<p data-start=\"944\" data-end=\"1020\">Ein packendes Filmerlebnis f\u00fcr Thriller-Fans, die keine halben Sachen m\u00f6gen.<\/p>\n<p data-start=\"1022\" data-end=\"1074\"><img decoding=\"async\" class=\"emoji\" role=\"img\" draggable=\"false\" src=\"https:\/\/s.w.org\/images\/core\/emoji\/17.0.2\/svg\/1f50a.svg\" alt=\"\ud83d\udd0a\" \/>\u00a0<strong data-start=\"1025\" data-end=\"1036\">Format:<\/strong>\u00a0Video \/ Film \/ Thriller \/ Drama (MP4)<\/p>\n<p data-start=\"1076\" data-end=\"1225\"><img decoding=\"async\" class=\"emoji\" role=\"img\" draggable=\"false\" src=\"https:\/\/s.w.org\/images\/core\/emoji\/17.0.2\/svg\/2b07.svg\" alt=\"\u2b07\ufe0f\" \/>\u00a0Sofortiger Download f\u00fcr Handy<br data-start=\"1108\" data-end=\"1111\" \/><img decoding=\"async\" class=\"emoji\" role=\"img\" draggable=\"false\" src=\"https:\/\/s.w.org\/images\/core\/emoji\/17.0.2\/svg\/2b07.svg\" alt=\"\u2b07\ufe0f\" \/>\u00a0Sofortiger Download f\u00fcr PC<br data-start=\"1140\" data-end=\"1143\" \/><img decoding=\"async\" class=\"emoji\" role=\"img\" draggable=\"false\" src=\"https:\/\/s.w.org\/images\/core\/emoji\/17.0.2\/svg\/2b07.svg\" alt=\"\u2b07\ufe0f\" \/>\u00a0Sofortiger Download f\u00fcrs Tablet<br data-start=\"1177\" data-end=\"1180\" \/><img decoding=\"async\" class=\"emoji\" role=\"img\" draggable=\"false\" src=\"https:\/\/s.w.org\/images\/core\/emoji\/17.0.2\/svg\/2b07.svg\" alt=\"\u2b07\ufe0f\" \/>\u00a0Kompatibel mit allen MP4-f\u00e4higen Ger\u00e4ten<\/p>\n<p data-start=\"1227\" data-end=\"1285\"><strong data-start=\"1227\" data-end=\"1285\"><img decoding=\"async\" class=\"emoji\" role=\"img\" draggable=\"false\" src=\"https:\/\/s.w.org\/images\/core\/emoji\/17.0.2\/svg\/1f449.svg\" alt=\"\ud83d\udc49\" \/>\u00a0Einmal gekauft \u2013 jederzeit und unbegrenzt abrufbar!<\/strong><\/p>","protected":false},"excerpt":{"rendered":"<p>\u00a0Video The Rip (2026) \u2013 German \u201eThe Rip (2026)\u201c ist ein d\u00fcsterer, nervenaufreibender Thriller, der die Zuschauer gnadenlos in einen Strudel aus Gewalt, Verrat und existenziellen Entscheidungen zieht.Was als scheinbar kontrollierbare Situation beginnt, eskaliert schnell zu einem gef\u00e4hrlichen Spiel, bei dem jede falsche Bewegung t\u00f6dliche Konsequenzen haben kann. Mit intensiver Atmosph\u00e4re, kompromisslosen Bildern und einer [&hellip;]<\/p>\n","protected":false},"featured_media":2967,"comment_status":"open","ping_status":"closed","template":"","meta":[],"product_brand":[],"product_cat":[54,49,55],"product_tag":[],"class_list":{"0":"post-2945","1":"product","2":"type-product","3":"status-publish","4":"has-post-thumbnail","6":"product_cat-action","7":"product_cat-aktuelle-filme-2026","8":"product_cat-thriller","10":"first","11":"instock","12":"sale","13":"virtual","14":"purchasable","15":"product-type-simple"},"jetpack_sharing_enabled":true,"_links":{"self":[{"href":"https:\/\/audiobook-24.com\/en\/wp-json\/wp\/v2\/product\/2945","targetHints":{"allow":["GET"]}}],"collection":[{"href":"https:\/\/audiobook-24.com\/en\/wp-json\/wp\/v2\/product"}],"about":[{"href":"https:\/\/audiobook-24.com\/en\/wp-json\/wp\/v2\/types\/product"}],"replies":[{"embeddable":true,"href":"https:\/\/audiobook-24.com\/en\/wp-json\/wp\/v2\/comments?post=2945"}],"wp:featuredmedia":[{"embeddable":true,"href":"https:\/\/audiobook-24.com\/en\/wp-json\/wp\/v2\/media\/2967"}],"wp:attachment":[{"href":"https:\/\/audiobook-24.com\/en\/wp-json\/wp\/v2\/media?parent=2945"}],"wp:term":[{"taxonomy":"product_brand","embeddable":true,"href":"https:\/\/audiobook-24.com\/en\/wp-json\/wp\/v2\/product_brand?post=2945"},{"taxonomy":"product_cat","embeddable":true,"href":"https:\/\/audiobook-24.com\/en\/wp-json\/wp\/v2\/product_cat?post=2945"},{"taxonomy":"product_tag","embeddable":true,"href":"https:\/\/audiobook-24.com\/en\/wp-json\/wp\/v2\/product_tag?post=2945"}],"curies":[{"name":"wp","href":"https:\/\/api.w.org\/{rel}","templated":true}]}}