{"id":2855,"date":"2026-02-14T19:16:58","date_gmt":"2026-02-14T19:16:58","guid":{"rendered":"https:\/\/audiobook-24.com\/?post_type=product&#038;p=2855"},"modified":"2026-02-14T19:16:59","modified_gmt":"2026-02-14T19:16:59","slug":"%f0%9f%8e%a7-hoerspiel-die-drei-ausrufezeichen-folge-80-ein-echt-schoener-fall-german","status":"publish","type":"product","link":"https:\/\/audiobook-24.com\/en\/product\/%f0%9f%8e%a7-hoerspiel-die-drei-ausrufezeichen-folge-80-ein-echt-schoener-fall-german\/","title":{"rendered":"\ud83c\udfa7 H\u00f6rspiel Die drei Ausrufezeichen \u2013 Folge 80: Ein echt sch\u00f6ner Fall \u2013 German"},"content":{"rendered":"<p>\ud83c\udfa7 <strong>H\u00f6rspiel Die drei Ausrufezeichen \u2013 Folge 80: Ein echt sch\u00f6ner Fall \u2013 German<\/strong><\/p>\n<p>In \u201eEin echt sch\u00f6ner Fall\u201c sto\u00dfen Justine, Kim und Franzi auf ein r\u00e4tselhaftes Ereignis, das sie mitten in ein spannendes Abenteuer f\u00fchrt.<br \/>\nZwischen geheimnisvollen Hinweisen, \u00fcberraschenden Wendungen und kleinen Missgeschicken m\u00fcssen die drei jungen Detektivinnen all ihren Sp\u00fcrsinn einsetzen, um das R\u00e4tsel zu l\u00f6sen.<\/p>\n<p>Mit Cleverness, Mut und Teamgeist decken sie Tricks, Fallen und unerwartete Zusammenh\u00e4nge auf.<br \/>\nKindgerecht, temporeich und spannend erz\u00e4hlt \u2013 ein H\u00f6rspiel, das junge Detektivfans von der ersten bis zur letzten Minute fesselt.<\/p>\n<p>Ein unterhaltsames Detektiv-H\u00f6rspiel voller Abenteuer, Freundschaft und Cleverness.<\/p>\n<p><strong>Erwartet werden:<\/strong><br \/>\n\ud83d\udd0e Spannende Ermittlungen &amp; \u00fcberraschende Wendungen<br \/>\n\ud83e\udd1d Teamgeist &amp; Freundschaft<br \/>\n\u26a1 Rasante Handlung &amp; cleveres Kombinieren<br \/>\n\ud83c\udfa7 Kurzweiliger H\u00f6rspa\u00df f\u00fcr junge Detektivinnen<\/p>\n<p>Ideal f\u00fcr alle, die Detektivgeschichten mit Abenteuer und Cleverness lieben.<\/p>\n<p>\ud83d\udd0a Format: H\u00f6rspiel \/ Kinderkrimi \/ Abenteuer (MP3)<br \/>\n\u25b6\ufe0f Von Beginn an vollst\u00e4ndig h\u00f6rbar<br \/>\n\ud83d\udcf1 Geeignet f\u00fcr Handy, PC &amp; Tablet<br \/>\n\ud83c\udfb6 Abspielbar auf allen MP3-f\u00e4higen Ger\u00e4ten<\/p>\n<p>\ud83d\udc49 <strong>Einmal gekauft \u2013 f\u00fcr immer deins!<\/strong><\/p>","protected":false},"excerpt":{"rendered":"<p>\ud83c\udfa7 H\u00f6rspiel Die drei Ausrufezeichen \u2013 Folge 80: Ein echt sch\u00f6ner Fall \u2013 German In \u201eEin echt sch\u00f6ner Fall\u201c sto\u00dfen Justine, Kim und Franzi auf ein r\u00e4tselhaftes Ereignis, das sie mitten in ein spannendes Abenteuer f\u00fchrt. Zwischen geheimnisvollen Hinweisen, \u00fcberraschenden Wendungen und kleinen Missgeschicken m\u00fcssen die drei jungen Detektivinnen all ihren Sp\u00fcrsinn einsetzen, um das [&hellip;]<\/p>\n","protected":false},"featured_media":2877,"comment_status":"open","ping_status":"closed","template":"","meta":[],"product_brand":[],"product_cat":[36],"product_tag":[],"class_list":{"0":"post-2855","1":"product","2":"type-product","3":"status-publish","4":"has-post-thumbnail","6":"product_cat-hoerspiel-die-3","8":"first","9":"instock","10":"sale","11":"virtual","12":"purchasable","13":"product-type-simple"},"jetpack_sharing_enabled":true,"_links":{"self":[{"href":"https:\/\/audiobook-24.com\/en\/wp-json\/wp\/v2\/product\/2855","targetHints":{"allow":["GET"]}}],"collection":[{"href":"https:\/\/audiobook-24.com\/en\/wp-json\/wp\/v2\/product"}],"about":[{"href":"https:\/\/audiobook-24.com\/en\/wp-json\/wp\/v2\/types\/product"}],"replies":[{"embeddable":true,"href":"https:\/\/audiobook-24.com\/en\/wp-json\/wp\/v2\/comments?post=2855"}],"wp:featuredmedia":[{"embeddable":true,"href":"https:\/\/audiobook-24.com\/en\/wp-json\/wp\/v2\/media\/2877"}],"wp:attachment":[{"href":"https:\/\/audiobook-24.com\/en\/wp-json\/wp\/v2\/media?parent=2855"}],"wp:term":[{"taxonomy":"product_brand","embeddable":true,"href":"https:\/\/audiobook-24.com\/en\/wp-json\/wp\/v2\/product_brand?post=2855"},{"taxonomy":"product_cat","embeddable":true,"href":"https:\/\/audiobook-24.com\/en\/wp-json\/wp\/v2\/product_cat?post=2855"},{"taxonomy":"product_tag","embeddable":true,"href":"https:\/\/audiobook-24.com\/en\/wp-json\/wp\/v2\/product_tag?post=2855"}],"curies":[{"name":"wp","href":"https:\/\/api.w.org\/{rel}","templated":true}]}}