{"id":2829,"date":"2026-02-14T15:30:29","date_gmt":"2026-02-14T15:30:29","guid":{"rendered":"https:\/\/audiobook-24.com\/?post_type=product&#038;p=2829"},"modified":"2026-02-14T15:30:30","modified_gmt":"2026-02-14T15:30:30","slug":"%f0%9f%8e%a7-hoerspiel-tkkg-folge-231-knackis-streicheln-mit-der-faust-german","status":"publish","type":"product","link":"https:\/\/audiobook-24.com\/en\/product\/%f0%9f%8e%a7-hoerspiel-tkkg-folge-231-knackis-streicheln-mit-der-faust-german\/","title":{"rendered":"\ud83c\udfa7 H\u00f6rspiel TKKG \u2013 Folge 231: Knackis streicheln mit der Faust \u2013 German"},"content":{"rendered":"<p>\ud83c\udfa7 <strong>H\u00f6rspiel TKKG \u2013 Folge 231: Knackis streicheln mit der Faust \u2013 German<\/strong><\/p>\n<p>In \u201eKnackis streicheln mit der Faust\u201c werden Tim, Karl, Kl\u00f6\u00dfchen und Gaby mit einer Serie brutaler \u00dcberf\u00e4lle konfrontiert.<br \/>\nEine Gruppe skrupelloser T\u00e4ter sorgt f\u00fcr Angst und Unsicherheit \u2013 und scheint den Ermittlern immer einen Schritt voraus zu sein.<\/p>\n<p>Mit Mut, K\u00f6pfchen und Teamgeist nehmen TKKG die Spur auf.<br \/>\nZwischen gef\u00e4hrlichen Begegnungen, cleveren Schlussfolgerungen und spannenden Wendungen entfaltet sich ein temporeiches Abenteuer, das bis zur letzten Minute fesselt.<\/p>\n<p>Ein actiongeladenes Detektiv-H\u00f6rspiel mit Hochspannung.<\/p>\n<p><strong>Erwartet werden:<\/strong><br \/>\n\ud83d\udea8 Brisante \u00dcberf\u00e4lle &amp; gef\u00e4hrliche Gegner<br \/>\n\ud83d\udd0d Clevere Ermittlungen &amp; \u00fcberraschende Wendungen<br \/>\n\u26a1 Rasantes Tempo &amp; packende Szenen<br \/>\n\ud83c\udfa7 Spannender H\u00f6rgenuss mit Kultfaktor<\/p>\n<p>Ideal f\u00fcr alle, die klassische Jugendkrimis mit Action und Teamgeist lieben.<\/p>\n<p>\ud83d\udd0a Format: H\u00f6rspiel \/ Jugendkrimi \/ Abenteuer (MP3)<br \/>\n\u25b6\ufe0f Von Beginn an vollst\u00e4ndig h\u00f6rbar<br \/>\n\ud83d\udcf1 Geeignet f\u00fcr Handy, PC &amp; Tablet<br \/>\n\ud83c\udfb6 Abspielbar auf allen MP3-f\u00e4higen Ger\u00e4ten<\/p>\n<p>\ud83d\udc49 <strong>Einmal gekauft \u2013 f\u00fcr immer deins!<\/strong><\/p>","protected":false},"excerpt":{"rendered":"<p>\ud83c\udfa7 H\u00f6rspiel TKKG \u2013 Folge 231: Knackis streicheln mit der Faust \u2013 German In \u201eKnackis streicheln mit der Faust\u201c werden Tim, Karl, Kl\u00f6\u00dfchen und Gaby mit einer Serie brutaler \u00dcberf\u00e4lle konfrontiert. Eine Gruppe skrupelloser T\u00e4ter sorgt f\u00fcr Angst und Unsicherheit \u2013 und scheint den Ermittlern immer einen Schritt voraus zu sein. Mit Mut, K\u00f6pfchen und [&hellip;]<\/p>\n","protected":false},"featured_media":2832,"comment_status":"open","ping_status":"closed","template":"","meta":[],"product_brand":[],"product_cat":[35],"product_tag":[],"class_list":{"0":"post-2829","1":"product","2":"type-product","3":"status-publish","4":"has-post-thumbnail","6":"product_cat-hoerspiel-tkkg","8":"first","9":"instock","10":"sale","11":"virtual","12":"purchasable","13":"product-type-simple"},"jetpack_sharing_enabled":true,"_links":{"self":[{"href":"https:\/\/audiobook-24.com\/en\/wp-json\/wp\/v2\/product\/2829","targetHints":{"allow":["GET"]}}],"collection":[{"href":"https:\/\/audiobook-24.com\/en\/wp-json\/wp\/v2\/product"}],"about":[{"href":"https:\/\/audiobook-24.com\/en\/wp-json\/wp\/v2\/types\/product"}],"replies":[{"embeddable":true,"href":"https:\/\/audiobook-24.com\/en\/wp-json\/wp\/v2\/comments?post=2829"}],"wp:featuredmedia":[{"embeddable":true,"href":"https:\/\/audiobook-24.com\/en\/wp-json\/wp\/v2\/media\/2832"}],"wp:attachment":[{"href":"https:\/\/audiobook-24.com\/en\/wp-json\/wp\/v2\/media?parent=2829"}],"wp:term":[{"taxonomy":"product_brand","embeddable":true,"href":"https:\/\/audiobook-24.com\/en\/wp-json\/wp\/v2\/product_brand?post=2829"},{"taxonomy":"product_cat","embeddable":true,"href":"https:\/\/audiobook-24.com\/en\/wp-json\/wp\/v2\/product_cat?post=2829"},{"taxonomy":"product_tag","embeddable":true,"href":"https:\/\/audiobook-24.com\/en\/wp-json\/wp\/v2\/product_tag?post=2829"}],"curies":[{"name":"wp","href":"https:\/\/api.w.org\/{rel}","templated":true}]}}