{"id":2788,"date":"2026-02-13T14:37:48","date_gmt":"2026-02-13T14:37:48","guid":{"rendered":"https:\/\/audiobook-24.com\/?post_type=product&#038;p=2788"},"modified":"2026-02-13T14:37:49","modified_gmt":"2026-02-13T14:37:49","slug":"%f0%9f%8e%a7-hoerbuch-andreas-franz-sammelpack-todesmelodie-german","status":"publish","type":"product","link":"https:\/\/audiobook-24.com\/en\/product\/%f0%9f%8e%a7-hoerbuch-andreas-franz-sammelpack-todesmelodie-german\/","title":{"rendered":"\ud83c\udfa7 H\u00f6rbuch Andreas Franz \u2013 Sammelpack \u2013 Todesmelodie \u2013 German"},"content":{"rendered":"<p>\ud83c\udfa7 <strong>H\u00f6rbuch Andreas Franz \u2013 Sammelpack \u2013 Todesmelodie \u2013 German<\/strong><\/p>\n<p>\u201eTodesmelodie\u201c im Sammelpack von Andreas Franz bietet packende Hochspannung und intensive Ermittlungsarbeit in geb\u00fcndelter Form.<br \/>\nEin r\u00e4tselhafter Mordfall entwickelt sich zu einem komplexen Geflecht aus L\u00fcgen, Angst und perfider Planung \u2013 und jede neue Spur bringt die Ermittler tiefer in einen gef\u00e4hrlichen Strudel.<\/p>\n<p>Mit d\u00fcsterer Atmosph\u00e4re, psychologischer Raffinesse und stetig wachsender Spannung entfaltet sich ein Thriller, der keine Verschnaufpause l\u00e4sst.<br \/>\nKompromisslos, temporeich und mit \u00fcberraschenden Wendungen erz\u00e4hlt \u2013 ideal f\u00fcr alle, die Nervenkitzel am St\u00fcck genie\u00dfen m\u00f6chten.<\/p>\n<p>Ein fesselndes Thriller-H\u00f6rbuch im starken Sammelpack.<\/p>\n<p><strong>Erwartet werden:<\/strong><br \/>\n\ud83c\udfbc Brisanter Kriminalfall mit dramatischer Dynamik<br \/>\n\ud83d\udd0d Komplexe Ermittlungen &amp; dunkle Geheimnisse<br \/>\n\u26a1 Rasantes Tempo &amp; intensive Spannungsb\u00f6gen<br \/>\n\ud83c\udfa7 Langanhaltender H\u00f6rgenuss mit Hochspannung<\/p>\n<p>Ideal f\u00fcr alle, die Thriller geb\u00fcndelt und ohne Unterbrechung erleben wollen.<\/p>\n<p>\ud83d\udd0a Format: H\u00f6rbuch \/ Thriller \/ Spannung (MP3)<br \/>\n\u25b6\ufe0f Von Beginn an vollst\u00e4ndig h\u00f6rbar<br \/>\n\ud83d\udcf1 Geeignet f\u00fcr Handy, PC &amp; Tablet<br \/>\n\ud83c\udfb6 Abspielbar auf allen MP3-f\u00e4higen Ger\u00e4ten<\/p>\n<p>\ud83d\udc49 <strong>Einmal gekauft \u2013 f\u00fcr immer deins!<\/strong><\/p>","protected":false},"excerpt":{"rendered":"<p>\ud83c\udfa7 H\u00f6rbuch Andreas Franz \u2013 Sammelpack \u2013 Todesmelodie \u2013 German \u201eTodesmelodie\u201c im Sammelpack von Andreas Franz bietet packende Hochspannung und intensive Ermittlungsarbeit in geb\u00fcndelter Form. Ein r\u00e4tselhafter Mordfall entwickelt sich zu einem komplexen Geflecht aus L\u00fcgen, Angst und perfider Planung \u2013 und jede neue Spur bringt die Ermittler tiefer in einen gef\u00e4hrlichen Strudel. Mit d\u00fcsterer [&hellip;]<\/p>\n","protected":false},"featured_media":2800,"comment_status":"open","ping_status":"closed","template":"","meta":[],"product_brand":[],"product_cat":[19],"product_tag":[],"class_list":{"0":"post-2788","1":"product","2":"type-product","3":"status-publish","4":"has-post-thumbnail","6":"product_cat-hoerbuecher","8":"first","9":"instock","10":"sale","11":"virtual","12":"purchasable","13":"product-type-simple"},"jetpack_sharing_enabled":true,"_links":{"self":[{"href":"https:\/\/audiobook-24.com\/en\/wp-json\/wp\/v2\/product\/2788","targetHints":{"allow":["GET"]}}],"collection":[{"href":"https:\/\/audiobook-24.com\/en\/wp-json\/wp\/v2\/product"}],"about":[{"href":"https:\/\/audiobook-24.com\/en\/wp-json\/wp\/v2\/types\/product"}],"replies":[{"embeddable":true,"href":"https:\/\/audiobook-24.com\/en\/wp-json\/wp\/v2\/comments?post=2788"}],"wp:featuredmedia":[{"embeddable":true,"href":"https:\/\/audiobook-24.com\/en\/wp-json\/wp\/v2\/media\/2800"}],"wp:attachment":[{"href":"https:\/\/audiobook-24.com\/en\/wp-json\/wp\/v2\/media?parent=2788"}],"wp:term":[{"taxonomy":"product_brand","embeddable":true,"href":"https:\/\/audiobook-24.com\/en\/wp-json\/wp\/v2\/product_brand?post=2788"},{"taxonomy":"product_cat","embeddable":true,"href":"https:\/\/audiobook-24.com\/en\/wp-json\/wp\/v2\/product_cat?post=2788"},{"taxonomy":"product_tag","embeddable":true,"href":"https:\/\/audiobook-24.com\/en\/wp-json\/wp\/v2\/product_tag?post=2788"}],"curies":[{"name":"wp","href":"https:\/\/api.w.org\/{rel}","templated":true}]}}