{"id":2762,"date":"2026-02-12T16:14:06","date_gmt":"2026-02-12T16:14:06","guid":{"rendered":"https:\/\/audiobook-24.com\/?post_type=product&#038;p=2762"},"modified":"2026-02-12T16:14:22","modified_gmt":"2026-02-12T16:14:22","slug":"%f0%9f%8e%a7-hoerspiel-meike-messal-duesterstrand-german","status":"publish","type":"product","link":"https:\/\/audiobook-24.com\/en\/product\/%f0%9f%8e%a7-hoerspiel-meike-messal-duesterstrand-german\/","title":{"rendered":"\ud83c\udfa7 H\u00f6rspiel Meike Messal \u2013 D\u00fcsterstrand \u2013 German"},"content":{"rendered":"<article class=\"text-token-text-primary w-full focus:outline-none [--shadow-height:45px] has-data-writing-block:pointer-events-none has-data-writing-block:-mt-(--shadow-height) has-data-writing-block:pt-(--shadow-height) [&amp;:has([data-writing-block])&gt;*]:pointer-events-auto scroll-mt-(--header-height)\" dir=\"auto\" tabindex=\"-1\" data-turn-id=\"c93b10bf-81d4-4390-8b0e-61f2f858d823\" data-testid=\"conversation-turn-7\" data-scroll-anchor=\"false\" data-turn=\"user\">\n<div class=\"text-base my-auto mx-auto pt-12 [--thread-content-margin:--spacing(4)] @w-sm\/main:[--thread-content-margin:--spacing(6)] @w-lg\/main:[--thread-content-margin:--spacing(16)] px-(--thread-content-margin)\">\n<div class=\"[--thread-content-max-width:40rem] @w-lg\/main:[--thread-content-max-width:48rem] mx-auto max-w-(--thread-content-max-width) flex-1 group\/turn-messages focus-visible:outline-hidden relative flex w-full min-w-0 flex-col\" tabindex=\"-1\">\n<div class=\"flex max-w-full flex-col grow\">\n<div class=\"min-h-8 text-message relative flex w-full flex-col items-end gap-2 text-start break-words whitespace-normal [.text-message+&amp;]:mt-1\" dir=\"auto\" data-message-author-role=\"user\" data-message-id=\"c93b10bf-81d4-4390-8b0e-61f2f858d823\">\n<div class=\"flex w-full flex-col gap-1 empty:hidden items-end rtl:items-start\">\n<div class=\"user-message-bubble-color corner-superellipse\/1.1 relative rounded-[18px] px-4 py-1.5 data-[multiline]:py-3 max-w-[var(--user-chat-width,70%)]\">\n<h2 class=\"whitespace-pre-wrap\"><strong>Meike Messal &#8211; D\u00fcsterstrand<\/strong><\/h2>\n<\/div>\n<\/div>\n<\/div>\n<\/div>\n<div class=\"z-0 flex justify-end\">\ud83c\udfa7 <strong data-start=\"3\" data-end=\"52\">H\u00f6rspiel Meike Messal \u2013 D\u00fcsterstrand \u2013 German<\/strong><\/div>\n<\/div>\n<\/div>\n<\/article>\n<article class=\"text-token-text-primary w-full focus:outline-none [--shadow-height:45px] has-data-writing-block:pointer-events-none has-data-writing-block:-mt-(--shadow-height) has-data-writing-block:pt-(--shadow-height) [&amp;:has([data-writing-block])&gt;*]:pointer-events-auto scroll-mt-[calc(var(--header-height)+min(200px,max(70px,20svh)))]\" dir=\"auto\" tabindex=\"-1\" data-turn-id=\"request-WEB:99174366-1bc0-4f83-8c74-a70486244175-3\" data-testid=\"conversation-turn-8\" data-scroll-anchor=\"true\" data-turn=\"assistant\">\n<div class=\"text-base my-auto mx-auto pb-10 [--thread-content-margin:--spacing(4)] @w-sm\/main:[--thread-content-margin:--spacing(6)] @w-lg\/main:[--thread-content-margin:--spacing(16)] px-(--thread-content-margin)\">\n<div class=\"[--thread-content-max-width:40rem] @w-lg\/main:[--thread-content-max-width:48rem] mx-auto max-w-(--thread-content-max-width) flex-1 group\/turn-messages focus-visible:outline-hidden relative flex w-full min-w-0 flex-col agent-turn\" tabindex=\"-1\">\n<div class=\"flex max-w-full flex-col grow\">\n<div class=\"min-h-8 text-message relative flex w-full flex-col items-end gap-2 text-start break-words whitespace-normal [.text-message+&amp;]:mt-1\" dir=\"auto\" data-message-author-role=\"assistant\" data-message-id=\"463ea43d-4ff2-44d0-b395-1fa12efcb65a\" data-message-model-slug=\"gpt-5-2\">\n<div class=\"flex w-full flex-col gap-1 empty:hidden first:pt-[1px]\">\n<div class=\"markdown prose dark:prose-invert w-full wrap-break-word light markdown-new-styling\">\n<p data-start=\"54\" data-end=\"365\">\u201eD\u00fcsterstrand\u201c von Meike Messal ist ein atmosph\u00e4risches Krimi-H\u00f6rspiel voller Geheimnisse, unterschwelliger Spannung und nordischer Melancholie.<br data-start=\"198\" data-end=\"201\" \/>Zwischen rauer K\u00fcstenlandschaft, peitschendem Wind und dunklen Abgr\u00fcnden entfaltet sich eine Geschichte, in der l\u00e4ngst Vergangenes pl\u00f6tzlich bedrohlich nah r\u00fcckt.<\/p>\n<p data-start=\"367\" data-end=\"632\">Als alte Wahrheiten ans Licht dr\u00e4ngen, geraten Beziehungen ins Wanken und verborgene Motive treten zutage.<br data-start=\"473\" data-end=\"476\" \/>Dicht inszeniert, emotional packend und mit stetig wachsender Spannung zieht dieses H\u00f6rspiel seine H\u00f6rer in einen Strudel aus Misstrauen und Enth\u00fcllungen.<\/p>\n<p data-start=\"634\" data-end=\"695\">Ein fesselndes K\u00fcsten-Krimi-H\u00f6rspiel mit G\u00e4nsehautmomenten.<\/p>\n<p data-start=\"697\" data-end=\"918\"><strong data-start=\"697\" data-end=\"717\">Erwartet werden:<\/strong><br data-start=\"717\" data-end=\"720\" \/>\ud83c\udf0a D\u00fcsteres K\u00fcsten-Setting &amp; beklemmende Atmosph\u00e4re<br data-start=\"771\" data-end=\"774\" \/>\ud83d\udd0d Geheimnisse, Vergangenheit &amp; unerwartete Wendungen<br data-start=\"827\" data-end=\"830\" \/>\ud83d\ude28 Psychologische Spannung mit Tiefgang<br data-start=\"869\" data-end=\"872\" \/>\ud83c\udfa7 Intensiver H\u00f6rgenuss mit nordischem Flair<\/p>\n<p data-start=\"920\" data-end=\"992\">Ideal f\u00fcr alle, die atmosph\u00e4rische Krimis mit starker Stimmung lieben.<\/p>\n<p data-start=\"994\" data-end=\"1161\">\ud83d\udd0a Format: H\u00f6rspiel \/ Krimi \/ Spannung (MP3)<br data-start=\"1038\" data-end=\"1041\" \/>\u25b6\ufe0f Von Beginn an vollst\u00e4ndig h\u00f6rbar<br data-start=\"1076\" data-end=\"1079\" \/>\ud83d\udcf1 Geeignet f\u00fcr Handy, PC &amp; Tablet<br data-start=\"1113\" data-end=\"1116\" \/>\ud83c\udfb6 Abspielbar auf allen MP3-f\u00e4higen Ger\u00e4ten<\/p>\n<p data-start=\"1163\" data-end=\"1199\" data-is-last-node=\"\" data-is-only-node=\"\"><strong>\ud83d\udc49 Einmal gekauft \u2013 f\u00fcr immer deins!<\/strong><\/p>\n<\/div>\n<\/div>\n<\/div>\n<\/div>\n<\/div>\n<\/div>\n<\/article>\n","protected":false},"excerpt":{"rendered":"<p>Meike Messal &#8211; D\u00fcsterstrand \ud83c\udfa7 H\u00f6rspiel Meike Messal \u2013 D\u00fcsterstrand \u2013 German \u201eD\u00fcsterstrand\u201c von Meike Messal ist ein atmosph\u00e4risches Krimi-H\u00f6rspiel voller Geheimnisse, unterschwelliger Spannung und nordischer Melancholie.Zwischen rauer K\u00fcstenlandschaft, peitschendem Wind und dunklen Abgr\u00fcnden entfaltet sich eine Geschichte, in der l\u00e4ngst Vergangenes pl\u00f6tzlich bedrohlich nah r\u00fcckt. Als alte Wahrheiten ans Licht dr\u00e4ngen, geraten Beziehungen ins [&hellip;]<\/p>\n","protected":false},"featured_media":2768,"comment_status":"open","ping_status":"closed","template":"","meta":[],"product_brand":[],"product_cat":[34],"product_tag":[],"class_list":{"0":"post-2762","1":"product","2":"type-product","3":"status-publish","4":"has-post-thumbnail","6":"product_cat-hoerspiel-krimi","8":"first","9":"instock","10":"sale","11":"virtual","12":"purchasable","13":"product-type-simple"},"jetpack_sharing_enabled":true,"_links":{"self":[{"href":"https:\/\/audiobook-24.com\/en\/wp-json\/wp\/v2\/product\/2762","targetHints":{"allow":["GET"]}}],"collection":[{"href":"https:\/\/audiobook-24.com\/en\/wp-json\/wp\/v2\/product"}],"about":[{"href":"https:\/\/audiobook-24.com\/en\/wp-json\/wp\/v2\/types\/product"}],"replies":[{"embeddable":true,"href":"https:\/\/audiobook-24.com\/en\/wp-json\/wp\/v2\/comments?post=2762"}],"wp:featuredmedia":[{"embeddable":true,"href":"https:\/\/audiobook-24.com\/en\/wp-json\/wp\/v2\/media\/2768"}],"wp:attachment":[{"href":"https:\/\/audiobook-24.com\/en\/wp-json\/wp\/v2\/media?parent=2762"}],"wp:term":[{"taxonomy":"product_brand","embeddable":true,"href":"https:\/\/audiobook-24.com\/en\/wp-json\/wp\/v2\/product_brand?post=2762"},{"taxonomy":"product_cat","embeddable":true,"href":"https:\/\/audiobook-24.com\/en\/wp-json\/wp\/v2\/product_cat?post=2762"},{"taxonomy":"product_tag","embeddable":true,"href":"https:\/\/audiobook-24.com\/en\/wp-json\/wp\/v2\/product_tag?post=2762"}],"curies":[{"name":"wp","href":"https:\/\/api.w.org\/{rel}","templated":true}]}}