{"id":2758,"date":"2026-02-12T15:43:28","date_gmt":"2026-02-12T15:43:28","guid":{"rendered":"https:\/\/audiobook-24.com\/?post_type=product&#038;p=2758"},"modified":"2026-02-12T15:43:29","modified_gmt":"2026-02-12T15:43:29","slug":"%f0%9f%8e%a7-hoerspiel-die-krimi-cops-stueckwerk-german","status":"publish","type":"product","link":"https:\/\/audiobook-24.com\/en\/product\/%f0%9f%8e%a7-hoerspiel-die-krimi-cops-stueckwerk-german\/","title":{"rendered":"\ud83c\udfa7 H\u00f6rspiel Die Krimi-Cops \u2013 St\u00fcckwerk \u2013 German"},"content":{"rendered":"<p data-start=\"0\" data-end=\"51\">\ud83c\udfa7 <strong data-start=\"3\" data-end=\"51\">H\u00f6rspiel Die Krimi-Cops \u2013 St\u00fcckwerk \u2013 German<\/strong><\/p>\n<p data-start=\"53\" data-end=\"368\">\u201e<strong data-start=\"54\" data-end=\"84\">Die Krimi-Cops \u2013 St\u00fcckwerk<\/strong>\u201c ist ein d\u00fcsteres, spannungsgeladenes Krimi-H\u00f6rspiel, das Ermittlungsarbeit, psychologischen Druck und einen verst\u00f6renden Fall miteinander verbindet.<br data-start=\"234\" data-end=\"237\" \/>Ein grausamer Fund stellt die Ermittler vor ein R\u00e4tsel, das sie Schritt f\u00fcr Schritt in die Abgr\u00fcnde menschlicher Grausamkeit f\u00fchrt.<\/p>\n<p data-start=\"370\" data-end=\"607\">Mit intensiver Atmosph\u00e4re, realistischen Dialogen und stetig wachsender Spannung entfaltet sich ein Fall, der nichts besch\u00f6nigt.<br data-start=\"498\" data-end=\"501\" \/>Jedes Puzzleteil bringt neue Fragen \u2013 und die Wahrheit setzt sich nur langsam, aber unaufhaltsam zusammen.<\/p>\n<p data-start=\"609\" data-end=\"664\">Ein kompromissloses H\u00f6rspiel f\u00fcr Fans harter Krimikost.<\/p>\n<p data-start=\"666\" data-end=\"870\"><strong data-start=\"666\" data-end=\"686\">Erwartet werden:<\/strong><br \/>\n\ud83d\ude94 Authentische Ermittlungen &amp; realistischer Ton<br data-start=\"735\" data-end=\"738\" \/>\ud83e\udde9 St\u00fcckweise Enth\u00fcllungen &amp; komplexer Fall<br data-start=\"781\" data-end=\"784\" \/>\ud83d\udd25 Hohe Spannung &amp; d\u00fcstere Stimmung<br data-start=\"819\" data-end=\"822\" \/>\ud83e\udde0 Psychologische Tiefe &amp; moralische Konflikte<\/p>\n<p data-start=\"872\" data-end=\"940\">Ideal f\u00fcr Krimi-Liebhaber, die intensive und ernste Stoffe sch\u00e4tzen.<\/p>\n<p data-start=\"942\" data-end=\"1113\">\ud83d\udd0a <strong data-start=\"945\" data-end=\"956\">Format:<\/strong> H\u00f6rspiel \/ Krimi \/ Thriller (MP3)<br data-start=\"990\" data-end=\"993\" \/>\u25b6\ufe0f Von Beginn an vollst\u00e4ndig h\u00f6rbar<br data-start=\"1028\" data-end=\"1031\" \/>\ud83d\udcf1 Geeignet f\u00fcr Handy, PC &amp; Tablet<br data-start=\"1065\" data-end=\"1068\" \/>\ud83c\udfb6 Abspielbar auf allen MP3-f\u00e4higen Ger\u00e4ten<\/p>\n<p data-start=\"1115\" data-end=\"1155\" data-is-last-node=\"\" data-is-only-node=\"\"><strong data-start=\"1115\" data-end=\"1155\" data-is-last-node=\"\">\ud83d\udc49 Einmal gekauft \u2013 f\u00fcr immer deins!<\/strong><\/p>","protected":false},"excerpt":{"rendered":"<p>\ud83c\udfa7 H\u00f6rspiel Die Krimi-Cops \u2013 St\u00fcckwerk \u2013 German \u201eDie Krimi-Cops \u2013 St\u00fcckwerk\u201c ist ein d\u00fcsteres, spannungsgeladenes Krimi-H\u00f6rspiel, das Ermittlungsarbeit, psychologischen Druck und einen verst\u00f6renden Fall miteinander verbindet.Ein grausamer Fund stellt die Ermittler vor ein R\u00e4tsel, das sie Schritt f\u00fcr Schritt in die Abgr\u00fcnde menschlicher Grausamkeit f\u00fchrt. Mit intensiver Atmosph\u00e4re, realistischen Dialogen und stetig wachsender Spannung [&hellip;]<\/p>\n","protected":false},"featured_media":2760,"comment_status":"open","ping_status":"closed","template":"","meta":[],"product_brand":[],"product_cat":[34],"product_tag":[],"class_list":{"0":"post-2758","1":"product","2":"type-product","3":"status-publish","4":"has-post-thumbnail","6":"product_cat-hoerspiel-krimi","8":"first","9":"instock","10":"sale","11":"virtual","12":"purchasable","13":"product-type-simple"},"jetpack_sharing_enabled":true,"_links":{"self":[{"href":"https:\/\/audiobook-24.com\/en\/wp-json\/wp\/v2\/product\/2758","targetHints":{"allow":["GET"]}}],"collection":[{"href":"https:\/\/audiobook-24.com\/en\/wp-json\/wp\/v2\/product"}],"about":[{"href":"https:\/\/audiobook-24.com\/en\/wp-json\/wp\/v2\/types\/product"}],"replies":[{"embeddable":true,"href":"https:\/\/audiobook-24.com\/en\/wp-json\/wp\/v2\/comments?post=2758"}],"wp:featuredmedia":[{"embeddable":true,"href":"https:\/\/audiobook-24.com\/en\/wp-json\/wp\/v2\/media\/2760"}],"wp:attachment":[{"href":"https:\/\/audiobook-24.com\/en\/wp-json\/wp\/v2\/media?parent=2758"}],"wp:term":[{"taxonomy":"product_brand","embeddable":true,"href":"https:\/\/audiobook-24.com\/en\/wp-json\/wp\/v2\/product_brand?post=2758"},{"taxonomy":"product_cat","embeddable":true,"href":"https:\/\/audiobook-24.com\/en\/wp-json\/wp\/v2\/product_cat?post=2758"},{"taxonomy":"product_tag","embeddable":true,"href":"https:\/\/audiobook-24.com\/en\/wp-json\/wp\/v2\/product_tag?post=2758"}],"curies":[{"name":"wp","href":"https:\/\/api.w.org\/{rel}","templated":true}]}}