{"id":2756,"date":"2026-02-12T15:36:28","date_gmt":"2026-02-12T15:36:28","guid":{"rendered":"https:\/\/audiobook-24.com\/?post_type=product&#038;p=2756"},"modified":"2026-02-12T15:36:29","modified_gmt":"2026-02-12T15:36:29","slug":"%f0%9f%8e%a7-hoerspiel-danielle-trussoni-das-zweite-raetsel-german","status":"publish","type":"product","link":"https:\/\/audiobook-24.com\/en\/product\/%f0%9f%8e%a7-hoerspiel-danielle-trussoni-das-zweite-raetsel-german\/","title":{"rendered":"\ud83c\udfa7 H\u00f6rspiel Danielle Trussoni \u2013 Das zweite R\u00e4tsel \u2013 German"},"content":{"rendered":"<p data-start=\"0\" data-end=\"62\">\ud83c\udfa7 <strong data-start=\"3\" data-end=\"62\">H\u00f6rspiel Danielle Trussoni \u2013 Das zweite R\u00e4tsel \u2013 German<\/strong><\/p>\n<p data-start=\"64\" data-end=\"364\">\u201e<strong data-start=\"65\" data-end=\"106\">Danielle Trussoni \u2013 Das zweite R\u00e4tsel<\/strong>\u201c ist ein geheimnisvolles Mystery-H\u00f6rspiel voller Symbole, verborgener Botschaften und d\u00fcsterer Erkenntnisse.<br data-start=\"215\" data-end=\"218\" \/>Ein ungel\u00f6stes R\u00e4tsel f\u00fchrt tiefer in ein Netz aus uralten Geheimnissen, gef\u00e4hrlichem Wissen und Wahrheiten, die besser verborgen geblieben w\u00e4ren.<\/p>\n<p data-start=\"366\" data-end=\"637\">Mit dichter Atmosph\u00e4re, intelligenter Handlung und stetig wachsender Spannung entfaltet sich eine Geschichte, in der jedes Detail z\u00e4hlt.<br data-start=\"502\" data-end=\"505\" \/>Vergangenheit und Gegenwart greifen ineinander, w\u00e4hrend Hinweise entschl\u00fcsselt werden m\u00fcssen \u2013 und jede L\u00f6sung neue Fragen aufwirft.<\/p>\n<p data-start=\"639\" data-end=\"722\">Ein fesselndes H\u00f6rspiel f\u00fcr Fans von Mystery, R\u00e4tseln und psychologischer Spannung.<\/p>\n<p data-start=\"724\" data-end=\"914\"><strong data-start=\"724\" data-end=\"744\">Erwartet werden:<\/strong><br \/>\n\ud83e\udde9 Komplexe R\u00e4tsel &amp; versteckte Hinweise<br data-start=\"785\" data-end=\"788\" \/>\ud83d\udd6f\ufe0f Dunkle Geheimnisse &amp; mysteri\u00f6se Atmosph\u00e4re<br data-start=\"834\" data-end=\"837\" \/>\ud83e\udde0 Intelligente Story mit Tiefgang<br data-start=\"871\" data-end=\"874\" \/>\ud83c\udfa7 Spannender H\u00f6rgenuss mit Sogwirkung<\/p>\n<p data-start=\"916\" data-end=\"989\">Ideal f\u00fcr H\u00f6rerinnen und H\u00f6rer, die anspruchsvolle Mystery-Stoffe lieben.<\/p>\n<p data-start=\"991\" data-end=\"1164\">\ud83d\udd0a <strong data-start=\"994\" data-end=\"1005\">Format:<\/strong> H\u00f6rspiel \/ Mystery \/ Thriller (MP3)<br data-start=\"1041\" data-end=\"1044\" \/>\u25b6\ufe0f Von Beginn an vollst\u00e4ndig h\u00f6rbar<br data-start=\"1079\" data-end=\"1082\" \/>\ud83d\udcf1 Geeignet f\u00fcr Handy, PC &amp; Tablet<br data-start=\"1116\" data-end=\"1119\" \/>\ud83c\udfb6 Abspielbar auf allen MP3-f\u00e4higen Ger\u00e4ten<\/p>\n<p data-start=\"1166\" data-end=\"1206\" data-is-last-node=\"\" data-is-only-node=\"\"><strong data-start=\"1166\" data-end=\"1206\" data-is-last-node=\"\">\ud83d\udc49 Einmal gekauft \u2013 f\u00fcr immer deins!<\/strong><\/p>","protected":false},"excerpt":{"rendered":"<p>\ud83c\udfa7 H\u00f6rspiel Danielle Trussoni \u2013 Das zweite R\u00e4tsel \u2013 German \u201eDanielle Trussoni \u2013 Das zweite R\u00e4tsel\u201c ist ein geheimnisvolles Mystery-H\u00f6rspiel voller Symbole, verborgener Botschaften und d\u00fcsterer Erkenntnisse.Ein ungel\u00f6stes R\u00e4tsel f\u00fchrt tiefer in ein Netz aus uralten Geheimnissen, gef\u00e4hrlichem Wissen und Wahrheiten, die besser verborgen geblieben w\u00e4ren. Mit dichter Atmosph\u00e4re, intelligenter Handlung und stetig wachsender Spannung [&hellip;]<\/p>\n","protected":false},"featured_media":2757,"comment_status":"open","ping_status":"closed","template":"","meta":[],"product_brand":[],"product_cat":[34],"product_tag":[],"class_list":{"0":"post-2756","1":"product","2":"type-product","3":"status-publish","4":"has-post-thumbnail","6":"product_cat-hoerspiel-krimi","8":"first","9":"instock","10":"sale","11":"virtual","12":"purchasable","13":"product-type-simple"},"jetpack_sharing_enabled":true,"_links":{"self":[{"href":"https:\/\/audiobook-24.com\/en\/wp-json\/wp\/v2\/product\/2756","targetHints":{"allow":["GET"]}}],"collection":[{"href":"https:\/\/audiobook-24.com\/en\/wp-json\/wp\/v2\/product"}],"about":[{"href":"https:\/\/audiobook-24.com\/en\/wp-json\/wp\/v2\/types\/product"}],"replies":[{"embeddable":true,"href":"https:\/\/audiobook-24.com\/en\/wp-json\/wp\/v2\/comments?post=2756"}],"wp:featuredmedia":[{"embeddable":true,"href":"https:\/\/audiobook-24.com\/en\/wp-json\/wp\/v2\/media\/2757"}],"wp:attachment":[{"href":"https:\/\/audiobook-24.com\/en\/wp-json\/wp\/v2\/media?parent=2756"}],"wp:term":[{"taxonomy":"product_brand","embeddable":true,"href":"https:\/\/audiobook-24.com\/en\/wp-json\/wp\/v2\/product_brand?post=2756"},{"taxonomy":"product_cat","embeddable":true,"href":"https:\/\/audiobook-24.com\/en\/wp-json\/wp\/v2\/product_cat?post=2756"},{"taxonomy":"product_tag","embeddable":true,"href":"https:\/\/audiobook-24.com\/en\/wp-json\/wp\/v2\/product_tag?post=2756"}],"curies":[{"name":"wp","href":"https:\/\/api.w.org\/{rel}","templated":true}]}}