{"id":2746,"date":"2026-02-12T10:06:35","date_gmt":"2026-02-12T10:06:35","guid":{"rendered":"https:\/\/audiobook-24.com\/?post_type=product&#038;p=2746"},"modified":"2026-02-12T10:06:37","modified_gmt":"2026-02-12T10:06:37","slug":"%f0%9f%8e%a7-hoerspiel-y-hanna-morden-und-tee-trinken-german","status":"publish","type":"product","link":"https:\/\/audiobook-24.com\/en\/product\/%f0%9f%8e%a7-hoerspiel-y-hanna-morden-und-tee-trinken-german\/","title":{"rendered":"\ud83c\udfa7 H\u00f6rspiel Y Hanna \u2013 Morden und Tee trinken \u2013 German"},"content":{"rendered":"<p data-start=\"0\" data-end=\"57\">\ud83c\udfa7 <strong data-start=\"3\" data-end=\"57\">H\u00f6rspiel Y Hanna \u2013 Morden und Tee trinken \u2013 German<\/strong><\/p>\n<p data-start=\"59\" data-end=\"372\">\u201e<strong data-start=\"60\" data-end=\"96\">Y Hanna \u2013 Morden und Tee trinken<\/strong>\u201c ist ein atmosph\u00e4risches Krimi-H\u00f6rspiel, das britischen Charme, schwarzen Humor und t\u00f6dliche Geheimnisse miteinander verbindet.<br data-start=\"224\" data-end=\"227\" \/>Zwischen Teetassen, h\u00f6flichen Gespr\u00e4chen und scheinbarer Idylle verbirgt sich ein Netz aus Intrigen, L\u00fcgen und Mord \u2013 und Hanna steht mittendrin.<\/p>\n<p data-start=\"374\" data-end=\"665\">Mit ruhigem Erz\u00e4hltempo, pointierten Dialogen und einer spannungsgeladenen Handlung entfaltet sich ein Kriminalfall, der weniger durch rohe Gewalt, sondern durch Cleverness, Ironie und psychologische Tiefe \u00fcberzeugt.<br data-start=\"590\" data-end=\"593\" \/>Ein H\u00f6rspiel, das beweist, dass Mord auch mit Stil serviert werden kann.<\/p>\n<p data-start=\"667\" data-end=\"889\"><strong data-start=\"667\" data-end=\"687\">Erwartet werden:<\/strong><br \/>\n\ud83e\uded6 Schwarzer Humor &amp; britisch angehauchte Atmosph\u00e4re<br data-start=\"740\" data-end=\"743\" \/>\ud83d\udd0d Spannender Kriminalfall mit cleveren Wendungen<br data-start=\"792\" data-end=\"795\" \/>\ud83e\udde0 Psychologische Tiefe &amp; subtile Spannung<br data-start=\"837\" data-end=\"840\" \/>\ud83c\udfa7 H\u00f6rgenuss mit ruhigem, fesselndem Erz\u00e4hlstil<\/p>\n<p data-start=\"891\" data-end=\"970\">Perfekt f\u00fcr Krimi-Fans, die intelligente Geschichten und feinen Humor sch\u00e4tzen.<\/p>\n<p data-start=\"972\" data-end=\"1143\">\ud83d\udd0a <strong data-start=\"975\" data-end=\"986\">Format:<\/strong> H\u00f6rspiel \/ Krimi \/ Spannung (MP3)<br data-start=\"1020\" data-end=\"1023\" \/>\u25b6\ufe0f Von Beginn an vollst\u00e4ndig h\u00f6rbar<br data-start=\"1058\" data-end=\"1061\" \/>\ud83d\udcf1 Geeignet f\u00fcr Handy, PC &amp; Tablet<br data-start=\"1095\" data-end=\"1098\" \/>\ud83c\udfb6 Abspielbar auf allen MP3-f\u00e4higen Ger\u00e4ten<\/p>\n<p data-start=\"1145\" data-end=\"1185\" data-is-last-node=\"\" data-is-only-node=\"\"><strong data-start=\"1145\" data-end=\"1185\" data-is-last-node=\"\">\ud83d\udc49 Einmal gekauft \u2013 f\u00fcr immer deins!<\/strong><\/p>","protected":false},"excerpt":{"rendered":"<p>\ud83c\udfa7 H\u00f6rspiel Y Hanna \u2013 Morden und Tee trinken \u2013 German \u201eY Hanna \u2013 Morden und Tee trinken\u201c ist ein atmosph\u00e4risches Krimi-H\u00f6rspiel, das britischen Charme, schwarzen Humor und t\u00f6dliche Geheimnisse miteinander verbindet.Zwischen Teetassen, h\u00f6flichen Gespr\u00e4chen und scheinbarer Idylle verbirgt sich ein Netz aus Intrigen, L\u00fcgen und Mord \u2013 und Hanna steht mittendrin. Mit ruhigem Erz\u00e4hltempo, [&hellip;]<\/p>\n","protected":false},"featured_media":2755,"comment_status":"open","ping_status":"closed","template":"","meta":[],"product_brand":[],"product_cat":[34],"product_tag":[],"class_list":{"0":"post-2746","1":"product","2":"type-product","3":"status-publish","4":"has-post-thumbnail","6":"product_cat-hoerspiel-krimi","8":"first","9":"instock","10":"sale","11":"virtual","12":"purchasable","13":"product-type-simple"},"jetpack_sharing_enabled":true,"_links":{"self":[{"href":"https:\/\/audiobook-24.com\/en\/wp-json\/wp\/v2\/product\/2746","targetHints":{"allow":["GET"]}}],"collection":[{"href":"https:\/\/audiobook-24.com\/en\/wp-json\/wp\/v2\/product"}],"about":[{"href":"https:\/\/audiobook-24.com\/en\/wp-json\/wp\/v2\/types\/product"}],"replies":[{"embeddable":true,"href":"https:\/\/audiobook-24.com\/en\/wp-json\/wp\/v2\/comments?post=2746"}],"wp:featuredmedia":[{"embeddable":true,"href":"https:\/\/audiobook-24.com\/en\/wp-json\/wp\/v2\/media\/2755"}],"wp:attachment":[{"href":"https:\/\/audiobook-24.com\/en\/wp-json\/wp\/v2\/media?parent=2746"}],"wp:term":[{"taxonomy":"product_brand","embeddable":true,"href":"https:\/\/audiobook-24.com\/en\/wp-json\/wp\/v2\/product_brand?post=2746"},{"taxonomy":"product_cat","embeddable":true,"href":"https:\/\/audiobook-24.com\/en\/wp-json\/wp\/v2\/product_cat?post=2746"},{"taxonomy":"product_tag","embeddable":true,"href":"https:\/\/audiobook-24.com\/en\/wp-json\/wp\/v2\/product_tag?post=2746"}],"curies":[{"name":"wp","href":"https:\/\/api.w.org\/{rel}","templated":true}]}}