{"id":2725,"date":"2026-02-08T17:45:25","date_gmt":"2026-02-08T17:45:25","guid":{"rendered":"https:\/\/audiobook-24.com\/?post_type=product&#038;p=2725"},"modified":"2026-02-08T17:45:25","modified_gmt":"2026-02-08T17:45:25","slug":"%f0%9f%8e%a7-erotik-hoerspiel-die-vier-geilen-bruederungekuerzt","status":"publish","type":"product","link":"https:\/\/audiobook-24.com\/en\/product\/%f0%9f%8e%a7-erotik-hoerspiel-die-vier-geilen-bruederungekuerzt\/","title":{"rendered":"\ud83c\udfa7 Erotik-H\u00f6rspiel  \u2013   Die vier Geilen Br\u00fcder(Ungek\u00fcrzt)"},"content":{"rendered":"<p data-start=\"0\" data-end=\"150\">Ein Ort jenseits der Regeln. Vier Verlockungen. Und eine Nacht, die alles ver\u00e4ndert.<\/p>\n<p data-start=\"152\" data-end=\"344\">Abseits der Stadt steht ein Haus, von dem man nur im Fl\u00fcsterton spricht. Wer seine Schwelle \u00fcberschreitet, l\u00e4sst den Alltag zur\u00fcck \u2013 und betritt eine Welt, in der Lust keine Erkl\u00e4rung braucht.<\/p>\n<p data-start=\"346\" data-end=\"465\">Vier M\u00e4nner.<br data-start=\"358\" data-end=\"361\" \/>Jeder von ihnen anders.<br data-start=\"384\" data-end=\"387\" \/>Jeder mit einem eigenen Spiel aus N\u00e4he, Dominanz, Z\u00e4rtlichkeit und Verf\u00fchrung.<\/p>\n<p data-start=\"467\" data-end=\"608\">Als eine Frau das Haus betritt, wei\u00df sie nicht, was sie erwartet. Doch sie sp\u00fcrt sofort:<br data-start=\"555\" data-end=\"558\" \/>Hier wird nichts genommen.<br data-start=\"584\" data-end=\"587\" \/>Hier wird eingeladen.<\/p>\n<p data-start=\"610\" data-end=\"843\">Zwischen ged\u00e4mpftem Licht, langsamen Ber\u00fchrungen und spannungsgeladenen Blicken entfaltet sich eine Nacht voller Intensit\u00e4t. Grenzen werden nicht \u00fcberschritten \u2013 sie werden bewusst verschoben. Lust wird geteilt, gesteigert, genossen.<\/p>\n<p data-start=\"845\" data-end=\"922\">Vier Wege.<br data-start=\"855\" data-end=\"858\" \/>Ein Verlangen.<br data-start=\"872\" data-end=\"875\" \/>Und die Freiheit, sich selbst neu zu entdecken.<\/p>\n<p data-start=\"924\" data-end=\"1077\">Ein sinnlich-atmosph\u00e4risches Erotik-H\u00f6rspiel f\u00fcr Erwachsene \u00fcber Hingabe, Vielfalt und das Spiel mit der Lust \u2013 stilvoll, intensiv und ohne Eile erz\u00e4hlt.<\/p>\n<p data-start=\"1079\" data-end=\"1119\">\ud83d\udd0a <strong data-start=\"1082\" data-end=\"1093\">Format:<\/strong> H\u00f6rspiel (MP3, ungek\u00fcrzt)<\/p>\n<p data-start=\"1121\" data-end=\"1270\">\u2b07\ufe0f Sofortiger Download f\u00fcr Handy<br data-start=\"1153\" data-end=\"1156\" \/>\u2b07\ufe0f Sofortiger Download f\u00fcr PC<br data-start=\"1185\" data-end=\"1188\" \/>\u2b07\ufe0f Sofortiger Download f\u00fcrs Tablet<br data-start=\"1222\" data-end=\"1225\" \/>\u2b07\ufe0f Kompatibel mit allen MP3-f\u00e4higen Ger\u00e4ten<\/p>\n<p data-start=\"1272\" data-end=\"1308\"><strong data-start=\"1272\" data-end=\"1308\">Einmal gekauft \u2013 f\u00fcr immer dein.<\/strong><\/p>","protected":false},"excerpt":{"rendered":"<p>Ein Ort jenseits der Regeln. Vier Verlockungen. Und eine Nacht, die alles ver\u00e4ndert. Abseits der Stadt steht ein Haus, von dem man nur im Fl\u00fcsterton spricht. Wer seine Schwelle \u00fcberschreitet, l\u00e4sst den Alltag zur\u00fcck \u2013 und betritt eine Welt, in der Lust keine Erkl\u00e4rung braucht. Vier M\u00e4nner.Jeder von ihnen anders.Jeder mit einem eigenen Spiel aus [&hellip;]<\/p>\n","protected":false},"featured_media":2729,"comment_status":"open","ping_status":"closed","template":"","meta":[],"product_brand":[],"product_cat":[30],"product_tag":[],"class_list":{"0":"post-2725","1":"product","2":"type-product","3":"status-publish","4":"has-post-thumbnail","6":"product_cat-erotik-hoerbuecher","8":"first","9":"instock","10":"sale","11":"virtual","12":"purchasable","13":"product-type-simple"},"jetpack_sharing_enabled":true,"_links":{"self":[{"href":"https:\/\/audiobook-24.com\/en\/wp-json\/wp\/v2\/product\/2725","targetHints":{"allow":["GET"]}}],"collection":[{"href":"https:\/\/audiobook-24.com\/en\/wp-json\/wp\/v2\/product"}],"about":[{"href":"https:\/\/audiobook-24.com\/en\/wp-json\/wp\/v2\/types\/product"}],"replies":[{"embeddable":true,"href":"https:\/\/audiobook-24.com\/en\/wp-json\/wp\/v2\/comments?post=2725"}],"wp:featuredmedia":[{"embeddable":true,"href":"https:\/\/audiobook-24.com\/en\/wp-json\/wp\/v2\/media\/2729"}],"wp:attachment":[{"href":"https:\/\/audiobook-24.com\/en\/wp-json\/wp\/v2\/media?parent=2725"}],"wp:term":[{"taxonomy":"product_brand","embeddable":true,"href":"https:\/\/audiobook-24.com\/en\/wp-json\/wp\/v2\/product_brand?post=2725"},{"taxonomy":"product_cat","embeddable":true,"href":"https:\/\/audiobook-24.com\/en\/wp-json\/wp\/v2\/product_cat?post=2725"},{"taxonomy":"product_tag","embeddable":true,"href":"https:\/\/audiobook-24.com\/en\/wp-json\/wp\/v2\/product_tag?post=2725"}],"curies":[{"name":"wp","href":"https:\/\/api.w.org\/{rel}","templated":true}]}}