{"id":2722,"date":"2026-02-08T18:09:17","date_gmt":"2026-02-08T18:09:17","guid":{"rendered":"https:\/\/audiobook-24.com\/?post_type=product&#038;p=2722"},"modified":"2026-02-12T15:54:53","modified_gmt":"2026-02-12T15:54:53","slug":"%f0%9f%8e%a7-just4women-box-1-folge-02-online-liebe-ungekuerzt","status":"publish","type":"product","link":"https:\/\/audiobook-24.com\/en\/product\/%f0%9f%8e%a7-just4women-box-1-folge-02-online-liebe-ungekuerzt\/","title":{"rendered":"\ud83c\udfa7 Just4Women \u2013 Box 1 | Folge 02 \u2013 Online-Liebe (Ungek\u00fcrzt)"},"content":{"rendered":"<p>\ud83c\udfa7 <strong>Just4Women \u2013 Box 1 | Folge 02 \u2013 Online-Liebe (Ungek\u00fcrzt)<\/strong><br \/>\nEin Chat. Eine Stimme. Und Gef\u00fchle, die n\u00e4her sind, als gedacht.<\/p>\n<p>Es beginnt harmlos. Ein Profil. Ein paar Nachrichten.<br \/>\nWorte, die neugierig machen. Emojis, die mehr sagen als geplant. Und Gespr\u00e4che, die pl\u00f6tzlich tiefer gehen.<\/p>\n<p>Zwei erwachsene Frauen lernen sich online kennen. Ohne Gesichter. Ohne Ber\u00fchrung. Und doch entsteht N\u00e4he. Ehrlich, vorsichtig, aufregend. Fantasien werden geteilt, Unsicherheiten ausgesprochen, Verlangen langsam zugelassen.<\/p>\n<p>Die Distanz macht mutig.<br \/>\nDie Anonymit\u00e4t macht ehrlich.<\/p>\n<p>Sprachnachrichten werden zu Momenten der Intimit\u00e4t. Stimmen zu Ber\u00fchrungen im Kopf. Und irgendwann stellt sich die Frage:<br \/>\nWas passiert, wenn virtuelle N\u00e4he real wird?<\/p>\n<p>Ein gef\u00fchlvolles, erotisches H\u00f6rspiel f\u00fcr Frauen \u00fcber Sehnsucht, Vertrauen und die besondere Magie digitaler Begegnungen \u2013 sinnlich, emotional und warm erz\u00e4hlt.<\/p>\n<p>\ud83d\udd0a <strong>Format:<\/strong> H\u00f6rspiel (MP3, ungek\u00fcrzt)<\/p>\n<p>\u2b07\ufe0f Sofortiger Download f\u00fcr Handy<br \/>\n\u2b07\ufe0f Sofortiger Download f\u00fcr PC<br \/>\n\u2b07\ufe0f Sofortiger Download f\u00fcrs Tablet<br \/>\n\u2b07\ufe0f Kompatibel mit allen MP3-f\u00e4higen Ger\u00e4ten<\/p>\n<p><strong>Einmal gekauft \u2013 f\u00fcr immer dein.<\/strong><\/p>\n<p>&nbsp;<\/p>","protected":false},"excerpt":{"rendered":"<p>\ud83c\udfa7 Just4Women \u2013 Box 1 | Folge 02 \u2013 Online-Liebe (Ungek\u00fcrzt) Ein Chat. Eine Stimme. Und Gef\u00fchle, die n\u00e4her sind, als gedacht. Es beginnt harmlos. Ein Profil. Ein paar Nachrichten. Worte, die neugierig machen. Emojis, die mehr sagen als geplant. Und Gespr\u00e4che, die pl\u00f6tzlich tiefer gehen. Zwei erwachsene Frauen lernen sich online kennen. Ohne Gesichter. [&hellip;]<\/p>\n","protected":false},"featured_media":2731,"comment_status":"open","ping_status":"closed","template":"","meta":[],"product_brand":[],"product_cat":[30,48],"product_tag":[],"class_list":{"0":"post-2722","1":"product","2":"type-product","3":"status-publish","4":"has-post-thumbnail","6":"product_cat-erotik-hoerbuecher","7":"product_cat-grusel-geschichten","9":"first","10":"instock","11":"sale","12":"virtual","13":"purchasable","14":"product-type-simple"},"jetpack_sharing_enabled":true,"_links":{"self":[{"href":"https:\/\/audiobook-24.com\/en\/wp-json\/wp\/v2\/product\/2722","targetHints":{"allow":["GET"]}}],"collection":[{"href":"https:\/\/audiobook-24.com\/en\/wp-json\/wp\/v2\/product"}],"about":[{"href":"https:\/\/audiobook-24.com\/en\/wp-json\/wp\/v2\/types\/product"}],"replies":[{"embeddable":true,"href":"https:\/\/audiobook-24.com\/en\/wp-json\/wp\/v2\/comments?post=2722"}],"wp:featuredmedia":[{"embeddable":true,"href":"https:\/\/audiobook-24.com\/en\/wp-json\/wp\/v2\/media\/2731"}],"wp:attachment":[{"href":"https:\/\/audiobook-24.com\/en\/wp-json\/wp\/v2\/media?parent=2722"}],"wp:term":[{"taxonomy":"product_brand","embeddable":true,"href":"https:\/\/audiobook-24.com\/en\/wp-json\/wp\/v2\/product_brand?post=2722"},{"taxonomy":"product_cat","embeddable":true,"href":"https:\/\/audiobook-24.com\/en\/wp-json\/wp\/v2\/product_cat?post=2722"},{"taxonomy":"product_tag","embeddable":true,"href":"https:\/\/audiobook-24.com\/en\/wp-json\/wp\/v2\/product_tag?post=2722"}],"curies":[{"name":"wp","href":"https:\/\/api.w.org\/{rel}","templated":true}]}}