{"id":2720,"date":"2026-02-08T17:19:49","date_gmt":"2026-02-08T17:19:49","guid":{"rendered":"https:\/\/audiobook-24.com\/?post_type=product&#038;p=2720"},"modified":"2026-02-08T17:21:08","modified_gmt":"2026-02-08T17:21:08","slug":"%f0%9f%8e%a7-erotik-hoerspiel-01-dornroeschen","status":"publish","type":"product","link":"https:\/\/audiobook-24.com\/en\/product\/%f0%9f%8e%a7-erotik-hoerspiel-01-dornroeschen\/","title":{"rendered":"\ud83c\udfa7 Erotik-H\u00f6rspiel 01 \u2013 Dornm\u00f6schen"},"content":{"rendered":"<p data-start=\"0\" data-end=\"122\">\ud83c\udfa7 <strong data-start=\"3\" data-end=\"51\">Erotik-H\u00f6rspiel 01 \u2013 Dornm\u00f6schen (Ungek\u00fcrzt)<\/strong><br data-start=\"51\" data-end=\"54\" \/>Ein M\u00e4rchen. Eine Versuchung. Und ein Erwachen, das alles ver\u00e4ndert.<\/p>\n<p data-start=\"124\" data-end=\"317\">Seit hundert Jahren liegt sie im Schlaf.<br data-start=\"164\" data-end=\"167\" \/>Eingeh\u00fcllt in Stille, umgeben von Dornen \u2013 und gefangen zwischen Traum und Verlangen. Dornr\u00f6schen wartet. Nicht auf Rettung. Sondern auf das Erwachen.<\/p>\n<p data-start=\"319\" data-end=\"562\">Als ein Fremder das verlassene Schloss betritt, sp\u00fcrt sie ihn, noch bevor er sie ber\u00fchrt. Seine N\u00e4he durchdringt ihre Tr\u00e4ume, weckt Gef\u00fchle, die sie nie erleben durfte. Mit jedem Atemzug wird die Grenze zwischen Schlaf und Wirklichkeit d\u00fcnner.<\/p>\n<p data-start=\"564\" data-end=\"668\">Der Kuss ist kein M\u00e4rchenmoment.<br data-start=\"596\" data-end=\"599\" \/>Er ist ein Versprechen.<br data-start=\"622\" data-end=\"625\" \/>Und der Beginn einer sinnlichen Entdeckung.<\/p>\n<p data-start=\"670\" data-end=\"840\">Was folgt, ist ein intensives Spiel aus N\u00e4he, Hingabe und neu erwachtem Begehren. Dornr\u00f6schen lernt ihren K\u00f6rper kennen, ihre Lust \u2013 und die Macht, die im Erwachen liegt.<\/p>\n<p data-start=\"842\" data-end=\"974\">Ein erotisches H\u00f6rspiel f\u00fcr Erwachsene, das klassische Motive neu interpretiert: sinnlich, atmosph\u00e4risch und voller leiser Spannung.<\/p>\n<p data-start=\"976\" data-end=\"1016\">\ud83d\udd0a <strong data-start=\"979\" data-end=\"990\">Format:<\/strong> H\u00f6rspiel (MP3, ungek\u00fcrzt)<\/p>\n<p data-start=\"1018\" data-end=\"1167\">\u2b07\ufe0f Sofortiger Download f\u00fcr Handy<br data-start=\"1050\" data-end=\"1053\" \/>\u2b07\ufe0f Sofortiger Download f\u00fcr PC<br data-start=\"1082\" data-end=\"1085\" \/>\u2b07\ufe0f Sofortiger Download f\u00fcrs Tablet<br data-start=\"1119\" data-end=\"1122\" \/>\u2b07\ufe0f Kompatibel mit allen MP3-f\u00e4higen Ger\u00e4ten<\/p>\n<p data-start=\"1169\" data-end=\"1207\"><strong data-start=\"1169\" data-end=\"1205\">Einmal gekauft \u2013 f\u00fcr immer dein.<\/strong><\/p>","protected":false},"excerpt":{"rendered":"<p>\ud83c\udfa7 Erotik-H\u00f6rspiel 01 \u2013 Dornm\u00f6schen (Ungek\u00fcrzt)Ein M\u00e4rchen. Eine Versuchung. Und ein Erwachen, das alles ver\u00e4ndert. Seit hundert Jahren liegt sie im Schlaf.Eingeh\u00fcllt in Stille, umgeben von Dornen \u2013 und gefangen zwischen Traum und Verlangen. Dornr\u00f6schen wartet. Nicht auf Rettung. Sondern auf das Erwachen. Als ein Fremder das verlassene Schloss betritt, sp\u00fcrt sie ihn, noch bevor [&hellip;]<\/p>\n","protected":false},"featured_media":2727,"comment_status":"open","ping_status":"closed","template":"","meta":[],"product_brand":[],"product_cat":[30],"product_tag":[],"class_list":{"0":"post-2720","1":"product","2":"type-product","3":"status-publish","4":"has-post-thumbnail","6":"product_cat-erotik-hoerbuecher","8":"first","9":"instock","10":"sale","11":"virtual","12":"purchasable","13":"product-type-simple"},"jetpack_sharing_enabled":true,"_links":{"self":[{"href":"https:\/\/audiobook-24.com\/en\/wp-json\/wp\/v2\/product\/2720","targetHints":{"allow":["GET"]}}],"collection":[{"href":"https:\/\/audiobook-24.com\/en\/wp-json\/wp\/v2\/product"}],"about":[{"href":"https:\/\/audiobook-24.com\/en\/wp-json\/wp\/v2\/types\/product"}],"replies":[{"embeddable":true,"href":"https:\/\/audiobook-24.com\/en\/wp-json\/wp\/v2\/comments?post=2720"}],"wp:featuredmedia":[{"embeddable":true,"href":"https:\/\/audiobook-24.com\/en\/wp-json\/wp\/v2\/media\/2727"}],"wp:attachment":[{"href":"https:\/\/audiobook-24.com\/en\/wp-json\/wp\/v2\/media?parent=2720"}],"wp:term":[{"taxonomy":"product_brand","embeddable":true,"href":"https:\/\/audiobook-24.com\/en\/wp-json\/wp\/v2\/product_brand?post=2720"},{"taxonomy":"product_cat","embeddable":true,"href":"https:\/\/audiobook-24.com\/en\/wp-json\/wp\/v2\/product_cat?post=2720"},{"taxonomy":"product_tag","embeddable":true,"href":"https:\/\/audiobook-24.com\/en\/wp-json\/wp\/v2\/product_tag?post=2720"}],"curies":[{"name":"wp","href":"https:\/\/api.w.org\/{rel}","templated":true}]}}