{"id":2713,"date":"2026-02-08T04:27:41","date_gmt":"2026-02-08T04:27:41","guid":{"rendered":"https:\/\/audiobook-24.com\/?post_type=product&#038;p=2713"},"modified":"2026-02-08T04:27:42","modified_gmt":"2026-02-08T04:27:42","slug":"%f0%9f%8e%a7-hoerbuch-sebastian-fitzek-das-kind-ungekuerzt","status":"publish","type":"product","link":"https:\/\/audiobook-24.com\/en\/product\/%f0%9f%8e%a7-hoerbuch-sebastian-fitzek-das-kind-ungekuerzt\/","title":{"rendered":"\ud83c\udfa7 H\u00f6rbuch \u2013 Sebastian Fitzek \u2013 Das Kind (Ungek\u00fcrzt)"},"content":{"rendered":"<p>\ud83c\udfa7 <strong>H\u00f6rbuch \u2013 Sebastian Fitzek \u2013 Das Kind (Ungek\u00fcrzt)<\/strong><br \/>\nEin Albtraum aus der Vergangenheit. Und ein Kind, das nie existieren d\u00fcrfte.<\/p>\n<p>Der Berliner Anwalt Robert Stern erh\u00e4lt den Auftrag seines Lebens:<br \/>\nEr soll die Unschuld eines Mannes beweisen, der vor Jahren gestanden hat, ein Kind ermordet zu haben \u2013 ein Kind, das es laut Akten nie gegeben hat.<\/p>\n<p>Doch je tiefer Stern in den Fall eintaucht, desto mehr Zweifel kommen auf. Hinweise tauchen auf. Spuren. Und schlie\u00dflich ein Junge, der behauptet, dieses tote Kind zu sein.<\/p>\n<p>Was als juristischer Auftrag beginnt, wird zu einer Reise in menschliche Abgr\u00fcnde. Erinnerungen, Schuld und verdr\u00e4ngte Wahrheit verweben sich zu einem Netz, aus dem es kein Entkommen gibt.<\/p>\n<p>Denn wenn das Kind wirklich existiert hat, dann ist nichts so, wie es scheint.<br \/>\nUnd manche Wahrheiten sind t\u00f6dlicher als jede L\u00fcge.<\/p>\n<p>Ein verst\u00f6render, emotional aufgeladener Psychothriller \u00fcber Schuld, Trauma und die dunklen Seiten der menschlichen Seele.<\/p>\n<p>\ud83d\udd0a <strong>Format:<\/strong> H\u00f6rbuch (MP3, ungek\u00fcrzt)<\/p>\n<p>\u2b07\ufe0f Sofortiger Download f\u00fcr Handy<br \/>\n\u2b07\ufe0f Sofortiger Download f\u00fcr PC<br \/>\n\u2b07\ufe0f Sofortiger Download f\u00fcrs Tablet<br \/>\n\u2b07\ufe0f Kompatibel mit allen MP3-f\u00e4higen Ger\u00e4ten<\/p>\n<p><strong>Einmal gekauft \u2013 f\u00fcr immer dein!<\/strong><\/p>","protected":false},"excerpt":{"rendered":"<p>\ud83c\udfa7 H\u00f6rbuch \u2013 Sebastian Fitzek \u2013 Das Kind (Ungek\u00fcrzt) Ein Albtraum aus der Vergangenheit. Und ein Kind, das nie existieren d\u00fcrfte. Der Berliner Anwalt Robert Stern erh\u00e4lt den Auftrag seines Lebens: Er soll die Unschuld eines Mannes beweisen, der vor Jahren gestanden hat, ein Kind ermordet zu haben \u2013 ein Kind, das es laut Akten [&hellip;]<\/p>\n","protected":false},"featured_media":2715,"comment_status":"open","ping_status":"closed","template":"","meta":[],"product_brand":[],"product_cat":[19],"product_tag":[],"class_list":{"0":"post-2713","1":"product","2":"type-product","3":"status-publish","4":"has-post-thumbnail","6":"product_cat-hoerbuecher","8":"first","9":"instock","10":"sale","11":"virtual","12":"purchasable","13":"product-type-simple"},"jetpack_sharing_enabled":true,"_links":{"self":[{"href":"https:\/\/audiobook-24.com\/en\/wp-json\/wp\/v2\/product\/2713","targetHints":{"allow":["GET"]}}],"collection":[{"href":"https:\/\/audiobook-24.com\/en\/wp-json\/wp\/v2\/product"}],"about":[{"href":"https:\/\/audiobook-24.com\/en\/wp-json\/wp\/v2\/types\/product"}],"replies":[{"embeddable":true,"href":"https:\/\/audiobook-24.com\/en\/wp-json\/wp\/v2\/comments?post=2713"}],"wp:featuredmedia":[{"embeddable":true,"href":"https:\/\/audiobook-24.com\/en\/wp-json\/wp\/v2\/media\/2715"}],"wp:attachment":[{"href":"https:\/\/audiobook-24.com\/en\/wp-json\/wp\/v2\/media?parent=2713"}],"wp:term":[{"taxonomy":"product_brand","embeddable":true,"href":"https:\/\/audiobook-24.com\/en\/wp-json\/wp\/v2\/product_brand?post=2713"},{"taxonomy":"product_cat","embeddable":true,"href":"https:\/\/audiobook-24.com\/en\/wp-json\/wp\/v2\/product_cat?post=2713"},{"taxonomy":"product_tag","embeddable":true,"href":"https:\/\/audiobook-24.com\/en\/wp-json\/wp\/v2\/product_tag?post=2713"}],"curies":[{"name":"wp","href":"https:\/\/api.w.org\/{rel}","templated":true}]}}