{"id":2712,"date":"2026-02-08T04:31:12","date_gmt":"2026-02-08T04:31:12","guid":{"rendered":"https:\/\/audiobook-24.com\/?post_type=product&#038;p=2712"},"modified":"2026-02-08T04:31:12","modified_gmt":"2026-02-08T04:31:12","slug":"%f0%9f%8e%a7-hoerbuch-sebastian-fitzek-das-geschenk-ungekuerzt","status":"publish","type":"product","link":"https:\/\/audiobook-24.com\/en\/product\/%f0%9f%8e%a7-hoerbuch-sebastian-fitzek-das-geschenk-ungekuerzt\/","title":{"rendered":"\ud83c\udfa7 H\u00f6rbuch \u2013 Sebastian Fitzek \u2013 Das Geschenk (Ungek\u00fcrzt"},"content":{"rendered":"<p>\ud83c\udfa7 <strong>H\u00f6rbuch \u2013 Sebastian Fitzek \u2013 Das Geschenk (Ungek\u00fcrzt)<\/strong><br \/>\nEin Geschenk aus der Vergangenheit. Und ein Geheimnis, das t\u00f6dlich ist.<\/p>\n<p>Milan Berg leidet an Gesichtsblindheit. Er erkennt keine Menschen \u2013 nicht einmal seine engsten Vertrauten. Als er auf einer Parkbank einem fremden M\u00e4dchen hilft, ahnt er nicht, dass dieser Moment sein Leben f\u00fcr immer ver\u00e4ndern wird.<\/p>\n<p>Kurz darauf ist das M\u00e4dchen verschwunden.<\/p>\n<p>Milan beginnt zu suchen. Doch in einer Welt, in der jedes Gesicht fremd ist, wird jede Begegnung zur Gefahr. Hinweise widersprechen sich, Erinnerungen tr\u00fcgen \u2013 und pl\u00f6tzlich steht Milan im Mittelpunkt eines Spiels, dessen Regeln er nicht kennt.<\/p>\n<p>Was ist real?<br \/>\nWem kann er trauen?<br \/>\nUnd welches schreckliche Geheimnis verbirgt sich hinter dem Geschenk, das ihm gemacht wurde?<\/p>\n<p>Mit jeder neuen Erkenntnis w\u00e4chst die Bedrohung. Denn manchmal ist ein Geschenk keine Gnade \u2013 sondern ein Fluch.<\/p>\n<p>Ein intensiver Psychothriller \u00fcber Wahrnehmung, Identit\u00e4t und die zerst\u00f6rerische Kraft verdr\u00e4ngter Wahrheiten.<\/p>\n<p>\ud83d\udd0a <strong>Format:<\/strong> H\u00f6rbuch (MP3, ungek\u00fcrzt)<\/p>\n<p>\u2b07\ufe0f Sofortiger Download f\u00fcr Handy<br \/>\n\u2b07\ufe0f Sofortiger Download f\u00fcr PC<br \/>\n\u2b07\ufe0f Sofortiger Download f\u00fcrs Tablet<br \/>\n\u2b07\ufe0f Kompatibel mit allen MP3-f\u00e4higen Ger\u00e4ten<\/p>\n<p><strong>Einmal gekauft \u2013 f\u00fcr immer dein!<\/strong><\/p>","protected":false},"excerpt":{"rendered":"<p>\ud83c\udfa7 H\u00f6rbuch \u2013 Sebastian Fitzek \u2013 Das Geschenk (Ungek\u00fcrzt) Ein Geschenk aus der Vergangenheit. Und ein Geheimnis, das t\u00f6dlich ist. Milan Berg leidet an Gesichtsblindheit. Er erkennt keine Menschen \u2013 nicht einmal seine engsten Vertrauten. Als er auf einer Parkbank einem fremden M\u00e4dchen hilft, ahnt er nicht, dass dieser Moment sein Leben f\u00fcr immer ver\u00e4ndern [&hellip;]<\/p>\n","protected":false},"featured_media":2716,"comment_status":"open","ping_status":"closed","template":"","meta":[],"product_brand":[],"product_cat":[19],"product_tag":[],"class_list":{"0":"post-2712","1":"product","2":"type-product","3":"status-publish","4":"has-post-thumbnail","6":"product_cat-hoerbuecher","8":"first","9":"instock","10":"sale","11":"virtual","12":"purchasable","13":"product-type-simple"},"jetpack_sharing_enabled":true,"_links":{"self":[{"href":"https:\/\/audiobook-24.com\/en\/wp-json\/wp\/v2\/product\/2712","targetHints":{"allow":["GET"]}}],"collection":[{"href":"https:\/\/audiobook-24.com\/en\/wp-json\/wp\/v2\/product"}],"about":[{"href":"https:\/\/audiobook-24.com\/en\/wp-json\/wp\/v2\/types\/product"}],"replies":[{"embeddable":true,"href":"https:\/\/audiobook-24.com\/en\/wp-json\/wp\/v2\/comments?post=2712"}],"wp:featuredmedia":[{"embeddable":true,"href":"https:\/\/audiobook-24.com\/en\/wp-json\/wp\/v2\/media\/2716"}],"wp:attachment":[{"href":"https:\/\/audiobook-24.com\/en\/wp-json\/wp\/v2\/media?parent=2712"}],"wp:term":[{"taxonomy":"product_brand","embeddable":true,"href":"https:\/\/audiobook-24.com\/en\/wp-json\/wp\/v2\/product_brand?post=2712"},{"taxonomy":"product_cat","embeddable":true,"href":"https:\/\/audiobook-24.com\/en\/wp-json\/wp\/v2\/product_cat?post=2712"},{"taxonomy":"product_tag","embeddable":true,"href":"https:\/\/audiobook-24.com\/en\/wp-json\/wp\/v2\/product_tag?post=2712"}],"curies":[{"name":"wp","href":"https:\/\/api.w.org\/{rel}","templated":true}]}}