{"id":2704,"date":"2026-02-08T04:23:43","date_gmt":"2026-02-08T04:23:43","guid":{"rendered":"https:\/\/audiobook-24.com\/?post_type=product&#038;p=2704"},"modified":"2026-02-08T04:23:43","modified_gmt":"2026-02-08T04:23:43","slug":"%f0%9f%8e%a7-hoerbuch-sebastian-fitzek-der-heimweg-ungekuerzt","status":"publish","type":"product","link":"https:\/\/audiobook-24.com\/en\/product\/%f0%9f%8e%a7-hoerbuch-sebastian-fitzek-der-heimweg-ungekuerzt\/","title":{"rendered":"\ud83c\udfa7 H\u00f6rbuch \u2013 Sebastian Fitzek \u2013 Der Heimweg (Ungek\u00fcrzt)"},"content":{"rendered":"<p>\ud83c\udfa7 <strong>H\u00f6rbuch \u2013 Sebastian Fitzek \u2013 Der Heimweg (Ungek\u00fcrzt)<\/strong><br \/>\nEin Anruf. Eine Stimme. Und ein Spiel, das t\u00f6dlich endet.<\/p>\n<p>Jede Nacht klingelt bei Jules das Telefon. Am anderen Ende der Leitung: fremde Frauen, die Angst haben, den Weg nach Hause nicht zu \u00fcberleben. Jules arbeitet f\u00fcr eine Hotline, die Menschen auf dem Heimweg Sicherheit geben soll.<\/p>\n<p>Doch eines Abends ist alles anders.<\/p>\n<p>Eine Anruferin glaubt, verfolgt zu werden. Jules versucht, sie ruhig zu halten, ihr zu helfen \u2013 doch pl\u00f6tzlich bricht die Verbindung ab. Am n\u00e4chsten Morgen ist die Frau tot.<\/p>\n<p>Was als Hilferuf begann, wird zu einem Albtraum. Denn der T\u00e4ter kennt die Hotline.<br \/>\nUnd er kennt Jules.<\/p>\n<p>Schon bald erkennt Jules:<br \/>\nDer M\u00f6rder spielt ein perfides Spiel.<br \/>\nUnd der n\u00e4chste Anruf k\u00f6nnte der letzte sein.<\/p>\n<p>W\u00e4hrend die Angst durch die n\u00e4chtlichen Stra\u00dfen zieht, verschwimmen T\u00e4ter und Opfer, Helfer und Schuldige. Und Jules muss sich einer Wahrheit stellen, die sein Leben f\u00fcr immer ver\u00e4ndern wird.<\/p>\n<p>Ein d\u00fcsterer, hochspannender Psychothriller \u00fcber Kontrolle, Manipulation und die t\u00f6dliche N\u00e4he zwischen Sicherheit und Gefahr.<\/p>\n<p>\ud83d\udd0a <strong>Format:<\/strong> H\u00f6rbuch (MP3, ungek\u00fcrzt)<\/p>\n<p>\u2b07\ufe0f Sofortiger Download f\u00fcr Handy<br \/>\n\u2b07\ufe0f Sofortiger Download f\u00fcr PC<br \/>\n\u2b07\ufe0f Sofortiger Download f\u00fcrs Tablet<br \/>\n\u2b07\ufe0f Kompatibel mit allen MP3-f\u00e4higen Ger\u00e4ten<\/p>\n<p><strong>Einmal gekauft \u2013 f\u00fcr immer dein!<\/strong><\/p>","protected":false},"excerpt":{"rendered":"<p>\ud83c\udfa7 H\u00f6rbuch \u2013 Sebastian Fitzek \u2013 Der Heimweg (Ungek\u00fcrzt) Ein Anruf. Eine Stimme. Und ein Spiel, das t\u00f6dlich endet. Jede Nacht klingelt bei Jules das Telefon. Am anderen Ende der Leitung: fremde Frauen, die Angst haben, den Weg nach Hause nicht zu \u00fcberleben. Jules arbeitet f\u00fcr eine Hotline, die Menschen auf dem Heimweg Sicherheit geben [&hellip;]<\/p>\n","protected":false},"featured_media":2714,"comment_status":"open","ping_status":"closed","template":"","meta":[],"product_brand":[],"product_cat":[19],"product_tag":[],"class_list":{"0":"post-2704","1":"product","2":"type-product","3":"status-publish","4":"has-post-thumbnail","6":"product_cat-hoerbuecher","8":"first","9":"instock","10":"sale","11":"virtual","12":"purchasable","13":"product-type-simple"},"jetpack_sharing_enabled":true,"_links":{"self":[{"href":"https:\/\/audiobook-24.com\/en\/wp-json\/wp\/v2\/product\/2704","targetHints":{"allow":["GET"]}}],"collection":[{"href":"https:\/\/audiobook-24.com\/en\/wp-json\/wp\/v2\/product"}],"about":[{"href":"https:\/\/audiobook-24.com\/en\/wp-json\/wp\/v2\/types\/product"}],"replies":[{"embeddable":true,"href":"https:\/\/audiobook-24.com\/en\/wp-json\/wp\/v2\/comments?post=2704"}],"wp:featuredmedia":[{"embeddable":true,"href":"https:\/\/audiobook-24.com\/en\/wp-json\/wp\/v2\/media\/2714"}],"wp:attachment":[{"href":"https:\/\/audiobook-24.com\/en\/wp-json\/wp\/v2\/media?parent=2704"}],"wp:term":[{"taxonomy":"product_brand","embeddable":true,"href":"https:\/\/audiobook-24.com\/en\/wp-json\/wp\/v2\/product_brand?post=2704"},{"taxonomy":"product_cat","embeddable":true,"href":"https:\/\/audiobook-24.com\/en\/wp-json\/wp\/v2\/product_cat?post=2704"},{"taxonomy":"product_tag","embeddable":true,"href":"https:\/\/audiobook-24.com\/en\/wp-json\/wp\/v2\/product_tag?post=2704"}],"curies":[{"name":"wp","href":"https:\/\/api.w.org\/{rel}","templated":true}]}}