{"id":2703,"date":"2026-02-08T04:15:17","date_gmt":"2026-02-08T04:15:17","guid":{"rendered":"https:\/\/audiobook-24.com\/?post_type=product&#038;p=2703"},"modified":"2026-02-08T04:15:18","modified_gmt":"2026-02-08T04:15:18","slug":"%f0%9f%8e%a7-hoerbuch-sebastian-fitzek-die-einladung","status":"publish","type":"product","link":"https:\/\/audiobook-24.com\/en\/product\/%f0%9f%8e%a7-hoerbuch-sebastian-fitzek-die-einladung\/","title":{"rendered":"\ud83c\udfa7 H\u00f6rbuch \u2013 Sebastian Fitzek \u2013 Die Einladung"},"content":{"rendered":"<p>\ud83c\udfa7 <strong>H\u00f6rbuch \u2013 Sebastian Fitzek \u2013 Die Einladung (Ungek\u00fcrzt)<\/strong><br \/>\nEine harmlose Einladung. Ein abgelegener Ort. Und eine Vergangenheit, die t\u00f6dlich ist.<\/p>\n<p>Marla Lindberg erh\u00e4lt eine Einladung zu einem Klassentreffen. Eigentlich etwas Allt\u00e4gliches \u2013 doch Marla erinnert sich kaum an ihre Schulzeit. Gro\u00dfe Teile ihrer Vergangenheit sind aus ihrem Ged\u00e4chtnis verschwunden.<\/p>\n<p>Trotz eines unguten Gef\u00fchls reist sie an. Das Hotel liegt abgeschieden, umgeben von Bergen und Schnee. Die anderen G\u00e4ste scheinen sie zu kennen \u2013 besser, als ihr lieb ist. Und schnell wird klar:<br \/>\nDiese Einladung ist kein Zufall.<\/p>\n<p>Jemand will, dass Marla sich erinnert.<br \/>\nAn das, was damals passiert ist.<br \/>\nAn das, was sie verdr\u00e4ngt hat.<br \/>\nUnd an das, was besser verborgen geblieben w\u00e4re.<\/p>\n<p>Mit jeder Stunde wird die Situation bedrohlicher. Die Grenzen zwischen Erinnerung, Einbildung und Realit\u00e4t verschwimmen \u2013 und Marla muss erkennen, dass ihr Leben auf dem Spiel steht.<\/p>\n<p>Ein nervenzerrei\u00dfender Psychothriller voller Wendungen, klaustrophobischer Atmosph\u00e4re und einem Finale, das lange nachhallt.<\/p>\n<p>\ud83d\udd0a <strong>Format:<\/strong> H\u00f6rbuch (MP3, ungek\u00fcrzt)<\/p>\n<p>\u2b07\ufe0f Sofortiger Download f\u00fcr Handy<br \/>\n\u2b07\ufe0f Sofortiger Download f\u00fcr PC<br \/>\n\u2b07\ufe0f Sofortiger Download f\u00fcrs Tablet<br \/>\n\u2b07\ufe0f Kompatibel mit allen MP3-f\u00e4higen Ger\u00e4ten<\/p>\n<p><strong>Einmal gekauft \u2013 f\u00fcr immer dein!<\/strong><\/p>","protected":false},"excerpt":{"rendered":"<p>\ud83c\udfa7 H\u00f6rbuch \u2013 Sebastian Fitzek \u2013 Die Einladung (Ungek\u00fcrzt) Eine harmlose Einladung. Ein abgelegener Ort. Und eine Vergangenheit, die t\u00f6dlich ist. Marla Lindberg erh\u00e4lt eine Einladung zu einem Klassentreffen. Eigentlich etwas Allt\u00e4gliches \u2013 doch Marla erinnert sich kaum an ihre Schulzeit. Gro\u00dfe Teile ihrer Vergangenheit sind aus ihrem Ged\u00e4chtnis verschwunden. Trotz eines unguten Gef\u00fchls reist [&hellip;]<\/p>\n","protected":false},"featured_media":2706,"comment_status":"open","ping_status":"closed","template":"","meta":[],"product_brand":[],"product_cat":[19],"product_tag":[],"class_list":{"0":"post-2703","1":"product","2":"type-product","3":"status-publish","4":"has-post-thumbnail","6":"product_cat-hoerbuecher","8":"first","9":"instock","10":"sale","11":"virtual","12":"purchasable","13":"product-type-simple"},"jetpack_sharing_enabled":true,"_links":{"self":[{"href":"https:\/\/audiobook-24.com\/en\/wp-json\/wp\/v2\/product\/2703","targetHints":{"allow":["GET"]}}],"collection":[{"href":"https:\/\/audiobook-24.com\/en\/wp-json\/wp\/v2\/product"}],"about":[{"href":"https:\/\/audiobook-24.com\/en\/wp-json\/wp\/v2\/types\/product"}],"replies":[{"embeddable":true,"href":"https:\/\/audiobook-24.com\/en\/wp-json\/wp\/v2\/comments?post=2703"}],"wp:featuredmedia":[{"embeddable":true,"href":"https:\/\/audiobook-24.com\/en\/wp-json\/wp\/v2\/media\/2706"}],"wp:attachment":[{"href":"https:\/\/audiobook-24.com\/en\/wp-json\/wp\/v2\/media?parent=2703"}],"wp:term":[{"taxonomy":"product_brand","embeddable":true,"href":"https:\/\/audiobook-24.com\/en\/wp-json\/wp\/v2\/product_brand?post=2703"},{"taxonomy":"product_cat","embeddable":true,"href":"https:\/\/audiobook-24.com\/en\/wp-json\/wp\/v2\/product_cat?post=2703"},{"taxonomy":"product_tag","embeddable":true,"href":"https:\/\/audiobook-24.com\/en\/wp-json\/wp\/v2\/product_tag?post=2703"}],"curies":[{"name":"wp","href":"https:\/\/api.w.org\/{rel}","templated":true}]}}