{"id":2690,"date":"2026-02-06T20:22:49","date_gmt":"2026-02-06T20:22:49","guid":{"rendered":"https:\/\/audiobook-24.com\/?post_type=product&#038;p=2690"},"modified":"2026-02-06T20:22:50","modified_gmt":"2026-02-06T20:22:50","slug":"%f0%9f%8e%a7-hoerspiel-ava-strong-nicht-wie-wir-ein-ilse-beck-fbi-thriller","status":"publish","type":"product","link":"https:\/\/audiobook-24.com\/en\/product\/%f0%9f%8e%a7-hoerspiel-ava-strong-nicht-wie-wir-ein-ilse-beck-fbi-thriller\/","title":{"rendered":"\ud83c\udfa7 H\u00f6rspiel Ava Strong \u2013 Nicht wie wir (Ein Ilse-Beck-FBI-Thriller)"},"content":{"rendered":"<p data-start=\"0\" data-end=\"73\">\ud83c\udfa7 <strong data-start=\"3\" data-end=\"71\">H\u00f6rspiel Ava Strong \u2013 Nicht wie wir (Ein Ilse-Beck-FBI-Thriller)<\/strong><\/p>\n<p data-start=\"75\" data-end=\"368\">\u201e<strong data-start=\"76\" data-end=\"106\">Ava Strong \u2013 Nicht wie wir<\/strong>\u201c ist ein kompromissloser Thriller voller Hochspannung, psychologischer Abgr\u00fcnde und gnadenloser Ermittlungen. FBI-Agentin Ilse Beck jagt einen T\u00e4ter, der nach eigenen Regeln spielt \u2013 kalt, berechnend und erschreckend anders als alles, was sie bisher erlebt hat.<\/p>\n<p data-start=\"370\" data-end=\"633\">Zwischen perfider Manipulation, inneren Konflikten und einem Wettlauf gegen die Zeit entwickelt sich ein Fall, bei dem jede falsche Entscheidung t\u00f6dliche Folgen haben kann. Vertrauen wird zur Gefahr \u2013 und die Grenze zwischen T\u00e4ter und Opfer verschwimmt zunehmend.<\/p>\n<p data-start=\"635\" data-end=\"857\">Erwartet werden:<br data-start=\"651\" data-end=\"654\" \/>\ud83d\udd25 Atemlose FBI-Ermittlungen &amp; internationales Tempo<br data-start=\"706\" data-end=\"709\" \/>\ud83e\udde0 Psychologische Spannung &amp; d\u00fcstere Motive<br data-start=\"752\" data-end=\"755\" \/>\ud83e\ude78 Brutale Wahrheit, Gefahr &amp; unerwartete Wendungen<br data-start=\"806\" data-end=\"809\" \/>\ud83d\udda4 Kalter Thriller-Ton &amp; starke Ermittlerfigur<\/p>\n<p data-start=\"859\" data-end=\"949\">Ein packendes H\u00f6rspiel \u00fcber Identit\u00e4t, Abgr\u00fcnde und einen Gegner, der \u201enicht wie wir\u201c ist.<\/p>\n<p data-start=\"951\" data-end=\"1154\">\ud83d\udd0a <strong data-start=\"954\" data-end=\"965\">Format:<\/strong> H\u00f6rspiel \/ Thriller \/ Spannung (MP3)<br data-start=\"1002\" data-end=\"1005\" \/>\u2b07\ufe0f Sofortiger Download f\u00fcr Handy<br data-start=\"1037\" data-end=\"1040\" \/>\u2b07\ufe0f Sofortiger Download f\u00fcr PC<br data-start=\"1069\" data-end=\"1072\" \/>\u2b07\ufe0f Sofortiger Download f\u00fcrs Tablet<br data-start=\"1106\" data-end=\"1109\" data-is-only-node=\"\" \/>\u2b07\ufe0f Kompatibel mit allen MP3-f\u00e4higen Ger\u00e4ten<\/p>\n<p data-start=\"1156\" data-end=\"1200\" data-is-last-node=\"\" data-is-only-node=\"\">\ud83d\udc49 <strong data-start=\"1159\" data-end=\"1200\" data-is-last-node=\"\">Einmal gekauft \u2013 geh\u00f6rt es immer dir!<\/strong><\/p>","protected":false},"excerpt":{"rendered":"<p>\ud83c\udfa7 H\u00f6rspiel Ava Strong \u2013 Nicht wie wir (Ein Ilse-Beck-FBI-Thriller) \u201eAva Strong \u2013 Nicht wie wir\u201c ist ein kompromissloser Thriller voller Hochspannung, psychologischer Abgr\u00fcnde und gnadenloser Ermittlungen. FBI-Agentin Ilse Beck jagt einen T\u00e4ter, der nach eigenen Regeln spielt \u2013 kalt, berechnend und erschreckend anders als alles, was sie bisher erlebt hat. Zwischen perfider Manipulation, inneren [&hellip;]<\/p>\n","protected":false},"featured_media":2691,"comment_status":"open","ping_status":"closed","template":"","meta":[],"product_brand":[],"product_cat":[34],"product_tag":[],"class_list":{"0":"post-2690","1":"product","2":"type-product","3":"status-publish","4":"has-post-thumbnail","6":"product_cat-hoerspiel-krimi","8":"first","9":"instock","10":"sale","11":"virtual","12":"purchasable","13":"product-type-simple"},"jetpack_sharing_enabled":true,"_links":{"self":[{"href":"https:\/\/audiobook-24.com\/en\/wp-json\/wp\/v2\/product\/2690","targetHints":{"allow":["GET"]}}],"collection":[{"href":"https:\/\/audiobook-24.com\/en\/wp-json\/wp\/v2\/product"}],"about":[{"href":"https:\/\/audiobook-24.com\/en\/wp-json\/wp\/v2\/types\/product"}],"replies":[{"embeddable":true,"href":"https:\/\/audiobook-24.com\/en\/wp-json\/wp\/v2\/comments?post=2690"}],"wp:featuredmedia":[{"embeddable":true,"href":"https:\/\/audiobook-24.com\/en\/wp-json\/wp\/v2\/media\/2691"}],"wp:attachment":[{"href":"https:\/\/audiobook-24.com\/en\/wp-json\/wp\/v2\/media?parent=2690"}],"wp:term":[{"taxonomy":"product_brand","embeddable":true,"href":"https:\/\/audiobook-24.com\/en\/wp-json\/wp\/v2\/product_brand?post=2690"},{"taxonomy":"product_cat","embeddable":true,"href":"https:\/\/audiobook-24.com\/en\/wp-json\/wp\/v2\/product_cat?post=2690"},{"taxonomy":"product_tag","embeddable":true,"href":"https:\/\/audiobook-24.com\/en\/wp-json\/wp\/v2\/product_tag?post=2690"}],"curies":[{"name":"wp","href":"https:\/\/api.w.org\/{rel}","templated":true}]}}