{"id":2680,"date":"2026-02-05T23:13:11","date_gmt":"2026-02-05T23:13:11","guid":{"rendered":"https:\/\/audiobook-24.com\/?post_type=product&#038;p=2680"},"modified":"2026-02-05T23:13:11","modified_gmt":"2026-02-05T23:13:11","slug":"%f0%9f%8e%a7-hoerspiel-stefanie-rogge-gischtgrab-ein-foehr-krimi","status":"publish","type":"product","link":"https:\/\/audiobook-24.com\/en\/product\/%f0%9f%8e%a7-hoerspiel-stefanie-rogge-gischtgrab-ein-foehr-krimi\/","title":{"rendered":"\ud83c\udfa7 H\u00f6rspiel Stefanie Rogge \u2013 Gischtgrab: Ein F\u00f6hr-Krimi"},"content":{"rendered":"<p>\ud83c\udfa7 <strong>H\u00f6rspiel Stefanie Rogge \u2013 Gischtgrab: Ein F\u00f6hr-Krimi<\/strong><\/p>\n<p>\u201e<strong>Stefanie Rogge \u2013 Gischtgrab: Ein F\u00f6hr-Krimi<\/strong>\u201c ist ein atmosph\u00e4risch dichter K\u00fcstenkrimi voller d\u00fcsterer Geheimnisse, rauer Natur und t\u00f6dlicher Wahrheiten. Auf der nordfriesischen Insel F\u00f6hr wird ein grausamer Fund von der Gischt freigegeben \u2013 und rei\u00dft alte Wunden auf, die nie ganz verheilt sind.<\/p>\n<p>Zwischen Sturm, salziger Luft und dem Schweigen einer eingeschworenen Inselgemeinschaft entfaltet sich ein Fall, in dem Vergangenheit und Gegenwart untrennbar miteinander verwoben sind. Jeder Blick, jedes Wort kann t\u00e4uschen \u2013 und nicht jeder will, dass die Wahrheit ans Licht kommt.<\/p>\n<p>Erwartet werden:<br \/>\n\ud83c\udf0a Raues Insel- &amp; K\u00fcstenflair<br \/>\n\ud83d\udd75\ufe0f\u200d\u2640\ufe0f Spannende Ermittlungen &amp; falsche F\u00e4hrten<br \/>\n\ud83e\ude78 Mord, verdr\u00e4ngte Geheimnisse &amp; Abgr\u00fcnde<br \/>\n\ud83d\udda4 Beklemmende Atmosph\u00e4re &amp; starke Charaktere<\/p>\n<p>Ein fesselndes H\u00f6rspiel \u00fcber Schuld, Schweigen und die dunklen Seiten des Insellebens.<\/p>\n<p>\ud83d\udd0a <strong>Format:<\/strong> H\u00f6rspiel \/ Krimi \/ Spannung (MP3)<br \/>\n\u2b07\ufe0f Sofortiger Download f\u00fcr Handy<br \/>\n\u2b07\ufe0f Sofortiger Download f\u00fcr PC<br \/>\n\u2b07\ufe0f Sofortiger Download f\u00fcrs Tablet<br \/>\n\u2b07\ufe0f Kompatibel mit allen MP3-f\u00e4higen Ger\u00e4ten<\/p>\n<p>\ud83d\udc49 <strong>Einmal gekauft \u2013 geh\u00f6rt es immer dir!<\/strong><\/p>","protected":false},"excerpt":{"rendered":"<p>\ud83c\udfa7 H\u00f6rspiel Stefanie Rogge \u2013 Gischtgrab: Ein F\u00f6hr-Krimi \u201eStefanie Rogge \u2013 Gischtgrab: Ein F\u00f6hr-Krimi\u201c ist ein atmosph\u00e4risch dichter K\u00fcstenkrimi voller d\u00fcsterer Geheimnisse, rauer Natur und t\u00f6dlicher Wahrheiten. Auf der nordfriesischen Insel F\u00f6hr wird ein grausamer Fund von der Gischt freigegeben \u2013 und rei\u00dft alte Wunden auf, die nie ganz verheilt sind. Zwischen Sturm, salziger Luft [&hellip;]<\/p>\n","protected":false},"featured_media":2688,"comment_status":"open","ping_status":"closed","template":"","meta":[],"product_brand":[],"product_cat":[34],"product_tag":[],"class_list":{"0":"post-2680","1":"product","2":"type-product","3":"status-publish","4":"has-post-thumbnail","6":"product_cat-hoerspiel-krimi","8":"first","9":"instock","10":"sale","11":"virtual","12":"purchasable","13":"product-type-simple"},"jetpack_sharing_enabled":true,"_links":{"self":[{"href":"https:\/\/audiobook-24.com\/en\/wp-json\/wp\/v2\/product\/2680","targetHints":{"allow":["GET"]}}],"collection":[{"href":"https:\/\/audiobook-24.com\/en\/wp-json\/wp\/v2\/product"}],"about":[{"href":"https:\/\/audiobook-24.com\/en\/wp-json\/wp\/v2\/types\/product"}],"replies":[{"embeddable":true,"href":"https:\/\/audiobook-24.com\/en\/wp-json\/wp\/v2\/comments?post=2680"}],"wp:featuredmedia":[{"embeddable":true,"href":"https:\/\/audiobook-24.com\/en\/wp-json\/wp\/v2\/media\/2688"}],"wp:attachment":[{"href":"https:\/\/audiobook-24.com\/en\/wp-json\/wp\/v2\/media?parent=2680"}],"wp:term":[{"taxonomy":"product_brand","embeddable":true,"href":"https:\/\/audiobook-24.com\/en\/wp-json\/wp\/v2\/product_brand?post=2680"},{"taxonomy":"product_cat","embeddable":true,"href":"https:\/\/audiobook-24.com\/en\/wp-json\/wp\/v2\/product_cat?post=2680"},{"taxonomy":"product_tag","embeddable":true,"href":"https:\/\/audiobook-24.com\/en\/wp-json\/wp\/v2\/product_tag?post=2680"}],"curies":[{"name":"wp","href":"https:\/\/api.w.org\/{rel}","templated":true}]}}