{"id":2677,"date":"2026-02-05T22:52:45","date_gmt":"2026-02-05T22:52:45","guid":{"rendered":"https:\/\/audiobook-24.com\/?post_type=product&#038;p=2677"},"modified":"2026-02-05T22:52:47","modified_gmt":"2026-02-05T22:52:47","slug":"%f0%9f%8e%a7-hoerspiel-martina-parker-zuagroast","status":"publish","type":"product","link":"https:\/\/audiobook-24.com\/en\/product\/%f0%9f%8e%a7-hoerspiel-martina-parker-zuagroast\/","title":{"rendered":"\ud83c\udfa7 H\u00f6rspiel Martina Parker \u2013 Zuagroast"},"content":{"rendered":"<p data-start=\"179\" data-end=\"223\">\ud83c\udfa7 <strong data-start=\"182\" data-end=\"221\">H\u00f6rspiel Martina Parker \u2013 Zuagroast<\/strong><\/p>\n<p data-start=\"225\" data-end=\"545\">\u201e<strong data-start=\"226\" data-end=\"256\">Martina Parker \u2013 Zuagroast<\/strong>\u201c ist ein humorvoll-spannendes H\u00f6rspiel voller bissiger Beobachtungen, Dorfgeheimnisse und typisch \u00f6sterreichischem Charme. Als eine \u201eZuagroaste\u201c in eine eingeschworene Dorfgemeinschaft kommt, prallen Welten aufeinander \u2013 und unter der scheinbar idyllischen Oberfl\u00e4che brodelt es gewaltig.<\/p>\n<p data-start=\"547\" data-end=\"776\">Zwischen grantigen Nachbarn, unausgesprochenen Regeln und versteckten Abgr\u00fcnden entwickelt sich eine Geschichte, die zugleich unterh\u00e4lt, \u00fcberrascht und tief blicken l\u00e4sst. Denn im Dorf wei\u00df jeder alles \u2013 oder glaubt es zumindest.<\/p>\n<p data-start=\"778\" data-end=\"1001\">Erwartet werden:<br data-start=\"794\" data-end=\"797\" \/>\ud83c\udfe1 Skurrile Dorfgemeinschaft &amp; scharfer Humor<br data-start=\"842\" data-end=\"845\" \/>\ud83d\ude0f Ironie, Wortwitz &amp; feine Gesellschaftsbeobachtung<br data-start=\"897\" data-end=\"900\" \/>\ud83d\udd75\ufe0f\u200d\u2640\ufe0f Geheimnisse, Ger\u00fcchte &amp; \u00fcberraschende Wendungen<br data-start=\"954\" data-end=\"957\" \/>\ud83d\udda4 Charmant-d\u00fcsterer Ton mit Augenzwinkern<\/p>\n<p data-start=\"1003\" data-end=\"1096\">Ein unterhaltsames H\u00f6rspiel \u00fcber Dazugeh\u00f6ren, Vorurteile und das Leben abseits der Gro\u00dfstadt.<\/p>\n<p data-start=\"1098\" data-end=\"1298\">\ud83d\udd0a <strong data-start=\"1101\" data-end=\"1112\">Format:<\/strong> H\u00f6rspiel \/ Humor \/ Spannung (MP3)<br data-start=\"1146\" data-end=\"1149\" \/>\u2b07\ufe0f Sofortiger Download f\u00fcr Handy<br data-start=\"1181\" data-end=\"1184\" \/>\u2b07\ufe0f Sofortiger Download f\u00fcr PC<br data-start=\"1213\" data-end=\"1216\" \/>\u2b07\ufe0f Sofortiger Download f\u00fcrs Tablet<br data-start=\"1250\" data-end=\"1253\" \/>\u2b07\ufe0f Kompatibel mit allen MP3-f\u00e4higen Ger\u00e4ten<\/p>\n<p data-start=\"1300\" data-end=\"1344\">\ud83d\udc49 <strong data-start=\"1303\" data-end=\"1344\">Einmal gekauft \u2013 geh\u00f6rt es immer dir!<\/strong><\/p>","protected":false},"excerpt":{"rendered":"<p>\ud83c\udfa7 H\u00f6rspiel Martina Parker \u2013 Zuagroast \u201eMartina Parker \u2013 Zuagroast\u201c ist ein humorvoll-spannendes H\u00f6rspiel voller bissiger Beobachtungen, Dorfgeheimnisse und typisch \u00f6sterreichischem Charme. Als eine \u201eZuagroaste\u201c in eine eingeschworene Dorfgemeinschaft kommt, prallen Welten aufeinander \u2013 und unter der scheinbar idyllischen Oberfl\u00e4che brodelt es gewaltig. Zwischen grantigen Nachbarn, unausgesprochenen Regeln und versteckten Abgr\u00fcnden entwickelt sich eine Geschichte, [&hellip;]<\/p>\n","protected":false},"featured_media":2683,"comment_status":"open","ping_status":"closed","template":"","meta":[],"product_brand":[],"product_cat":[34],"product_tag":[],"class_list":{"0":"post-2677","1":"product","2":"type-product","3":"status-publish","4":"has-post-thumbnail","6":"product_cat-hoerspiel-krimi","8":"first","9":"instock","10":"sale","11":"virtual","12":"purchasable","13":"product-type-simple"},"jetpack_sharing_enabled":true,"_links":{"self":[{"href":"https:\/\/audiobook-24.com\/en\/wp-json\/wp\/v2\/product\/2677","targetHints":{"allow":["GET"]}}],"collection":[{"href":"https:\/\/audiobook-24.com\/en\/wp-json\/wp\/v2\/product"}],"about":[{"href":"https:\/\/audiobook-24.com\/en\/wp-json\/wp\/v2\/types\/product"}],"replies":[{"embeddable":true,"href":"https:\/\/audiobook-24.com\/en\/wp-json\/wp\/v2\/comments?post=2677"}],"wp:featuredmedia":[{"embeddable":true,"href":"https:\/\/audiobook-24.com\/en\/wp-json\/wp\/v2\/media\/2683"}],"wp:attachment":[{"href":"https:\/\/audiobook-24.com\/en\/wp-json\/wp\/v2\/media?parent=2677"}],"wp:term":[{"taxonomy":"product_brand","embeddable":true,"href":"https:\/\/audiobook-24.com\/en\/wp-json\/wp\/v2\/product_brand?post=2677"},{"taxonomy":"product_cat","embeddable":true,"href":"https:\/\/audiobook-24.com\/en\/wp-json\/wp\/v2\/product_cat?post=2677"},{"taxonomy":"product_tag","embeddable":true,"href":"https:\/\/audiobook-24.com\/en\/wp-json\/wp\/v2\/product_tag?post=2677"}],"curies":[{"name":"wp","href":"https:\/\/api.w.org\/{rel}","templated":true}]}}