{"id":2668,"date":"2026-02-05T22:41:18","date_gmt":"2026-02-05T22:41:18","guid":{"rendered":"https:\/\/audiobook-24.com\/?post_type=product&#038;p=2668"},"modified":"2026-02-05T22:41:18","modified_gmt":"2026-02-05T22:41:18","slug":"%f0%9f%8e%a7-hoerspiel-julie-peters-die-dorfaerztin-wege-der-veraenderung","status":"publish","type":"product","link":"https:\/\/audiobook-24.com\/en\/product\/%f0%9f%8e%a7-hoerspiel-julie-peters-die-dorfaerztin-wege-der-veraenderung\/","title":{"rendered":"\ud83c\udfa7 H\u00f6rspiel Julie Peters \u2013 Die Dorf\u00e4rztin: Wege der Ver\u00e4nderung"},"content":{"rendered":"<p data-start=\"0\" data-end=\"69\">\ud83c\udfa7 <strong data-start=\"3\" data-end=\"67\">H\u00f6rspiel Julie Peters \u2013 Die Dorf\u00e4rztin: Wege der Ver\u00e4nderung<\/strong><\/p>\n<p data-start=\"71\" data-end=\"446\">\u201e<strong data-start=\"72\" data-end=\"127\">Julie Peters \u2013 Die Dorf\u00e4rztin: Wege der Ver\u00e4nderung<\/strong>\u201c ist ein ber\u00fchrendes H\u00f6rspiel \u00fcber Neuanf\u00e4nge, Verantwortung und den Mut, alte Pfade zu verlassen. In einem kleinen Dorf, gepr\u00e4gt von Traditionen, Geheimnissen und festgefahrenen Strukturen, steht Julie Peters vor Entscheidungen, die nicht nur ihr eigenes Leben, sondern auch das der Dorfgemeinschaft ver\u00e4ndern werden.<\/p>\n<p data-start=\"448\" data-end=\"674\">Zwischen medizinischen Herausforderungen, pers\u00f6nlichen Zweifeln und menschlichen Schicksalen beginnt ein leiser, aber kraftvoller Wandel. Denn Ver\u00e4nderung ist nicht immer laut \u2013 manchmal beginnt sie mit einem einzigen Schritt.<\/p>\n<p data-start=\"676\" data-end=\"892\">Erwartet werden:<br data-start=\"692\" data-end=\"695\" \/>\ud83c\udf3f Emotionale Dorfgemeinschaft &amp; authentische Charaktere<br data-start=\"751\" data-end=\"754\" \/>\ud83d\udc94 Pers\u00f6nliche Konflikte, Zweifel &amp; Hoffnung<br data-start=\"798\" data-end=\"801\" \/>\ud83e\ude7a Medizinischer Alltag &amp; menschliche Schicksale<br data-start=\"849\" data-end=\"852\" \/>\u2728 Entwicklung, Mut &amp; neue Perspektiven<\/p>\n<p data-start=\"894\" data-end=\"990\">Ein warmes, tiefgr\u00fcndiges H\u00f6rspiel \u00fcber Verantwortung, Zusammenhalt und den Mut zur Ver\u00e4nderung.<\/p>\n<p data-start=\"992\" data-end=\"1200\">\ud83d\udd0a <strong data-start=\"995\" data-end=\"1006\">Format:<\/strong> H\u00f6rspiel \/ Drama \/ Lebensgeschichte (MP3)<br data-start=\"1048\" data-end=\"1051\" \/>\u2b07\ufe0f Sofortiger Download f\u00fcr Handy<br data-start=\"1083\" data-end=\"1086\" \/>\u2b07\ufe0f Sofortiger Download f\u00fcr PC<br data-start=\"1115\" data-end=\"1118\" \/>\u2b07\ufe0f Sofortiger Download f\u00fcrs Tablet<br data-start=\"1152\" data-end=\"1155\" data-is-only-node=\"\" \/>\u2b07\ufe0f Kompatibel mit allen MP3-f\u00e4higen Ger\u00e4ten<\/p>\n<p data-start=\"1202\" data-end=\"1260\" data-is-last-node=\"\" data-is-only-node=\"\">\ud83d\udc49 <strong data-start=\"1205\" data-end=\"1260\" data-is-last-node=\"\">Einmal gekauft \u2013 jederzeit und unbegrenzt abrufbar!<\/strong><\/p>","protected":false},"excerpt":{"rendered":"<p>\ud83c\udfa7 H\u00f6rspiel Julie Peters \u2013 Die Dorf\u00e4rztin: Wege der Ver\u00e4nderung \u201eJulie Peters \u2013 Die Dorf\u00e4rztin: Wege der Ver\u00e4nderung\u201c ist ein ber\u00fchrendes H\u00f6rspiel \u00fcber Neuanf\u00e4nge, Verantwortung und den Mut, alte Pfade zu verlassen. In einem kleinen Dorf, gepr\u00e4gt von Traditionen, Geheimnissen und festgefahrenen Strukturen, steht Julie Peters vor Entscheidungen, die nicht nur ihr eigenes Leben, sondern [&hellip;]<\/p>\n","protected":false},"featured_media":2669,"comment_status":"open","ping_status":"closed","template":"","meta":[],"product_brand":[],"product_cat":[34],"product_tag":[],"class_list":{"0":"post-2668","1":"product","2":"type-product","3":"status-publish","4":"has-post-thumbnail","6":"product_cat-hoerspiel-krimi","8":"first","9":"instock","10":"sale","11":"virtual","12":"purchasable","13":"product-type-simple"},"jetpack_sharing_enabled":true,"_links":{"self":[{"href":"https:\/\/audiobook-24.com\/en\/wp-json\/wp\/v2\/product\/2668","targetHints":{"allow":["GET"]}}],"collection":[{"href":"https:\/\/audiobook-24.com\/en\/wp-json\/wp\/v2\/product"}],"about":[{"href":"https:\/\/audiobook-24.com\/en\/wp-json\/wp\/v2\/types\/product"}],"replies":[{"embeddable":true,"href":"https:\/\/audiobook-24.com\/en\/wp-json\/wp\/v2\/comments?post=2668"}],"wp:featuredmedia":[{"embeddable":true,"href":"https:\/\/audiobook-24.com\/en\/wp-json\/wp\/v2\/media\/2669"}],"wp:attachment":[{"href":"https:\/\/audiobook-24.com\/en\/wp-json\/wp\/v2\/media?parent=2668"}],"wp:term":[{"taxonomy":"product_brand","embeddable":true,"href":"https:\/\/audiobook-24.com\/en\/wp-json\/wp\/v2\/product_brand?post=2668"},{"taxonomy":"product_cat","embeddable":true,"href":"https:\/\/audiobook-24.com\/en\/wp-json\/wp\/v2\/product_cat?post=2668"},{"taxonomy":"product_tag","embeddable":true,"href":"https:\/\/audiobook-24.com\/en\/wp-json\/wp\/v2\/product_tag?post=2668"}],"curies":[{"name":"wp","href":"https:\/\/api.w.org\/{rel}","templated":true}]}}