{"id":2494,"date":"2025-12-25T19:24:22","date_gmt":"2025-12-25T19:24:22","guid":{"rendered":"https:\/\/audiobook-24.com\/?post_type=product&#038;p=2494"},"modified":"2025-12-25T19:24:23","modified_gmt":"2025-12-25T19:24:23","slug":"%f0%9f%8e%a7-hoerspiel-ava-strong-nicht-so","status":"publish","type":"product","link":"https:\/\/audiobook-24.com\/en\/product\/%f0%9f%8e%a7-hoerspiel-ava-strong-nicht-so\/","title":{"rendered":"\ud83c\udfa7 H\u00f6rspiel Ava Strong \u2013 Nicht so"},"content":{"rendered":"<div class=\"text-base my-auto mx-auto pb-10 [--thread-content-margin:--spacing(4)] @w-sm\/main:[--thread-content-margin:--spacing(6)] @w-lg\/main:[--thread-content-margin:--spacing(16)] px-(--thread-content-margin)\">\n<div class=\"[--thread-content-max-width:40rem] @w-lg\/main:[--thread-content-max-width:48rem] mx-auto max-w-(--thread-content-max-width) flex-1 group\/turn-messages focus-visible:outline-hidden relative flex w-full min-w-0 flex-col agent-turn\" tabindex=\"-1\">\n<div class=\"flex max-w-full flex-col grow\">\n<div class=\"min-h-8 text-message relative flex w-full flex-col items-end gap-2 text-start break-words whitespace-normal [.text-message+&amp;]:mt-1\" dir=\"auto\" data-message-author-role=\"assistant\" data-message-id=\"be77cc1c-c2f1-4bab-9cd3-251eda8cdae6\" data-message-model-slug=\"gpt-5-mini\">\n<div class=\"flex w-full flex-col gap-1 empty:hidden first:pt-[1px]\">\n<div class=\"markdown prose dark:prose-invert w-full break-words light markdown-new-styling\">\n<p data-start=\"0\" data-end=\"39\">\ud83c\udfa7 <strong data-start=\"3\" data-end=\"37\">H\u00f6rspiel Ava Strong \u2013 Nicht so<\/strong><\/p>\n<p data-start=\"41\" data-end=\"301\">\u201eAva Strong \u2013 Nicht so\u201c ist ein fesselndes Thriller-H\u00f6rspiel \u00fcber Geheimnisse, L\u00fcgen und die unerwarteten Wendungen des Lebens.<br data-start=\"168\" data-end=\"171\" \/>Was zun\u00e4chst harmlos wirkt, entwickelt sich schnell zu einem gef\u00e4hrlichen Spiel aus T\u00e4uschung, Angst und t\u00f6dlichen Entscheidungen.<\/p>\n<p data-start=\"303\" data-end=\"509\">W\u00e4hrend die Protagonistin versucht, die Wahrheit ans Licht zu bringen, steigt der Druck und die Bedrohung nimmt immer mehr zu.<br data-start=\"429\" data-end=\"432\" \/>Jede Handlung kann das Schicksal ver\u00e4ndern \u2013 und niemand ist wirklich sicher.<\/p>\n<p data-start=\"511\" data-end=\"719\"><strong data-start=\"511\" data-end=\"531\">Erwartet werden:<\/strong><br \/>\n\ud83d\udd25 Nervenkitzel &amp; spannende Wendungen<br data-start=\"569\" data-end=\"572\" \/>\ud83d\udd75\ufe0f\u200d\u2640\ufe0f Psychologischer Thriller &amp; \u00fcberraschende Enth\u00fcllungen<br data-start=\"632\" data-end=\"635\" \/>\ud83e\ude78 Gefahr, Intrigen &amp; beklemmende Momente<br data-start=\"676\" data-end=\"679\" \/>\ud83d\udda4 D\u00fcsterer Ton &amp; fesselnde Atmosph\u00e4re<\/p>\n<p data-start=\"721\" data-end=\"810\">Ein packendes H\u00f6rspiel \u00fcber L\u00fcgen, Geheimnisse und den Mut, sich der Wahrheit zu stellen.<\/p>\n<p data-start=\"812\" data-end=\"865\">\ud83d\udd0a <strong data-start=\"815\" data-end=\"826\">Format:<\/strong> H\u00f6rspiel \/ Thriller \/ Spannung (MP3)<\/p>\n<p data-start=\"867\" data-end=\"1016\">\u2b07\ufe0f Sofortiger Download f\u00fcr Handy<br data-start=\"899\" data-end=\"902\" \/>\u2b07\ufe0f Sofortiger Download f\u00fcr PC<br data-start=\"931\" data-end=\"934\" \/>\u2b07\ufe0f Sofortiger Download f\u00fcrs Tablet<br data-start=\"968\" data-end=\"971\" \/>\u2b07\ufe0f Kompatibel mit allen MP3-f\u00e4higen Ger\u00e4ten<\/p>\n<p data-start=\"1018\" data-end=\"1076\" data-is-last-node=\"\" data-is-only-node=\"\">\ud83d\udc49 <strong data-start=\"1021\" data-end=\"1076\" data-is-last-node=\"\">Einmal gekauft \u2013 jederzeit und unbegrenzt abrufbar!<\/strong><\/p>\n<\/div>\n<\/div>\n<\/div>\n<\/div>\n<\/div>\n<\/div>\n","protected":false},"excerpt":{"rendered":"<p>\ud83c\udfa7 H\u00f6rspiel Ava Strong \u2013 Nicht so \u201eAva Strong \u2013 Nicht so\u201c ist ein fesselndes Thriller-H\u00f6rspiel \u00fcber Geheimnisse, L\u00fcgen und die unerwarteten Wendungen des Lebens.Was zun\u00e4chst harmlos wirkt, entwickelt sich schnell zu einem gef\u00e4hrlichen Spiel aus T\u00e4uschung, Angst und t\u00f6dlichen Entscheidungen. W\u00e4hrend die Protagonistin versucht, die Wahrheit ans Licht zu bringen, steigt der Druck und [&hellip;]<\/p>\n","protected":false},"featured_media":2496,"comment_status":"open","ping_status":"closed","template":"","meta":[],"product_brand":[],"product_cat":[34],"product_tag":[],"class_list":{"0":"post-2494","1":"product","2":"type-product","3":"status-publish","4":"has-post-thumbnail","6":"product_cat-hoerspiel-krimi","8":"first","9":"instock","10":"sale","11":"shipping-taxable","12":"purchasable","13":"product-type-simple"},"jetpack_sharing_enabled":true,"_links":{"self":[{"href":"https:\/\/audiobook-24.com\/en\/wp-json\/wp\/v2\/product\/2494","targetHints":{"allow":["GET"]}}],"collection":[{"href":"https:\/\/audiobook-24.com\/en\/wp-json\/wp\/v2\/product"}],"about":[{"href":"https:\/\/audiobook-24.com\/en\/wp-json\/wp\/v2\/types\/product"}],"replies":[{"embeddable":true,"href":"https:\/\/audiobook-24.com\/en\/wp-json\/wp\/v2\/comments?post=2494"}],"wp:featuredmedia":[{"embeddable":true,"href":"https:\/\/audiobook-24.com\/en\/wp-json\/wp\/v2\/media\/2496"}],"wp:attachment":[{"href":"https:\/\/audiobook-24.com\/en\/wp-json\/wp\/v2\/media?parent=2494"}],"wp:term":[{"taxonomy":"product_brand","embeddable":true,"href":"https:\/\/audiobook-24.com\/en\/wp-json\/wp\/v2\/product_brand?post=2494"},{"taxonomy":"product_cat","embeddable":true,"href":"https:\/\/audiobook-24.com\/en\/wp-json\/wp\/v2\/product_cat?post=2494"},{"taxonomy":"product_tag","embeddable":true,"href":"https:\/\/audiobook-24.com\/en\/wp-json\/wp\/v2\/product_tag?post=2494"}],"curies":[{"name":"wp","href":"https:\/\/api.w.org\/{rel}","templated":true}]}}