{"id":2493,"date":"2025-12-25T19:27:38","date_gmt":"2025-12-25T19:27:38","guid":{"rendered":"https:\/\/audiobook-24.com\/?post_type=product&#038;p=2493"},"modified":"2025-12-25T19:27:38","modified_gmt":"2025-12-25T19:27:38","slug":"%f0%9f%8e%a7-hoerspiel-odd-harald-hauge-gejagt-im-eis","status":"publish","type":"product","link":"https:\/\/audiobook-24.com\/en\/product\/%f0%9f%8e%a7-hoerspiel-odd-harald-hauge-gejagt-im-eis\/","title":{"rendered":"\ud83c\udfa7 H\u00f6rspiel Odd Harald Hauge \u2013 Gejagt im Eis"},"content":{"rendered":"<p data-start=\"0\" data-end=\"50\">\ud83c\udfa7 <strong data-start=\"3\" data-end=\"48\">H\u00f6rspiel Odd Harald Hauge \u2013 Gejagt im Eis<\/strong><\/p>\n<p data-start=\"52\" data-end=\"324\">\u201eOdd Harald Hauge \u2013 Gejagt im Eis\u201c ist ein packendes Thriller-H\u00f6rspiel voller eisiger Spannung, Verfolgung und t\u00f6dlicher Gefahr.<br data-start=\"180\" data-end=\"183\" \/>In der unbarmherzigen K\u00e4lte einer abgelegenen Polarregion beginnt eine gnadenlose Jagd, bei der jeder Schritt \u00fcber Leben und Tod entscheidet.<\/p>\n<p data-start=\"326\" data-end=\"596\">Zwischen eisigen St\u00fcrmen, verborgenem Verrat und wachsenden Bedrohungen entfaltet sich ein nervenaufreibendes Spiel aus \u00dcberleben, Misstrauen und Entschlossenheit.<br data-start=\"489\" data-end=\"492\" \/>Die K\u00e4lte ist nur ein Teil der Gefahr \u2013 denn der Verfolger ist ebenso unbarmherzig wie die Natur selbst.<\/p>\n<p data-start=\"598\" data-end=\"820\"><strong data-start=\"598\" data-end=\"618\">Erwartet werden:<\/strong><br \/>\n\u2744\ufe0f Spannungsgeladene Verfolgungsjagd &amp; eisige Kulisse<br data-start=\"672\" data-end=\"675\" \/>\ud83d\udd25 Nervenkitzel, Gefahr &amp; \u00fcberraschende Wendungen<br data-start=\"724\" data-end=\"727\" \/>\ud83e\ude78 Psychologische Spannung &amp; packende Charaktere<br data-start=\"775\" data-end=\"778\" \/>\ud83d\udda4 D\u00fcsterer Ton &amp; beklemmende Atmosph\u00e4re<\/p>\n<p data-start=\"822\" data-end=\"893\">Ein fesselndes H\u00f6rspiel \u00fcber \u00dcberleben, Mut und die Jagd im ewigen Eis.<\/p>\n<p data-start=\"895\" data-end=\"948\">\ud83d\udd0a <strong data-start=\"898\" data-end=\"909\">Format:<\/strong> H\u00f6rspiel \/ Thriller \/ Spannung (MP3)<\/p>\n<p data-start=\"950\" data-end=\"1099\">\u2b07\ufe0f Sofortiger Download f\u00fcr Handy<br data-start=\"982\" data-end=\"985\" \/>\u2b07\ufe0f Sofortiger Download f\u00fcr PC<br data-start=\"1014\" data-end=\"1017\" \/>\u2b07\ufe0f Sofortiger Download f\u00fcrs Tablet<br data-start=\"1051\" data-end=\"1054\" \/>\u2b07\ufe0f Kompatibel mit allen MP3-f\u00e4higen Ger\u00e4ten<\/p>\n<p data-start=\"1101\" data-end=\"1159\" data-is-last-node=\"\" data-is-only-node=\"\">\ud83d\udc49 <strong data-start=\"1104\" data-end=\"1159\" data-is-last-node=\"\">Einmal gekauft \u2013 jederzeit und unbegrenzt abrufbar!<\/strong><\/p>","protected":false},"excerpt":{"rendered":"<p>\ud83c\udfa7 H\u00f6rspiel Odd Harald Hauge \u2013 Gejagt im Eis \u201eOdd Harald Hauge \u2013 Gejagt im Eis\u201c ist ein packendes Thriller-H\u00f6rspiel voller eisiger Spannung, Verfolgung und t\u00f6dlicher Gefahr.In der unbarmherzigen K\u00e4lte einer abgelegenen Polarregion beginnt eine gnadenlose Jagd, bei der jeder Schritt \u00fcber Leben und Tod entscheidet. Zwischen eisigen St\u00fcrmen, verborgenem Verrat und wachsenden Bedrohungen entfaltet [&hellip;]<\/p>\n","protected":false},"featured_media":2497,"comment_status":"open","ping_status":"closed","template":"","meta":[],"product_brand":[],"product_cat":[34],"product_tag":[],"class_list":{"0":"post-2493","1":"product","2":"type-product","3":"status-publish","4":"has-post-thumbnail","6":"product_cat-hoerspiel-krimi","8":"first","9":"instock","10":"sale","11":"virtual","12":"purchasable","13":"product-type-simple"},"jetpack_sharing_enabled":true,"_links":{"self":[{"href":"https:\/\/audiobook-24.com\/en\/wp-json\/wp\/v2\/product\/2493","targetHints":{"allow":["GET"]}}],"collection":[{"href":"https:\/\/audiobook-24.com\/en\/wp-json\/wp\/v2\/product"}],"about":[{"href":"https:\/\/audiobook-24.com\/en\/wp-json\/wp\/v2\/types\/product"}],"replies":[{"embeddable":true,"href":"https:\/\/audiobook-24.com\/en\/wp-json\/wp\/v2\/comments?post=2493"}],"wp:featuredmedia":[{"embeddable":true,"href":"https:\/\/audiobook-24.com\/en\/wp-json\/wp\/v2\/media\/2497"}],"wp:attachment":[{"href":"https:\/\/audiobook-24.com\/en\/wp-json\/wp\/v2\/media?parent=2493"}],"wp:term":[{"taxonomy":"product_brand","embeddable":true,"href":"https:\/\/audiobook-24.com\/en\/wp-json\/wp\/v2\/product_brand?post=2493"},{"taxonomy":"product_cat","embeddable":true,"href":"https:\/\/audiobook-24.com\/en\/wp-json\/wp\/v2\/product_cat?post=2493"},{"taxonomy":"product_tag","embeddable":true,"href":"https:\/\/audiobook-24.com\/en\/wp-json\/wp\/v2\/product_tag?post=2493"}],"curies":[{"name":"wp","href":"https:\/\/api.w.org\/{rel}","templated":true}]}}