{"id":2481,"date":"2025-12-25T19:30:31","date_gmt":"2025-12-25T19:30:31","guid":{"rendered":"https:\/\/audiobook-24.com\/?post_type=product&#038;p=2481"},"modified":"2025-12-25T19:30:31","modified_gmt":"2025-12-25T19:30:31","slug":"%f0%9f%8e%a7-hoerspiel-marley-alexis-der-blaue-tod","status":"publish","type":"product","link":"https:\/\/audiobook-24.com\/en\/product\/%f0%9f%8e%a7-hoerspiel-marley-alexis-der-blaue-tod\/","title":{"rendered":"\ud83c\udfa7 H\u00f6rspiel Marley Alexis \u2013 Der blaue Tod"},"content":{"rendered":"<p data-start=\"0\" data-end=\"47\">\ud83c\udfa7 <strong data-start=\"3\" data-end=\"45\">H\u00f6rspiel Marley Alexis \u2013 Der blaue Tod<\/strong><\/p>\n<p data-start=\"49\" data-end=\"286\">\u201eMarley Alexis \u2013 Der blaue Tod\u201c ist ein d\u00fcsterer Thriller voller Spannung, Geheimnisse und t\u00f6dlicher Intrigen.<br data-start=\"159\" data-end=\"162\" \/>Eine mysteri\u00f6se Mordserie, ein r\u00e4tselhafter T\u00e4ter und ein scheinbar unl\u00f6sbares R\u00e4tsel treiben die Ermittler an ihre Grenzen.<\/p>\n<p data-start=\"288\" data-end=\"525\">Zwischen r\u00e4tselhaften Hinweisen, gef\u00e4hrlichen Begegnungen und unerwarteten Wendungen entfaltet sich ein packendes Spiel aus Angst, Misstrauen und t\u00f6dlicher Gefahr.<br data-start=\"451\" data-end=\"454\" \/>Jeder Schritt k\u00f6nnte der letzte sein \u2013 und niemand ist wirklich sicher.<\/p>\n<p data-start=\"527\" data-end=\"753\"><strong data-start=\"527\" data-end=\"547\">Erwartet werden:<\/strong><br \/>\n\ud83d\udc80 Spannender Thriller &amp; nervenaufreibende Ermittlungen<br data-start=\"603\" data-end=\"606\" \/>\ud83d\udd25 \u00dcberraschende Wendungen &amp; t\u00f6dliche Intrigen<br data-start=\"652\" data-end=\"655\" \/>\ud83d\udd75\ufe0f\u200d\u2642\ufe0f Psychologischer Tiefgang &amp; packende Charaktere<br data-start=\"708\" data-end=\"711\" \/>\ud83e\ude78 D\u00fcsterer Ton &amp; beklemmende Atmosph\u00e4re<\/p>\n<p data-start=\"755\" data-end=\"846\">Ein fesselndes H\u00f6rspiel \u00fcber Mord, Geheimnisse und die Jagd nach dem unberechenbaren T\u00e4ter.<\/p>\n<p data-start=\"848\" data-end=\"901\">\ud83d\udd0a <strong data-start=\"851\" data-end=\"862\">Format:<\/strong> H\u00f6rspiel \/ Thriller \/ Spannung (MP3)<\/p>\n<p data-start=\"903\" data-end=\"1052\">\u2b07\ufe0f Sofortiger Download f\u00fcr Handy<br data-start=\"935\" data-end=\"938\" \/>\u2b07\ufe0f Sofortiger Download f\u00fcr PC<br data-start=\"967\" data-end=\"970\" \/>\u2b07\ufe0f Sofortiger Download f\u00fcrs Tablet<br data-start=\"1004\" data-end=\"1007\" \/>\u2b07\ufe0f Kompatibel mit allen MP3-f\u00e4higen Ger\u00e4ten<\/p>\n<p data-start=\"1054\" data-end=\"1112\" data-is-last-node=\"\" data-is-only-node=\"\">\ud83d\udc49 <strong data-start=\"1057\" data-end=\"1112\" data-is-last-node=\"\">Einmal gekauft \u2013 jederzeit und unbegrenzt abrufbar!<\/strong><\/p>","protected":false},"excerpt":{"rendered":"<p>\ud83c\udfa7 H\u00f6rspiel Marley Alexis \u2013 Der blaue Tod \u201eMarley Alexis \u2013 Der blaue Tod\u201c ist ein d\u00fcsterer Thriller voller Spannung, Geheimnisse und t\u00f6dlicher Intrigen.Eine mysteri\u00f6se Mordserie, ein r\u00e4tselhafter T\u00e4ter und ein scheinbar unl\u00f6sbares R\u00e4tsel treiben die Ermittler an ihre Grenzen. Zwischen r\u00e4tselhaften Hinweisen, gef\u00e4hrlichen Begegnungen und unerwarteten Wendungen entfaltet sich ein packendes Spiel aus Angst, [&hellip;]<\/p>\n","protected":false},"featured_media":2498,"comment_status":"open","ping_status":"closed","template":"","meta":[],"product_brand":[],"product_cat":[34],"product_tag":[],"class_list":{"0":"post-2481","1":"product","2":"type-product","3":"status-publish","4":"has-post-thumbnail","6":"product_cat-hoerspiel-krimi","8":"first","9":"instock","10":"sale","11":"virtual","12":"purchasable","13":"product-type-simple"},"jetpack_sharing_enabled":true,"_links":{"self":[{"href":"https:\/\/audiobook-24.com\/en\/wp-json\/wp\/v2\/product\/2481","targetHints":{"allow":["GET"]}}],"collection":[{"href":"https:\/\/audiobook-24.com\/en\/wp-json\/wp\/v2\/product"}],"about":[{"href":"https:\/\/audiobook-24.com\/en\/wp-json\/wp\/v2\/types\/product"}],"replies":[{"embeddable":true,"href":"https:\/\/audiobook-24.com\/en\/wp-json\/wp\/v2\/comments?post=2481"}],"wp:featuredmedia":[{"embeddable":true,"href":"https:\/\/audiobook-24.com\/en\/wp-json\/wp\/v2\/media\/2498"}],"wp:attachment":[{"href":"https:\/\/audiobook-24.com\/en\/wp-json\/wp\/v2\/media?parent=2481"}],"wp:term":[{"taxonomy":"product_brand","embeddable":true,"href":"https:\/\/audiobook-24.com\/en\/wp-json\/wp\/v2\/product_brand?post=2481"},{"taxonomy":"product_cat","embeddable":true,"href":"https:\/\/audiobook-24.com\/en\/wp-json\/wp\/v2\/product_cat?post=2481"},{"taxonomy":"product_tag","embeddable":true,"href":"https:\/\/audiobook-24.com\/en\/wp-json\/wp\/v2\/product_tag?post=2481"}],"curies":[{"name":"wp","href":"https:\/\/api.w.org\/{rel}","templated":true}]}}