{"id":2480,"date":"2025-12-25T19:20:55","date_gmt":"2025-12-25T19:20:55","guid":{"rendered":"https:\/\/audiobook-24.com\/?post_type=product&#038;p=2480"},"modified":"2025-12-25T19:20:55","modified_gmt":"2025-12-25T19:20:55","slug":"%f0%9f%8e%a7-hoerspiel-ava-strong-nicht-wie-er-schien","status":"publish","type":"product","link":"https:\/\/audiobook-24.com\/en\/product\/%f0%9f%8e%a7-hoerspiel-ava-strong-nicht-wie-er-schien\/","title":{"rendered":"\ud83c\udfa7 H\u00f6rspiel Ava Strong \u2013 Nicht wie er schien"},"content":{"rendered":"<p data-start=\"0\" data-end=\"50\">\ud83c\udfa7 <strong data-start=\"3\" data-end=\"48\">H\u00f6rspiel Ava Strong \u2013 Nicht wie er schien<\/strong><\/p>\n<p data-start=\"52\" data-end=\"371\">\u201eAva Strong \u2013 Nicht wie er schien\u201c ist ein packendes Thriller-H\u00f6rspiel \u00fcber T\u00e4uschung, Geheimnisse und die gef\u00e4hrliche Fassade eines Menschen, der mehr verbirgt, als man ahnt.<br data-start=\"227\" data-end=\"230\" \/>Hinter charmantem Auftreten lauern Manipulation, Intrigen und eine bedrohliche Wahrheit, die das Leben der Protagonistin auf den Kopf stellt.<\/p>\n<p data-start=\"373\" data-end=\"574\">W\u00e4hrend die Schlinge enger wird, entfaltet sich ein nervenaufreibendes Spiel aus Vertrauen, Verrat und t\u00f6dlichen Entscheidungen.<br data-start=\"501\" data-end=\"504\" \/>Jede Enth\u00fcllung bringt neue Risiken \u2013 und niemand ist wirklich sicher.<\/p>\n<p data-start=\"576\" data-end=\"806\"><strong data-start=\"576\" data-end=\"596\">Erwartet werden:<\/strong><br \/>\n\ud83d\udd25 Psychologischer Thriller &amp; \u00fcberraschende Wendungen<br data-start=\"650\" data-end=\"653\" \/>\ud83d\udd75\ufe0f\u200d\u2640\ufe0f Spannungsgeladene Enth\u00fcllungen &amp; Intrigen<br data-start=\"701\" data-end=\"704\" \/>\ud83e\ude78 Dunkle Geheimnisse &amp; nervenaufreibende Momente<br data-start=\"753\" data-end=\"756\" \/>\ud83d\udda4 Beklemmende Atmosph\u00e4re &amp; fesselnde Charaktere<\/p>\n<p data-start=\"808\" data-end=\"901\">Ein fesselndes H\u00f6rspiel \u00fcber T\u00e4uschung, Wahrheit und die verborgenen Abgr\u00fcnde eines Menschen.<\/p>\n<p data-start=\"903\" data-end=\"956\">\ud83d\udd0a <strong data-start=\"906\" data-end=\"917\">Format:<\/strong> H\u00f6rspiel \/ Thriller \/ Spannung (MP3)<\/p>\n<p data-start=\"958\" data-end=\"1107\">\u2b07\ufe0f Sofortiger Download f\u00fcr Handy<br data-start=\"990\" data-end=\"993\" \/>\u2b07\ufe0f Sofortiger Download f\u00fcr PC<br data-start=\"1022\" data-end=\"1025\" \/>\u2b07\ufe0f Sofortiger Download f\u00fcrs Tablet<br data-start=\"1059\" data-end=\"1062\" \/>\u2b07\ufe0f Kompatibel mit allen MP3-f\u00e4higen Ger\u00e4ten<\/p>\n<p data-start=\"1109\" data-end=\"1167\" data-is-last-node=\"\" data-is-only-node=\"\">\ud83d\udc49 <strong data-start=\"1112\" data-end=\"1167\" data-is-last-node=\"\">Einmal gekauft \u2013 jederzeit und unbegrenzt abrufbar!<\/strong><\/p>","protected":false},"excerpt":{"rendered":"<p>\ud83c\udfa7 H\u00f6rspiel Ava Strong \u2013 Nicht wie er schien \u201eAva Strong \u2013 Nicht wie er schien\u201c ist ein packendes Thriller-H\u00f6rspiel \u00fcber T\u00e4uschung, Geheimnisse und die gef\u00e4hrliche Fassade eines Menschen, der mehr verbirgt, als man ahnt.Hinter charmantem Auftreten lauern Manipulation, Intrigen und eine bedrohliche Wahrheit, die das Leben der Protagonistin auf den Kopf stellt. W\u00e4hrend die [&hellip;]<\/p>\n","protected":false},"featured_media":2495,"comment_status":"open","ping_status":"closed","template":"","meta":[],"product_brand":[],"product_cat":[34],"product_tag":[],"class_list":{"0":"post-2480","1":"product","2":"type-product","3":"status-publish","4":"has-post-thumbnail","6":"product_cat-hoerspiel-krimi","8":"first","9":"instock","10":"sale","11":"virtual","12":"purchasable","13":"product-type-simple"},"jetpack_sharing_enabled":true,"_links":{"self":[{"href":"https:\/\/audiobook-24.com\/en\/wp-json\/wp\/v2\/product\/2480","targetHints":{"allow":["GET"]}}],"collection":[{"href":"https:\/\/audiobook-24.com\/en\/wp-json\/wp\/v2\/product"}],"about":[{"href":"https:\/\/audiobook-24.com\/en\/wp-json\/wp\/v2\/types\/product"}],"replies":[{"embeddable":true,"href":"https:\/\/audiobook-24.com\/en\/wp-json\/wp\/v2\/comments?post=2480"}],"wp:featuredmedia":[{"embeddable":true,"href":"https:\/\/audiobook-24.com\/en\/wp-json\/wp\/v2\/media\/2495"}],"wp:attachment":[{"href":"https:\/\/audiobook-24.com\/en\/wp-json\/wp\/v2\/media?parent=2480"}],"wp:term":[{"taxonomy":"product_brand","embeddable":true,"href":"https:\/\/audiobook-24.com\/en\/wp-json\/wp\/v2\/product_brand?post=2480"},{"taxonomy":"product_cat","embeddable":true,"href":"https:\/\/audiobook-24.com\/en\/wp-json\/wp\/v2\/product_cat?post=2480"},{"taxonomy":"product_tag","embeddable":true,"href":"https:\/\/audiobook-24.com\/en\/wp-json\/wp\/v2\/product_tag?post=2480"}],"curies":[{"name":"wp","href":"https:\/\/api.w.org\/{rel}","templated":true}]}}