{"id":2479,"date":"2025-12-25T19:18:06","date_gmt":"2025-12-25T19:18:06","guid":{"rendered":"https:\/\/audiobook-24.com\/?post_type=product&#038;p=2479"},"modified":"2025-12-25T19:18:24","modified_gmt":"2025-12-25T19:18:24","slug":"%f0%9f%8e%a7-hoerspiel-ava-strong-nicht-wie-gestern","status":"publish","type":"product","link":"https:\/\/audiobook-24.com\/en\/product\/%f0%9f%8e%a7-hoerspiel-ava-strong-nicht-wie-gestern\/","title":{"rendered":"\ud83c\udfa7 H\u00f6rspiel Ava Strong \u2013 Nicht wie gestern"},"content":{"rendered":"<p data-start=\"0\" data-end=\"48\">\ud83c\udfa7 <strong data-start=\"3\" data-end=\"46\">H\u00f6rspiel Ava Strong \u2013 Nicht wie gestern<\/strong><\/p>\n<p data-start=\"50\" data-end=\"347\">\u201eAva Strong \u2013 Nicht wie gestern\u201c ist ein spannendes Thriller-H\u00f6rspiel \u00fcber Geheimnisse, Manipulation und die schockierende Wahrheit hinter vertrauten Fassaden.<br data-start=\"209\" data-end=\"212\" \/>Was als normaler Alltag beginnt, entwickelt sich schnell zu einem gef\u00e4hrlichen Spiel aus L\u00fcgen, Intrigen und bedrohlichen Enth\u00fcllungen.<\/p>\n<p data-start=\"349\" data-end=\"544\">W\u00e4hrend sich die Ereignisse zuspitzen, muss die Protagonistin um ihr Leben und die Wahrheit k\u00e4mpfen.<br data-start=\"449\" data-end=\"452\" \/>Jede Entscheidung kann alles ver\u00e4ndern \u2013 und das Gestern ist nur noch eine ferne Erinnerung.<\/p>\n<p data-start=\"546\" data-end=\"761\"><strong data-start=\"546\" data-end=\"566\">Erwartet werden:<\/strong><br \/>\n\ud83d\udd25 Hochspannung &amp; packende Wendungen<br data-start=\"603\" data-end=\"606\" \/>\ud83d\udd75\ufe0f\u200d\u2640\ufe0f Psychologischer Thriller &amp; \u00fcberraschende Enth\u00fcllungen<br data-start=\"666\" data-end=\"669\" \/>\ud83e\ude78 Gefahr, Intrigen &amp; nervenaufreibende Momente<br data-start=\"716\" data-end=\"719\" \/>\ud83d\udda4 D\u00fcsterer Ton &amp; beklemmende Atmosph\u00e4re<\/p>\n<p data-start=\"763\" data-end=\"867\">Ein fesselndes H\u00f6rspiel \u00fcber Manipulation, Geheimnisse und den Mut, der Vergangenheit ins Auge zu sehen.<\/p>\n<p data-start=\"869\" data-end=\"922\">\ud83d\udd0a <strong data-start=\"872\" data-end=\"883\">Format:<\/strong> H\u00f6rspiel \/ Thriller \/ Spannung (MP3)<\/p>\n<p data-start=\"924\" data-end=\"1073\">\u2b07\ufe0f Sofortiger Download f\u00fcr Handy<br data-start=\"956\" data-end=\"959\" \/>\u2b07\ufe0f Sofortiger Download f\u00fcr PC<br data-start=\"988\" data-end=\"991\" \/>\u2b07\ufe0f Sofortiger Download f\u00fcrs Tablet<br data-start=\"1025\" data-end=\"1028\" \/>\u2b07\ufe0f Kompatibel mit allen MP3-f\u00e4higen Ger\u00e4ten<\/p>\n<p data-start=\"1075\" data-end=\"1133\" data-is-last-node=\"\" data-is-only-node=\"\">\ud83d\udc49 <strong data-start=\"1078\" data-end=\"1133\" data-is-last-node=\"\">Einmal gekauft \u2013 jederzeit und unbegrenzt abrufbar!<\/strong><\/p>","protected":false},"excerpt":{"rendered":"<p>\ud83c\udfa7 H\u00f6rspiel Ava Strong \u2013 Nicht wie gestern \u201eAva Strong \u2013 Nicht wie gestern\u201c ist ein spannendes Thriller-H\u00f6rspiel \u00fcber Geheimnisse, Manipulation und die schockierende Wahrheit hinter vertrauten Fassaden.Was als normaler Alltag beginnt, entwickelt sich schnell zu einem gef\u00e4hrlichen Spiel aus L\u00fcgen, Intrigen und bedrohlichen Enth\u00fcllungen. W\u00e4hrend sich die Ereignisse zuspitzen, muss die Protagonistin um ihr [&hellip;]<\/p>\n","protected":false},"featured_media":2492,"comment_status":"open","ping_status":"closed","template":"","meta":[],"product_brand":[],"product_cat":[34],"product_tag":[],"class_list":{"0":"post-2479","1":"product","2":"type-product","3":"status-publish","4":"has-post-thumbnail","6":"product_cat-hoerspiel-krimi","8":"first","9":"instock","10":"sale","11":"virtual","12":"purchasable","13":"product-type-simple"},"jetpack_sharing_enabled":true,"_links":{"self":[{"href":"https:\/\/audiobook-24.com\/en\/wp-json\/wp\/v2\/product\/2479","targetHints":{"allow":["GET"]}}],"collection":[{"href":"https:\/\/audiobook-24.com\/en\/wp-json\/wp\/v2\/product"}],"about":[{"href":"https:\/\/audiobook-24.com\/en\/wp-json\/wp\/v2\/types\/product"}],"replies":[{"embeddable":true,"href":"https:\/\/audiobook-24.com\/en\/wp-json\/wp\/v2\/comments?post=2479"}],"wp:featuredmedia":[{"embeddable":true,"href":"https:\/\/audiobook-24.com\/en\/wp-json\/wp\/v2\/media\/2492"}],"wp:attachment":[{"href":"https:\/\/audiobook-24.com\/en\/wp-json\/wp\/v2\/media?parent=2479"}],"wp:term":[{"taxonomy":"product_brand","embeddable":true,"href":"https:\/\/audiobook-24.com\/en\/wp-json\/wp\/v2\/product_brand?post=2479"},{"taxonomy":"product_cat","embeddable":true,"href":"https:\/\/audiobook-24.com\/en\/wp-json\/wp\/v2\/product_cat?post=2479"},{"taxonomy":"product_tag","embeddable":true,"href":"https:\/\/audiobook-24.com\/en\/wp-json\/wp\/v2\/product_tag?post=2479"}],"curies":[{"name":"wp","href":"https:\/\/api.w.org\/{rel}","templated":true}]}}