{"id":2478,"date":"2025-12-25T19:13:52","date_gmt":"2025-12-25T19:13:52","guid":{"rendered":"https:\/\/audiobook-24.com\/?post_type=product&#038;p=2478"},"modified":"2025-12-25T19:13:52","modified_gmt":"2025-12-25T19:13:52","slug":"%f0%9f%8e%a7-hoerspiel-catherine-shepherd-das-verbot","status":"publish","type":"product","link":"https:\/\/audiobook-24.com\/en\/product\/%f0%9f%8e%a7-hoerspiel-catherine-shepherd-das-verbot\/","title":{"rendered":"\ud83c\udfa7 H\u00f6rspiel Catherine Shepherd \u2013 Das Verbot"},"content":{"rendered":"<div class=\"text-base my-auto mx-auto pb-10 [--thread-content-margin:--spacing(4)] @w-sm\/main:[--thread-content-margin:--spacing(6)] @w-lg\/main:[--thread-content-margin:--spacing(16)] px-(--thread-content-margin)\">\n<div class=\"[--thread-content-max-width:40rem] @w-lg\/main:[--thread-content-max-width:48rem] mx-auto max-w-(--thread-content-max-width) flex-1 group\/turn-messages focus-visible:outline-hidden relative flex w-full min-w-0 flex-col agent-turn\" tabindex=\"-1\">\n<div class=\"flex max-w-full flex-col grow\">\n<div class=\"min-h-8 text-message relative flex w-full flex-col items-end gap-2 text-start break-words whitespace-normal [.text-message+&amp;]:mt-1\" dir=\"auto\" data-message-author-role=\"assistant\" data-message-id=\"dda02e1a-4a1f-4102-8bb3-e977fbd235b1\" data-message-model-slug=\"gpt-5-mini\">\n<div class=\"flex w-full flex-col gap-1 empty:hidden first:pt-[1px]\">\n<div class=\"markdown prose dark:prose-invert w-full break-words light markdown-new-styling\">\n<p data-start=\"0\" data-end=\"49\">\ud83c\udfa7 <strong data-start=\"3\" data-end=\"47\">H\u00f6rspiel Catherine Shepherd \u2013 Das Verbot<\/strong><\/p>\n<p data-start=\"51\" data-end=\"314\">\u201eCatherine Shepherd \u2013 Das Verbot\u201c ist ein fesselndes Thriller-H\u00f6rspiel \u00fcber geheime Regeln, verbotene Handlungen und die gef\u00e4hrlichen Folgen von Neugier.<br data-start=\"204\" data-end=\"207\" \/>Eine scheinbar harmlose Entdeckung entfaltet eine Kette aus Bedrohung, Intrigen und t\u00f6dlichen Konsequenzen.<\/p>\n<p data-start=\"316\" data-end=\"530\">Als Grenzen \u00fcberschritten werden, geraten die Beteiligten in einen Strudel aus Angst, Machtspielen und moralischen Entscheidungen.<br data-start=\"446\" data-end=\"449\" \/>Jeder Schritt kann das letzte Risiko bedeuten \u2013 und das Verbot kennt keine Gnade.<\/p>\n<p data-start=\"532\" data-end=\"754\"><strong data-start=\"532\" data-end=\"552\">Erwartet werden:<\/strong><br \/>\n\ud83d\udeab Spannender Thriller &amp; nervenaufreibende Szenen<br data-start=\"602\" data-end=\"605\" \/>\ud83d\udd25 \u00dcberraschende Wendungen &amp; gef\u00e4hrliche Geheimnisse<br data-start=\"657\" data-end=\"660\" \/>\ud83d\udd75\ufe0f\u200d\u2640\ufe0f Psychologischer Tiefgang &amp; moralische Grauzonen<br data-start=\"714\" data-end=\"717\" \/>\ud83e\ude78 D\u00fcsterer Ton &amp; packende Spannung<\/p>\n<p data-start=\"756\" data-end=\"851\">Ein intensives H\u00f6rspiel \u00fcber Verbotenes, Macht und die Konsequenzen unbedachter Entscheidungen.<\/p>\n<p data-start=\"853\" data-end=\"906\">\ud83d\udd0a <strong data-start=\"856\" data-end=\"867\">Format:<\/strong> H\u00f6rspiel \/ Thriller \/ Spannung (MP3)<\/p>\n<p data-start=\"908\" data-end=\"1057\">\u2b07\ufe0f Sofortiger Download f\u00fcr Handy<br data-start=\"940\" data-end=\"943\" \/>\u2b07\ufe0f Sofortiger Download f\u00fcr PC<br data-start=\"972\" data-end=\"975\" \/>\u2b07\ufe0f Sofortiger Download f\u00fcrs Tablet<br data-start=\"1009\" data-end=\"1012\" \/>\u2b07\ufe0f Kompatibel mit allen MP3-f\u00e4higen Ger\u00e4ten<\/p>\n<p data-start=\"1059\" data-end=\"1117\" data-is-last-node=\"\" data-is-only-node=\"\">\ud83d\udc49 <strong data-start=\"1062\" data-end=\"1117\" data-is-last-node=\"\">Einmal gekauft \u2013 jederzeit und unbegrenzt abrufbar!<\/strong><\/p>\n<\/div>\n<\/div>\n<\/div>\n<\/div>\n<\/div>\n<\/div>\n","protected":false},"excerpt":{"rendered":"<p>\ud83c\udfa7 H\u00f6rspiel Catherine Shepherd \u2013 Das Verbot \u201eCatherine Shepherd \u2013 Das Verbot\u201c ist ein fesselndes Thriller-H\u00f6rspiel \u00fcber geheime Regeln, verbotene Handlungen und die gef\u00e4hrlichen Folgen von Neugier.Eine scheinbar harmlose Entdeckung entfaltet eine Kette aus Bedrohung, Intrigen und t\u00f6dlichen Konsequenzen. Als Grenzen \u00fcberschritten werden, geraten die Beteiligten in einen Strudel aus Angst, Machtspielen und moralischen Entscheidungen.Jeder [&hellip;]<\/p>\n","protected":false},"featured_media":2491,"comment_status":"open","ping_status":"closed","template":"","meta":[],"product_brand":[],"product_cat":[34],"product_tag":[],"class_list":{"0":"post-2478","1":"product","2":"type-product","3":"status-publish","4":"has-post-thumbnail","6":"product_cat-hoerspiel-krimi","8":"first","9":"instock","10":"sale","11":"virtual","12":"purchasable","13":"product-type-simple"},"jetpack_sharing_enabled":true,"_links":{"self":[{"href":"https:\/\/audiobook-24.com\/en\/wp-json\/wp\/v2\/product\/2478","targetHints":{"allow":["GET"]}}],"collection":[{"href":"https:\/\/audiobook-24.com\/en\/wp-json\/wp\/v2\/product"}],"about":[{"href":"https:\/\/audiobook-24.com\/en\/wp-json\/wp\/v2\/types\/product"}],"replies":[{"embeddable":true,"href":"https:\/\/audiobook-24.com\/en\/wp-json\/wp\/v2\/comments?post=2478"}],"wp:featuredmedia":[{"embeddable":true,"href":"https:\/\/audiobook-24.com\/en\/wp-json\/wp\/v2\/media\/2491"}],"wp:attachment":[{"href":"https:\/\/audiobook-24.com\/en\/wp-json\/wp\/v2\/media?parent=2478"}],"wp:term":[{"taxonomy":"product_brand","embeddable":true,"href":"https:\/\/audiobook-24.com\/en\/wp-json\/wp\/v2\/product_brand?post=2478"},{"taxonomy":"product_cat","embeddable":true,"href":"https:\/\/audiobook-24.com\/en\/wp-json\/wp\/v2\/product_cat?post=2478"},{"taxonomy":"product_tag","embeddable":true,"href":"https:\/\/audiobook-24.com\/en\/wp-json\/wp\/v2\/product_tag?post=2478"}],"curies":[{"name":"wp","href":"https:\/\/api.w.org\/{rel}","templated":true}]}}