{"id":2476,"date":"2025-12-25T19:07:06","date_gmt":"2025-12-25T19:07:06","guid":{"rendered":"https:\/\/audiobook-24.com\/?post_type=product&#038;p=2476"},"modified":"2025-12-25T19:07:06","modified_gmt":"2025-12-25T19:07:06","slug":"%f0%9f%8e%a7-hoerspiel-mark-franley-dem-tod-verpflichtet","status":"publish","type":"product","link":"https:\/\/audiobook-24.com\/en\/product\/%f0%9f%8e%a7-hoerspiel-mark-franley-dem-tod-verpflichtet\/","title":{"rendered":"\ud83c\udfa7 H\u00f6rspiel Mark Franley \u2013 Dem Tod verpflichtet"},"content":{"rendered":"<div class=\"text-base my-auto mx-auto pb-10 [--thread-content-margin:--spacing(4)] @w-sm\/main:[--thread-content-margin:--spacing(6)] @w-lg\/main:[--thread-content-margin:--spacing(16)] px-(--thread-content-margin)\">\n<div class=\"[--thread-content-max-width:40rem] @w-lg\/main:[--thread-content-max-width:48rem] mx-auto max-w-(--thread-content-max-width) flex-1 group\/turn-messages focus-visible:outline-hidden relative flex w-full min-w-0 flex-col agent-turn\" tabindex=\"-1\">\n<div class=\"flex max-w-full flex-col grow\">\n<div class=\"min-h-8 text-message relative flex w-full flex-col items-end gap-2 text-start break-words whitespace-normal [.text-message+&amp;]:mt-1\" dir=\"auto\" data-message-author-role=\"assistant\" data-message-id=\"0fcedcf7-a5ec-4a7c-ba22-202f45b86f65\" data-message-model-slug=\"gpt-5-2\">\n<div class=\"flex w-full flex-col gap-1 empty:hidden first:pt-[1px]\">\n<div class=\"markdown prose dark:prose-invert w-full break-words light markdown-new-styling\">\n<p data-start=\"0\" data-end=\"53\">\ud83c\udfa7 <strong data-start=\"3\" data-end=\"51\">H\u00f6rspiel Mark Franley \u2013 Dem Tod verpflichtet<\/strong><\/p>\n<p data-start=\"55\" data-end=\"292\">\u201eMark Franley \u2013 Dem Tod verpflichtet\u201c ist ein harter, d\u00fcsterer Thriller \u00fcber Schuld, Pflichtgef\u00fchl und einen t\u00f6dlichen Schwur, der nicht gebrochen werden kann.<br data-start=\"214\" data-end=\"217\" \/>Ein Mann lebt nach einem einzigen Gesetz \u2013 und dieses Gesetz fordert Leben.<\/p>\n<p data-start=\"294\" data-end=\"541\">Als Vergangenheit und Gegenwart unaufhaltsam kollidieren, entfaltet sich ein gnadenloses Spiel aus Gewalt, Loyalit\u00e4t und Vergeltung.<br data-start=\"426\" data-end=\"429\" \/>Jede Entscheidung ist endg\u00fcltig, jeder Schritt n\u00e4her am Abgrund \u2013 denn der Tod ist kein Zufall, sondern Auftrag.<\/p>\n<p data-start=\"543\" data-end=\"765\"><strong data-start=\"543\" data-end=\"563\">Erwartet werden:<\/strong><br \/>\n\ud83d\udc80 Kompromissloser Thriller &amp; t\u00f6dliche Konsequenzen<br data-start=\"615\" data-end=\"618\" \/>\ud83d\udd75\ufe0f\u200d\u2642\ufe0f Dunkle Ermittlungen &amp; moralische Grauzonen<br data-start=\"667\" data-end=\"670\" \/>\ud83d\udd25 Spannungsgeladene Wendungen &amp; gnadenloses Tempo<br data-start=\"720\" data-end=\"723\" \/>\ud83e\ude78 D\u00fcsterer Ton &amp; beklemmende Atmosph\u00e4re<\/p>\n<p data-start=\"767\" data-end=\"858\">Ein intensives H\u00f6rspiel \u00fcber Pflicht, Schuld und einen Weg, der nur in eine Richtung f\u00fchrt.<\/p>\n<p data-start=\"860\" data-end=\"913\">\ud83d\udd0a <strong data-start=\"863\" data-end=\"874\">Format:<\/strong> H\u00f6rspiel \/ Thriller \/ Spannung (MP3)<\/p>\n<p data-start=\"915\" data-end=\"1064\">\u2b07\ufe0f Sofortiger Download f\u00fcr Handy<br data-start=\"947\" data-end=\"950\" \/>\u2b07\ufe0f Sofortiger Download f\u00fcr PC<br data-start=\"979\" data-end=\"982\" \/>\u2b07\ufe0f Sofortiger Download f\u00fcrs Tablet<br data-start=\"1016\" data-end=\"1019\" \/>\u2b07\ufe0f Kompatibel mit allen MP3-f\u00e4higen Ger\u00e4ten<\/p>\n<p data-start=\"1066\" data-end=\"1124\" data-is-last-node=\"\" data-is-only-node=\"\">\ud83d\udc49 <strong data-start=\"1069\" data-end=\"1124\" data-is-last-node=\"\">Einmal gekauft \u2013 jederzeit und unbegrenzt abrufbar!<\/strong><\/p>\n<\/div>\n<\/div>\n<\/div>\n<\/div>\n<\/div>\n<\/div>\n","protected":false},"excerpt":{"rendered":"<p>\ud83c\udfa7 H\u00f6rspiel Mark Franley \u2013 Dem Tod verpflichtet \u201eMark Franley \u2013 Dem Tod verpflichtet\u201c ist ein harter, d\u00fcsterer Thriller \u00fcber Schuld, Pflichtgef\u00fchl und einen t\u00f6dlichen Schwur, der nicht gebrochen werden kann.Ein Mann lebt nach einem einzigen Gesetz \u2013 und dieses Gesetz fordert Leben. Als Vergangenheit und Gegenwart unaufhaltsam kollidieren, entfaltet sich ein gnadenloses Spiel aus [&hellip;]<\/p>\n","protected":false},"featured_media":2489,"comment_status":"open","ping_status":"closed","template":"","meta":[],"product_brand":[],"product_cat":[34],"product_tag":[],"class_list":{"0":"post-2476","1":"product","2":"type-product","3":"status-publish","4":"has-post-thumbnail","6":"product_cat-hoerspiel-krimi","8":"first","9":"instock","10":"sale","11":"virtual","12":"purchasable","13":"product-type-simple"},"jetpack_sharing_enabled":true,"_links":{"self":[{"href":"https:\/\/audiobook-24.com\/en\/wp-json\/wp\/v2\/product\/2476","targetHints":{"allow":["GET"]}}],"collection":[{"href":"https:\/\/audiobook-24.com\/en\/wp-json\/wp\/v2\/product"}],"about":[{"href":"https:\/\/audiobook-24.com\/en\/wp-json\/wp\/v2\/types\/product"}],"replies":[{"embeddable":true,"href":"https:\/\/audiobook-24.com\/en\/wp-json\/wp\/v2\/comments?post=2476"}],"wp:featuredmedia":[{"embeddable":true,"href":"https:\/\/audiobook-24.com\/en\/wp-json\/wp\/v2\/media\/2489"}],"wp:attachment":[{"href":"https:\/\/audiobook-24.com\/en\/wp-json\/wp\/v2\/media?parent=2476"}],"wp:term":[{"taxonomy":"product_brand","embeddable":true,"href":"https:\/\/audiobook-24.com\/en\/wp-json\/wp\/v2\/product_brand?post=2476"},{"taxonomy":"product_cat","embeddable":true,"href":"https:\/\/audiobook-24.com\/en\/wp-json\/wp\/v2\/product_cat?post=2476"},{"taxonomy":"product_tag","embeddable":true,"href":"https:\/\/audiobook-24.com\/en\/wp-json\/wp\/v2\/product_tag?post=2476"}],"curies":[{"name":"wp","href":"https:\/\/api.w.org\/{rel}","templated":true}]}}