{"id":2475,"date":"2025-12-25T19:03:52","date_gmt":"2025-12-25T19:03:52","guid":{"rendered":"https:\/\/audiobook-24.com\/?post_type=product&#038;p=2475"},"modified":"2025-12-25T19:03:53","modified_gmt":"2025-12-25T19:03:53","slug":"%f0%9f%8e%a7-hoerspiel-samantha-downing-meine-wunderbare-frau","status":"publish","type":"product","link":"https:\/\/audiobook-24.com\/en\/product\/%f0%9f%8e%a7-hoerspiel-samantha-downing-meine-wunderbare-frau\/","title":{"rendered":"\ud83c\udfa7 H\u00f6rspiel Samantha Downing \u2013 Meine wunderbare Frau"},"content":{"rendered":"<div class=\"flex flex-col text-sm pb-25\">\n<article class=\"text-token-text-primary w-full focus:outline-none [--shadow-height:45px] has-data-writing-block:pointer-events-none has-data-writing-block:-mt-(--shadow-height) has-data-writing-block:pt-(--shadow-height) [&amp;:has([data-writing-block])&gt;*]:pointer-events-auto scroll-mt-[calc(var(--header-height)+min(200px,max(70px,20svh)))]\" dir=\"auto\" tabindex=\"-1\" data-turn-id=\"request-694c1dad-ec80-8328-a7b1-24db3e115ab0-3\" data-testid=\"conversation-turn-62\" data-scroll-anchor=\"true\" data-turn=\"assistant\">\n<div class=\"text-base my-auto mx-auto pb-10 [--thread-content-margin:--spacing(4)] @w-sm\/main:[--thread-content-margin:--spacing(6)] @w-lg\/main:[--thread-content-margin:--spacing(16)] px-(--thread-content-margin)\">\n<div class=\"[--thread-content-max-width:40rem] @w-lg\/main:[--thread-content-max-width:48rem] mx-auto max-w-(--thread-content-max-width) flex-1 group\/turn-messages focus-visible:outline-hidden relative flex w-full min-w-0 flex-col agent-turn\" tabindex=\"-1\">\n<div class=\"flex max-w-full flex-col grow\">\n<div class=\"min-h-8 text-message relative flex w-full flex-col items-end gap-2 text-start break-words whitespace-normal [.text-message+&amp;]:mt-1\" dir=\"auto\" data-message-author-role=\"assistant\" data-message-id=\"0928259e-3489-4735-bf34-d8baeeeb1ea7\" data-message-model-slug=\"gpt-5-2\">\n<div class=\"flex w-full flex-col gap-1 empty:hidden first:pt-[1px]\">\n<div class=\"markdown prose dark:prose-invert w-full break-words light markdown-new-styling\">\n<p data-start=\"0\" data-end=\"58\">\ud83c\udfa7 <strong data-start=\"3\" data-end=\"56\">H\u00f6rspiel Samantha Downing \u2013 Meine wunderbare Frau<\/strong><\/p>\n<p data-start=\"60\" data-end=\"413\">\u201eSamantha Downing \u2013 Meine wunderbare Frau\u201c ist ein raffinierter, psychologisch tiefgehender Thriller \u00fcber Ehe, Geheimnisse und die dunklen Seiten einer scheinbar perfekten Beziehung.<br data-start=\"242\" data-end=\"245\" \/>Nach au\u00dfen f\u00fchren sie ein idyllisches Leben \u2013 doch hinter verschlossenen T\u00fcren verbirgt sich ein gef\u00e4hrliches Spiel aus Kontrolle, Manipulation und t\u00f6dlichen Abgr\u00fcnden.<\/p>\n<p data-start=\"415\" data-end=\"604\">Mit jeder neuen Enth\u00fcllung wird klar, dass Liebe hier ihre ganz eigene, verst\u00f6rende Bedeutung hat.<br data-start=\"513\" data-end=\"516\" \/>Vertrauen wird zur Waffe, Loyalit\u00e4t zur Falle \u2013 und der Preis f\u00fcr die Wahrheit ist hoch.<\/p>\n<p data-start=\"606\" data-end=\"827\"><strong data-start=\"606\" data-end=\"626\">Erwartet werden:<\/strong><br \/>\n\ud83d\udc94 Psychologischer Thriller mit \u00fcberraschenden Wendungen<br data-start=\"683\" data-end=\"686\" \/>\ud83d\udda4 Abgr\u00fcndige Beziehungen &amp; perfide Geheimnisse<br data-start=\"733\" data-end=\"736\" \/>\ud83d\udd25 Stetig steigende Spannung &amp; Nervenkitzel<br data-start=\"779\" data-end=\"782\" \/>\ud83c\udfad Intensive Figuren &amp; moralische Grauzonen<\/p>\n<p data-start=\"829\" data-end=\"915\">Ein fesselndes H\u00f6rspiel \u00fcber Liebe, Macht und das Grauen hinter der perfekten Fassade.<\/p>\n<p data-start=\"917\" data-end=\"970\">\ud83d\udd0a <strong data-start=\"920\" data-end=\"931\">Format:<\/strong> H\u00f6rspiel \/ Thriller \/ Spannung (MP3)<\/p>\n<p data-start=\"972\" data-end=\"1121\">\u2b07\ufe0f Sofortiger Download f\u00fcr Handy<br data-start=\"1004\" data-end=\"1007\" \/>\u2b07\ufe0f Sofortiger Download f\u00fcr PC<br data-start=\"1036\" data-end=\"1039\" \/>\u2b07\ufe0f Sofortiger Download f\u00fcrs Tablet<br data-start=\"1073\" data-end=\"1076\" \/>\u2b07\ufe0f Kompatibel mit allen MP3-f\u00e4higen Ger\u00e4ten<\/p>\n<p data-start=\"1123\" data-end=\"1181\" data-is-last-node=\"\" data-is-only-node=\"\">\ud83d\udc49 <strong data-start=\"1126\" data-end=\"1181\" data-is-last-node=\"\">Einmal gekauft \u2013 jederzeit und unbegrenzt abrufbar!<\/strong><\/p>\n<\/div>\n<\/div>\n<\/div>\n<\/div>\n<div class=\"z-0 flex min-h-[46px] justify-start\"><\/div>\n<div class=\"mt-3 w-full empty:hidden\">\n<div class=\"text-center\"><\/div>\n<\/div>\n<\/div>\n<\/div>\n<\/article>\n<\/div>\n<div class=\"pointer-events-none h-px w-px absolute bottom-0\" aria-hidden=\"true\" data-edge=\"true\"><\/div>\n","protected":false},"excerpt":{"rendered":"<p>\ud83c\udfa7 H\u00f6rspiel Samantha Downing \u2013 Meine wunderbare Frau \u201eSamantha Downing \u2013 Meine wunderbare Frau\u201c ist ein raffinierter, psychologisch tiefgehender Thriller \u00fcber Ehe, Geheimnisse und die dunklen Seiten einer scheinbar perfekten Beziehung.Nach au\u00dfen f\u00fchren sie ein idyllisches Leben \u2013 doch hinter verschlossenen T\u00fcren verbirgt sich ein gef\u00e4hrliches Spiel aus Kontrolle, Manipulation und t\u00f6dlichen Abgr\u00fcnden. Mit jeder [&hellip;]<\/p>\n","protected":false},"featured_media":2488,"comment_status":"open","ping_status":"closed","template":"","meta":[],"product_brand":[],"product_cat":[34],"product_tag":[],"class_list":{"0":"post-2475","1":"product","2":"type-product","3":"status-publish","4":"has-post-thumbnail","6":"product_cat-hoerspiel-krimi","8":"first","9":"instock","10":"sale","11":"virtual","12":"purchasable","13":"product-type-simple"},"jetpack_sharing_enabled":true,"_links":{"self":[{"href":"https:\/\/audiobook-24.com\/en\/wp-json\/wp\/v2\/product\/2475","targetHints":{"allow":["GET"]}}],"collection":[{"href":"https:\/\/audiobook-24.com\/en\/wp-json\/wp\/v2\/product"}],"about":[{"href":"https:\/\/audiobook-24.com\/en\/wp-json\/wp\/v2\/types\/product"}],"replies":[{"embeddable":true,"href":"https:\/\/audiobook-24.com\/en\/wp-json\/wp\/v2\/comments?post=2475"}],"wp:featuredmedia":[{"embeddable":true,"href":"https:\/\/audiobook-24.com\/en\/wp-json\/wp\/v2\/media\/2488"}],"wp:attachment":[{"href":"https:\/\/audiobook-24.com\/en\/wp-json\/wp\/v2\/media?parent=2475"}],"wp:term":[{"taxonomy":"product_brand","embeddable":true,"href":"https:\/\/audiobook-24.com\/en\/wp-json\/wp\/v2\/product_brand?post=2475"},{"taxonomy":"product_cat","embeddable":true,"href":"https:\/\/audiobook-24.com\/en\/wp-json\/wp\/v2\/product_cat?post=2475"},{"taxonomy":"product_tag","embeddable":true,"href":"https:\/\/audiobook-24.com\/en\/wp-json\/wp\/v2\/product_tag?post=2475"}],"curies":[{"name":"wp","href":"https:\/\/api.w.org\/{rel}","templated":true}]}}