{"id":2474,"date":"2025-12-25T18:54:47","date_gmt":"2025-12-25T18:54:47","guid":{"rendered":"https:\/\/audiobook-24.com\/?post_type=product&#038;p=2474"},"modified":"2025-12-25T18:54:47","modified_gmt":"2025-12-25T18:54:47","slug":"%f0%9f%8e%a7-hoerspiel-zoe-j-black-wutrache","status":"publish","type":"product","link":"https:\/\/audiobook-24.com\/en\/product\/%f0%9f%8e%a7-hoerspiel-zoe-j-black-wutrache\/","title":{"rendered":"\ud83c\udfa7 H\u00f6rspiel Zoe J. Black \u2013 Wutrache"},"content":{"rendered":"<div class=\"text-base my-auto mx-auto pb-10 [--thread-content-margin:--spacing(4)] @w-sm\/main:[--thread-content-margin:--spacing(6)] @w-lg\/main:[--thread-content-margin:--spacing(16)] px-(--thread-content-margin)\">\n<div class=\"[--thread-content-max-width:40rem] @w-lg\/main:[--thread-content-max-width:48rem] mx-auto max-w-(--thread-content-max-width) flex-1 group\/turn-messages focus-visible:outline-hidden relative flex w-full min-w-0 flex-col agent-turn\" tabindex=\"-1\">\n<div class=\"flex max-w-full flex-col grow\">\n<div class=\"min-h-8 text-message relative flex w-full flex-col items-end gap-2 text-start break-words whitespace-normal [.text-message+&amp;]:mt-1\" dir=\"auto\" data-message-author-role=\"assistant\" data-message-id=\"a356ec67-83ba-484c-9b8f-175c647ea453\" data-message-model-slug=\"gpt-5-2\">\n<div class=\"flex w-full flex-col gap-1 empty:hidden first:pt-[1px]\">\n<div class=\"markdown prose dark:prose-invert w-full break-words light markdown-new-styling\">\n<h1 data-start=\"0\" data-end=\"41\">\ud83c\udfa7 <strong data-start=\"3\" data-end=\"39\">H\u00f6rspiel Zoe J. Black \u2013 Wutrache<\/strong><\/h1>\n<p data-start=\"43\" data-end=\"296\">\u201eZoe J. Black \u2013 Wutrache\u201c ist ein gnadenloser Thriller \u00fcber unterdr\u00fcckte Wut, Vergeltung und die zerst\u00f6rerische Kraft ungez\u00fcgelter Emotionen.<br data-start=\"184\" data-end=\"187\" \/>Was als verdr\u00e4ngter Schmerz beginnt, entfesselt eine Spirale aus Gewalt, Schuld und t\u00f6dlichen Entscheidungen.<\/p>\n<p data-start=\"298\" data-end=\"480\">W\u00e4hrend sich die Ereignisse unaufhaltsam zuspitzen, verschwimmen die Grenzen zwischen Opfer und T\u00e4ter.<br data-start=\"400\" data-end=\"403\" \/>Jede Tat ist ein Schritt n\u00e4her an den Abgrund \u2013 und Umkehr scheint unm\u00f6glich.<\/p>\n<p data-start=\"482\" data-end=\"685\"><strong data-start=\"482\" data-end=\"502\">Erwartet werden:<\/strong><br \/>\n\ud83d\udd25 Explosive Spannung &amp; emotionale Eskalation<br data-start=\"548\" data-end=\"551\" \/>\ud83e\ude78 Rache, Gewalt &amp; moralische Grauzonen<br data-start=\"590\" data-end=\"593\" \/>\ud83d\udd75\ufe0f\u200d\u2640\ufe0f Psychologischer Tiefgang &amp; dunkle Motive<br data-start=\"640\" data-end=\"643\" \/>\ud83d\udda4 D\u00fcsterer Ton &amp; beklemmende Atmosph\u00e4re<\/p>\n<p data-start=\"687\" data-end=\"789\">Ein intensives H\u00f6rspiel \u00fcber Wut, Vergeltung und den Moment, in dem Kontrolle endg\u00fcltig verloren geht.<\/p>\n<p data-start=\"791\" data-end=\"844\">\ud83d\udd0a <strong data-start=\"794\" data-end=\"805\">Format:<\/strong> H\u00f6rspiel \/ Thriller \/ Spannung (MP3)<\/p>\n<p data-start=\"846\" data-end=\"995\">\u2b07\ufe0f Sofortiger Download f\u00fcr Handy<br data-start=\"878\" data-end=\"881\" \/>\u2b07\ufe0f Sofortiger Download f\u00fcr PC<br data-start=\"910\" data-end=\"913\" \/>\u2b07\ufe0f Sofortiger Download f\u00fcrs Tablet<br data-start=\"947\" data-end=\"950\" \/>\u2b07\ufe0f Kompatibel mit allen MP3-f\u00e4higen Ger\u00e4ten<\/p>\n<p data-start=\"997\" data-end=\"1055\" data-is-last-node=\"\" data-is-only-node=\"\">\ud83d\udc49 <strong data-start=\"1000\" data-end=\"1055\" data-is-last-node=\"\">Einmal gekauft \u2013 jederzeit und unbegrenzt abrufbar!<\/strong><\/p>\n<\/div>\n<\/div>\n<\/div>\n<\/div>\n<\/div>\n<\/div>\n","protected":false},"excerpt":{"rendered":"<p>\ud83c\udfa7 H\u00f6rspiel Zoe J. Black \u2013 Wutrache \u201eZoe J. Black \u2013 Wutrache\u201c ist ein gnadenloser Thriller \u00fcber unterdr\u00fcckte Wut, Vergeltung und die zerst\u00f6rerische Kraft ungez\u00fcgelter Emotionen.Was als verdr\u00e4ngter Schmerz beginnt, entfesselt eine Spirale aus Gewalt, Schuld und t\u00f6dlichen Entscheidungen. W\u00e4hrend sich die Ereignisse unaufhaltsam zuspitzen, verschwimmen die Grenzen zwischen Opfer und T\u00e4ter.Jede Tat ist ein [&hellip;]<\/p>\n","protected":false},"featured_media":2485,"comment_status":"open","ping_status":"closed","template":"","meta":[],"product_brand":[],"product_cat":[34],"product_tag":[],"class_list":{"0":"post-2474","1":"product","2":"type-product","3":"status-publish","4":"has-post-thumbnail","6":"product_cat-hoerspiel-krimi","8":"first","9":"instock","10":"sale","11":"virtual","12":"purchasable","13":"product-type-simple"},"jetpack_sharing_enabled":true,"_links":{"self":[{"href":"https:\/\/audiobook-24.com\/en\/wp-json\/wp\/v2\/product\/2474","targetHints":{"allow":["GET"]}}],"collection":[{"href":"https:\/\/audiobook-24.com\/en\/wp-json\/wp\/v2\/product"}],"about":[{"href":"https:\/\/audiobook-24.com\/en\/wp-json\/wp\/v2\/types\/product"}],"replies":[{"embeddable":true,"href":"https:\/\/audiobook-24.com\/en\/wp-json\/wp\/v2\/comments?post=2474"}],"wp:featuredmedia":[{"embeddable":true,"href":"https:\/\/audiobook-24.com\/en\/wp-json\/wp\/v2\/media\/2485"}],"wp:attachment":[{"href":"https:\/\/audiobook-24.com\/en\/wp-json\/wp\/v2\/media?parent=2474"}],"wp:term":[{"taxonomy":"product_brand","embeddable":true,"href":"https:\/\/audiobook-24.com\/en\/wp-json\/wp\/v2\/product_brand?post=2474"},{"taxonomy":"product_cat","embeddable":true,"href":"https:\/\/audiobook-24.com\/en\/wp-json\/wp\/v2\/product_cat?post=2474"},{"taxonomy":"product_tag","embeddable":true,"href":"https:\/\/audiobook-24.com\/en\/wp-json\/wp\/v2\/product_tag?post=2474"}],"curies":[{"name":"wp","href":"https:\/\/api.w.org\/{rel}","templated":true}]}}