{"id":2471,"date":"2025-12-25T18:47:04","date_gmt":"2025-12-25T18:47:04","guid":{"rendered":"https:\/\/audiobook-24.com\/?post_type=product&#038;p=2471"},"modified":"2025-12-25T18:57:11","modified_gmt":"2025-12-25T18:57:11","slug":"%f0%9f%8e%a7-hoerspiel-mikael-lundt-fressfeind","status":"publish","type":"product","link":"https:\/\/audiobook-24.com\/en\/product\/%f0%9f%8e%a7-hoerspiel-mikael-lundt-fressfeind\/","title":{"rendered":"\ud83c\udfa7 H\u00f6rspiel Mikael Lundt \u2013 Fressfeind"},"content":{"rendered":"<p data-start=\"0\" data-end=\"43\">\ud83c\udfa7 <strong data-start=\"3\" data-end=\"41\">H\u00f6rspiel Mikael Lundt \u2013 Fressfeind<\/strong><\/p>\n<p data-start=\"45\" data-end=\"301\">\u201eMikael Lundt \u2013 Fressfeind\u201c ist ein gnadenloses, d\u00fcsteres Thriller-H\u00f6rspiel \u00fcber Jagd, Angst und das Raubtier im Menschen.<br data-start=\"167\" data-end=\"170\" \/>In einer abgelegenen Region beginnt eine brutale Mordserie, bei der die Grenzen zwischen J\u00e4ger und Gejagtem zunehmend verschwimmen.<\/p>\n<p data-start=\"303\" data-end=\"535\">W\u00e4hrend die Ermittlungen tiefer in einen Albtraum aus Gewalt und Instinkt f\u00fchren, wird klar: Hier folgt jemand seinen ganz eigenen, t\u00f6dlichen Regeln.<br data-start=\"452\" data-end=\"455\" \/>Jeder Fehler kann das n\u00e4chste Opfer bedeuten \u2013 und niemand ist au\u00dfer Reichweite.<\/p>\n<p data-start=\"537\" data-end=\"744\"><strong data-start=\"537\" data-end=\"557\">Erwartet werden:<\/strong><br \/>\n\ud83e\ude78 Brutaler Thriller &amp; kompromisslose Spannung<br data-start=\"604\" data-end=\"607\" \/>\ud83d\udd75\ufe0f\u200d\u2642\ufe0f Intensive Ermittlungen &amp; t\u00f6dliche Wendungen<br data-start=\"657\" data-end=\"660\" \/>\ud83d\udd25 D\u00fcsterer Ton &amp; gnadenlose Atmosph\u00e4re<br data-start=\"699\" data-end=\"702\" \/>\ud83d\udda4 Psychologischer Abgrund &amp; rohe Gewalt<\/p>\n<p data-start=\"746\" data-end=\"848\">Ein packendes H\u00f6rspiel \u00fcber Urinstinkte, Kontrolle und das t\u00f6dliche Spiel zwischen Mensch und Monster.<\/p>\n<p data-start=\"850\" data-end=\"903\">\ud83d\udd0a <strong data-start=\"853\" data-end=\"864\">Format:<\/strong> H\u00f6rspiel \/ Thriller \/ Spannung (MP3)<\/p>\n<p data-start=\"905\" data-end=\"1054\">\u2b07\ufe0f Sofortiger Download f\u00fcr Handy<br data-start=\"937\" data-end=\"940\" \/>\u2b07\ufe0f Sofortiger Download f\u00fcr PC<br data-start=\"969\" data-end=\"972\" \/>\u2b07\ufe0f Sofortiger Download f\u00fcrs Tablet<br data-start=\"1006\" data-end=\"1009\" \/>\u2b07\ufe0f Kompatibel mit allen MP3-f\u00e4higen Ger\u00e4ten<\/p>\n<p data-start=\"1056\" data-end=\"1114\" data-is-last-node=\"\" data-is-only-node=\"\">\ud83d\udc49 <strong data-start=\"1059\" data-end=\"1114\" data-is-last-node=\"\">Einmal gekauft \u2013 jederzeit und unbegrenzt abrufbar!<\/strong><\/p>","protected":false},"excerpt":{"rendered":"<p>\ud83c\udfa7 H\u00f6rspiel Mikael Lundt \u2013 Fressfeind \u201eMikael Lundt \u2013 Fressfeind\u201c ist ein gnadenloses, d\u00fcsteres Thriller-H\u00f6rspiel \u00fcber Jagd, Angst und das Raubtier im Menschen.In einer abgelegenen Region beginnt eine brutale Mordserie, bei der die Grenzen zwischen J\u00e4ger und Gejagtem zunehmend verschwimmen. W\u00e4hrend die Ermittlungen tiefer in einen Albtraum aus Gewalt und Instinkt f\u00fchren, wird klar: Hier [&hellip;]<\/p>\n","protected":false},"featured_media":2487,"comment_status":"open","ping_status":"closed","template":"","meta":[],"product_brand":[],"product_cat":[34],"product_tag":[],"class_list":{"0":"post-2471","1":"product","2":"type-product","3":"status-publish","4":"has-post-thumbnail","6":"product_cat-hoerspiel-krimi","8":"first","9":"instock","10":"sale","11":"virtual","12":"purchasable","13":"product-type-simple"},"jetpack_sharing_enabled":true,"_links":{"self":[{"href":"https:\/\/audiobook-24.com\/en\/wp-json\/wp\/v2\/product\/2471","targetHints":{"allow":["GET"]}}],"collection":[{"href":"https:\/\/audiobook-24.com\/en\/wp-json\/wp\/v2\/product"}],"about":[{"href":"https:\/\/audiobook-24.com\/en\/wp-json\/wp\/v2\/types\/product"}],"replies":[{"embeddable":true,"href":"https:\/\/audiobook-24.com\/en\/wp-json\/wp\/v2\/comments?post=2471"}],"wp:featuredmedia":[{"embeddable":true,"href":"https:\/\/audiobook-24.com\/en\/wp-json\/wp\/v2\/media\/2487"}],"wp:attachment":[{"href":"https:\/\/audiobook-24.com\/en\/wp-json\/wp\/v2\/media?parent=2471"}],"wp:term":[{"taxonomy":"product_brand","embeddable":true,"href":"https:\/\/audiobook-24.com\/en\/wp-json\/wp\/v2\/product_brand?post=2471"},{"taxonomy":"product_cat","embeddable":true,"href":"https:\/\/audiobook-24.com\/en\/wp-json\/wp\/v2\/product_cat?post=2471"},{"taxonomy":"product_tag","embeddable":true,"href":"https:\/\/audiobook-24.com\/en\/wp-json\/wp\/v2\/product_tag?post=2471"}],"curies":[{"name":"wp","href":"https:\/\/api.w.org\/{rel}","templated":true}]}}