{"id":2450,"date":"2025-12-25T16:08:30","date_gmt":"2025-12-25T16:08:30","guid":{"rendered":"https:\/\/audiobook-24.com\/?post_type=product&#038;p=2450"},"modified":"2025-12-25T16:08:31","modified_gmt":"2025-12-25T16:08:31","slug":"%f0%9f%8e%a7-hoerspiel-daniela-arnold-ein-finsterer-gast","status":"publish","type":"product","link":"https:\/\/audiobook-24.com\/en\/product\/%f0%9f%8e%a7-hoerspiel-daniela-arnold-ein-finsterer-gast\/","title":{"rendered":"\ud83c\udfa7 H\u00f6rspiel Daniela Arnold \u2013 Ein finsterer Gast"},"content":{"rendered":"<p data-start=\"0\" data-end=\"53\">\ud83c\udfa7 <strong data-start=\"3\" data-end=\"51\">H\u00f6rspiel Daniela Arnold \u2013 Ein finsterer Gast<\/strong><\/p>\n<p data-start=\"55\" data-end=\"347\">\u201eDaniela Arnold \u2013 Ein finsterer Gast\u201c ist ein d\u00fcsteres, nervenaufreibendes Thriller-H\u00f6rspiel \u00fcber Misstrauen, Angst und t\u00f6dliche Geheimnisse.<br data-start=\"196\" data-end=\"199\" \/>Ein scheinbar harmloser Besuch entwickelt sich zu einer bedrohlichen Pr\u00e4senz, die das Leben der Beteiligten Schritt f\u00fcr Schritt aus den Fugen rei\u00dft.<\/p>\n<p data-start=\"349\" data-end=\"580\">Zwischen unterschwelliger Spannung, psychologischem Druck und \u00fcberraschenden Wendungen verdichtet sich die Atmosph\u00e4re immer weiter.<br data-start=\"480\" data-end=\"483\" \/>Je n\u00e4her die Wahrheit r\u00fcckt, desto gef\u00e4hrlicher wird die Situation \u2013 und Flucht ist keine Option.<\/p>\n<p data-start=\"582\" data-end=\"803\"><strong data-start=\"582\" data-end=\"602\">Erwartet werden:<\/strong><br \/>\n\ud83d\udd6f\ufe0f Beklemmende Stimmung &amp; psychologischer Thriller<br data-start=\"654\" data-end=\"657\" \/>\ud83d\udd25 Stetig steigende Spannung &amp; unerwartete Wendungen<br data-start=\"709\" data-end=\"712\" \/>\ud83e\ude78 Dunkle Geheimnisse &amp; gef\u00e4hrliche N\u00e4he<br data-start=\"752\" data-end=\"755\" \/>\ud83c\udfad Intensive Charaktere &amp; emotionale Konflikte<\/p>\n<p data-start=\"805\" data-end=\"909\">Ein fesselndes H\u00f6rspiel \u00fcber Vertrauen, Angst und den Moment, in dem ein Gast zur t\u00f6dlichen Gefahr wird.<\/p>\n<p data-start=\"911\" data-end=\"964\">\ud83d\udd0a <strong data-start=\"914\" data-end=\"925\">Format:<\/strong> H\u00f6rspiel \/ Thriller \/ Spannung (MP3)<\/p>\n<p data-start=\"966\" data-end=\"1115\">\u2b07\ufe0f Sofortiger Download f\u00fcr Handy<br data-start=\"998\" data-end=\"1001\" \/>\u2b07\ufe0f Sofortiger Download f\u00fcr PC<br data-start=\"1030\" data-end=\"1033\" \/>\u2b07\ufe0f Sofortiger Download f\u00fcrs Tablet<br data-start=\"1067\" data-end=\"1070\" \/>\u2b07\ufe0f Kompatibel mit allen MP3-f\u00e4higen Ger\u00e4ten<\/p>\n<p data-start=\"1117\" data-end=\"1175\" data-is-last-node=\"\" data-is-only-node=\"\">\ud83d\udc49 <strong data-start=\"1120\" data-end=\"1175\" data-is-last-node=\"\">Einmal gekauft \u2013 jederzeit und unbegrenzt abrufbar!<\/strong><\/p>","protected":false},"excerpt":{"rendered":"<p>\ud83c\udfa7 H\u00f6rspiel Daniela Arnold \u2013 Ein finsterer Gast \u201eDaniela Arnold \u2013 Ein finsterer Gast\u201c ist ein d\u00fcsteres, nervenaufreibendes Thriller-H\u00f6rspiel \u00fcber Misstrauen, Angst und t\u00f6dliche Geheimnisse.Ein scheinbar harmloser Besuch entwickelt sich zu einer bedrohlichen Pr\u00e4senz, die das Leben der Beteiligten Schritt f\u00fcr Schritt aus den Fugen rei\u00dft. Zwischen unterschwelliger Spannung, psychologischem Druck und \u00fcberraschenden Wendungen verdichtet [&hellip;]<\/p>\n","protected":false},"featured_media":2460,"comment_status":"open","ping_status":"closed","template":"","meta":[],"product_brand":[],"product_cat":[34],"product_tag":[],"class_list":{"0":"post-2450","1":"product","2":"type-product","3":"status-publish","4":"has-post-thumbnail","6":"product_cat-hoerspiel-krimi","8":"first","9":"instock","10":"sale","11":"virtual","12":"purchasable","13":"product-type-simple"},"jetpack_sharing_enabled":true,"_links":{"self":[{"href":"https:\/\/audiobook-24.com\/en\/wp-json\/wp\/v2\/product\/2450","targetHints":{"allow":["GET"]}}],"collection":[{"href":"https:\/\/audiobook-24.com\/en\/wp-json\/wp\/v2\/product"}],"about":[{"href":"https:\/\/audiobook-24.com\/en\/wp-json\/wp\/v2\/types\/product"}],"replies":[{"embeddable":true,"href":"https:\/\/audiobook-24.com\/en\/wp-json\/wp\/v2\/comments?post=2450"}],"wp:featuredmedia":[{"embeddable":true,"href":"https:\/\/audiobook-24.com\/en\/wp-json\/wp\/v2\/media\/2460"}],"wp:attachment":[{"href":"https:\/\/audiobook-24.com\/en\/wp-json\/wp\/v2\/media?parent=2450"}],"wp:term":[{"taxonomy":"product_brand","embeddable":true,"href":"https:\/\/audiobook-24.com\/en\/wp-json\/wp\/v2\/product_brand?post=2450"},{"taxonomy":"product_cat","embeddable":true,"href":"https:\/\/audiobook-24.com\/en\/wp-json\/wp\/v2\/product_cat?post=2450"},{"taxonomy":"product_tag","embeddable":true,"href":"https:\/\/audiobook-24.com\/en\/wp-json\/wp\/v2\/product_tag?post=2450"}],"curies":[{"name":"wp","href":"https:\/\/api.w.org\/{rel}","templated":true}]}}