{"id":2440,"date":"2025-12-25T11:00:59","date_gmt":"2025-12-25T11:00:59","guid":{"rendered":"https:\/\/audiobook-24.com\/?post_type=product&#038;p=2440"},"modified":"2025-12-25T11:01:00","modified_gmt":"2025-12-25T11:01:00","slug":"%f0%9f%8e%a7-hoerspiel-elias-haller-rotkaeppchen-luegt","status":"publish","type":"product","link":"https:\/\/audiobook-24.com\/en\/product\/%f0%9f%8e%a7-hoerspiel-elias-haller-rotkaeppchen-luegt\/","title":{"rendered":"\ud83c\udfa7 H\u00f6rspiel Elias Haller \u2013 Rotk\u00e4ppchen l\u00fcgt"},"content":{"rendered":"<article class=\"text-token-text-primary w-full focus:outline-none [--shadow-height:45px] has-data-writing-block:pointer-events-none has-data-writing-block:-mt-(--shadow-height) has-data-writing-block:pt-(--shadow-height) [&amp;:has([data-writing-block])&gt;*]:pointer-events-auto scroll-mt-(--header-height)\" dir=\"auto\" tabindex=\"-1\" data-turn-id=\"75fbffb3-7cbe-41d0-9608-ef9f56c1a072\" data-testid=\"conversation-turn-33\" data-scroll-anchor=\"false\" data-turn=\"user\">\n<div class=\"text-base my-auto mx-auto pt-12 [--thread-content-margin:--spacing(4)] @w-sm\/main:[--thread-content-margin:--spacing(6)] @w-lg\/main:[--thread-content-margin:--spacing(16)] px-(--thread-content-margin)\">\n<div class=\"[--thread-content-max-width:40rem] @w-lg\/main:[--thread-content-max-width:48rem] mx-auto max-w-(--thread-content-max-width) flex-1 group\/turn-messages focus-visible:outline-hidden relative flex w-full min-w-0 flex-col\" tabindex=\"-1\">\n<div class=\"flex max-w-full flex-col grow\">\n<div class=\"min-h-8 text-message relative flex w-full flex-col items-end gap-2 text-start break-words whitespace-normal [.text-message+&amp;]:mt-1\" dir=\"auto\" data-message-author-role=\"user\" data-message-id=\"75fbffb3-7cbe-41d0-9608-ef9f56c1a072\">\n<div class=\"flex w-full flex-col gap-1 empty:hidden items-end rtl:items-start\">\n<div class=\"user-message-bubble-color corner-superellipse\/1.1 relative rounded-[18px] px-4 py-1.5 data-[multiline]:py-3 max-w-[var(--user-chat-width,70%)]\" data-multiline=\"\">\n<h2 class=\"whitespace-pre-wrap\">\u00a0\ud83c\udfa7 <strong data-start=\"3\" data-end=\"47\">H\u00f6rspiel Elias Haller \u2013 Rotk\u00e4ppchen l\u00fcgt<\/strong><\/h2>\n<\/div>\n<\/div>\n<\/div>\n<\/div>\n<\/div>\n<\/div>\n<\/article>\n<article class=\"text-token-text-primary w-full focus:outline-none [--shadow-height:45px] has-data-writing-block:pointer-events-none has-data-writing-block:-mt-(--shadow-height) has-data-writing-block:pt-(--shadow-height) [&amp;:has([data-writing-block])&gt;*]:pointer-events-auto scroll-mt-[calc(var(--header-height)+min(200px,max(70px,20svh)))]\" dir=\"auto\" tabindex=\"-1\" data-turn-id=\"request-WEB:5ebe7621-25a2-4967-8f51-dbdc06036183-16\" data-testid=\"conversation-turn-34\" data-scroll-anchor=\"true\" data-turn=\"assistant\">\n<div class=\"text-base my-auto mx-auto pb-10 [--thread-content-margin:--spacing(4)] @w-sm\/main:[--thread-content-margin:--spacing(6)] @w-lg\/main:[--thread-content-margin:--spacing(16)] px-(--thread-content-margin)\">\n<div class=\"[--thread-content-max-width:40rem] @w-lg\/main:[--thread-content-max-width:48rem] mx-auto max-w-(--thread-content-max-width) flex-1 group\/turn-messages focus-visible:outline-hidden relative flex w-full min-w-0 flex-col agent-turn\" tabindex=\"-1\">\n<div class=\"flex max-w-full flex-col grow\">\n<div class=\"min-h-8 text-message relative flex w-full flex-col items-end gap-2 text-start break-words whitespace-normal [.text-message+&amp;]:mt-1\" dir=\"auto\" data-message-author-role=\"assistant\" data-message-id=\"013fd439-3146-40eb-bb05-08dcd1b2480d\" data-message-model-slug=\"gpt-5-mini\">\n<div class=\"flex w-full flex-col gap-1 empty:hidden first:pt-[1px]\">\n<div class=\"markdown prose dark:prose-invert w-full break-words light markdown-new-styling\">\n<p data-start=\"51\" data-end=\"349\">\u201eElias Haller \u2013 Rotk\u00e4ppchen l\u00fcgt\u201c ist ein spannendes und unvorhersehbares H\u00f6rspiel voller Intrigen, Geheimnisse und dunkler Wendungen.<br data-start=\"185\" data-end=\"188\" \/>In dieser modernen Adaption wird das klassische M\u00e4rchen auf den Kopf gestellt: Rotk\u00e4ppchen ist nicht das, was es zu sein scheint \u2013 und L\u00fcgen k\u00f6nnen t\u00f6dlich sein.<\/p>\n<p data-start=\"351\" data-end=\"579\">Als die Wahrheit nach und nach ans Licht kommt, geraten die Figuren in ein Netz aus T\u00e4uschung, Manipulation und gef\u00e4hrlichen Entscheidungen.<br data-start=\"491\" data-end=\"494\" \/>Jede Enth\u00fcllung bringt neue Fragen, und nichts ist so harmlos, wie es zuerst scheint.<\/p>\n<p data-start=\"581\" data-end=\"807\"><strong data-start=\"581\" data-end=\"601\">Erwartet werden:<\/strong><br \/>\n\ud83e\ude78 Spannende Wendungen &amp; fesselnde Geschichten<br data-start=\"648\" data-end=\"651\" \/>\ud83c\udfad Intensive Charaktere &amp; packende Dialoge<br data-start=\"693\" data-end=\"696\" \/>\ud83d\udd25 Dunkle Geheimnisse &amp; \u00fcberraschende Enth\u00fcllungen<br data-start=\"746\" data-end=\"749\" \/>\ud83c\udf0c Mysteri\u00f6se Atmosph\u00e4re &amp; unvorhersehbare Entwicklungen<\/p>\n<p data-start=\"809\" data-end=\"885\">Ein aufregendes H\u00f6rspiel \u00fcber L\u00fcgen, Wahrheit und die Macht von Geschichten.<\/p>\n<p data-start=\"887\" data-end=\"940\">\ud83d\udd0a <strong data-start=\"890\" data-end=\"901\">Format:<\/strong> H\u00f6rspiel \/ Spannung \/ Thriller (MP3)<\/p>\n<p data-start=\"942\" data-end=\"1091\">\u2b07\ufe0f Sofortiger Download f\u00fcr Handy<br data-start=\"974\" data-end=\"977\" \/>\u2b07\ufe0f Sofortiger Download f\u00fcr PC<br data-start=\"1006\" data-end=\"1009\" \/>\u2b07\ufe0f Sofortiger Download f\u00fcrs Tablet<br data-start=\"1043\" data-end=\"1046\" \/>\u2b07\ufe0f Kompatibel mit allen MP3-f\u00e4higen Ger\u00e4ten<\/p>\n<p data-start=\"1093\" data-end=\"1151\" data-is-last-node=\"\" data-is-only-node=\"\">\ud83d\udc49 <strong data-start=\"1096\" data-end=\"1151\" data-is-last-node=\"\">Einmal gekauft \u2013 jederzeit und unbegrenzt abrufbar!<\/strong><\/p>\n<\/div>\n<\/div>\n<\/div>\n<\/div>\n<\/div>\n<\/div>\n<\/article>\n","protected":false},"excerpt":{"rendered":"<p>\u00a0\ud83c\udfa7 H\u00f6rspiel Elias Haller \u2013 Rotk\u00e4ppchen l\u00fcgt \u201eElias Haller \u2013 Rotk\u00e4ppchen l\u00fcgt\u201c ist ein spannendes und unvorhersehbares H\u00f6rspiel voller Intrigen, Geheimnisse und dunkler Wendungen.In dieser modernen Adaption wird das klassische M\u00e4rchen auf den Kopf gestellt: Rotk\u00e4ppchen ist nicht das, was es zu sein scheint \u2013 und L\u00fcgen k\u00f6nnen t\u00f6dlich sein. Als die Wahrheit nach und [&hellip;]<\/p>\n","protected":false},"featured_media":2441,"comment_status":"open","ping_status":"closed","template":"","meta":[],"product_brand":[],"product_cat":[34],"product_tag":[],"class_list":{"0":"post-2440","1":"product","2":"type-product","3":"status-publish","4":"has-post-thumbnail","6":"product_cat-hoerspiel-krimi","8":"first","9":"instock","10":"sale","11":"virtual","12":"purchasable","13":"product-type-simple"},"jetpack_sharing_enabled":true,"_links":{"self":[{"href":"https:\/\/audiobook-24.com\/en\/wp-json\/wp\/v2\/product\/2440","targetHints":{"allow":["GET"]}}],"collection":[{"href":"https:\/\/audiobook-24.com\/en\/wp-json\/wp\/v2\/product"}],"about":[{"href":"https:\/\/audiobook-24.com\/en\/wp-json\/wp\/v2\/types\/product"}],"replies":[{"embeddable":true,"href":"https:\/\/audiobook-24.com\/en\/wp-json\/wp\/v2\/comments?post=2440"}],"wp:featuredmedia":[{"embeddable":true,"href":"https:\/\/audiobook-24.com\/en\/wp-json\/wp\/v2\/media\/2441"}],"wp:attachment":[{"href":"https:\/\/audiobook-24.com\/en\/wp-json\/wp\/v2\/media?parent=2440"}],"wp:term":[{"taxonomy":"product_brand","embeddable":true,"href":"https:\/\/audiobook-24.com\/en\/wp-json\/wp\/v2\/product_brand?post=2440"},{"taxonomy":"product_cat","embeddable":true,"href":"https:\/\/audiobook-24.com\/en\/wp-json\/wp\/v2\/product_cat?post=2440"},{"taxonomy":"product_tag","embeddable":true,"href":"https:\/\/audiobook-24.com\/en\/wp-json\/wp\/v2\/product_tag?post=2440"}],"curies":[{"name":"wp","href":"https:\/\/api.w.org\/{rel}","templated":true}]}}