{"id":2439,"date":"2025-12-25T11:12:00","date_gmt":"2025-12-25T11:12:00","guid":{"rendered":"https:\/\/audiobook-24.com\/?post_type=product&#038;p=2439"},"modified":"2025-12-25T11:12:54","modified_gmt":"2025-12-25T11:12:54","slug":"%f0%9f%8e%a7-hoerspiel-ethan-cross-ich-bin-der-hass","status":"publish","type":"product","link":"https:\/\/audiobook-24.com\/en\/product\/%f0%9f%8e%a7-hoerspiel-ethan-cross-ich-bin-der-hass\/","title":{"rendered":"\ud83c\udfa7 H\u00f6rspiel Ethan Cross \u2013 Ich bin der Hass"},"content":{"rendered":"<div class=\"text-base my-auto mx-auto pb-10 [--thread-content-margin:--spacing(4)] @w-sm\/main:[--thread-content-margin:--spacing(6)] @w-lg\/main:[--thread-content-margin:--spacing(16)] px-(--thread-content-margin)\">\n<div class=\"[--thread-content-max-width:40rem] @w-lg\/main:[--thread-content-max-width:48rem] mx-auto max-w-(--thread-content-max-width) flex-1 group\/turn-messages focus-visible:outline-hidden relative flex w-full min-w-0 flex-col agent-turn\" tabindex=\"-1\">\n<div class=\"flex max-w-full flex-col grow\">\n<div class=\"min-h-8 text-message relative flex w-full flex-col items-end gap-2 text-start break-words whitespace-normal [.text-message+&amp;]:mt-1\" dir=\"auto\" data-message-author-role=\"assistant\" data-message-id=\"ebf6fb56-1b57-4a2f-bc67-8f64a9a9d869\" data-message-model-slug=\"gpt-5-mini\">\n<div class=\"flex w-full flex-col gap-1 empty:hidden first:pt-[1px]\">\n<div class=\"markdown prose dark:prose-invert w-full break-words light markdown-new-styling\">\n<p data-start=\"0\" data-end=\"48\">\ud83c\udfa7 <strong data-start=\"3\" data-end=\"46\">H\u00f6rspiel Ethan Cross \u2013 Ich bin der Hass<\/strong><\/p>\n<p data-start=\"50\" data-end=\"363\">\u201eEthan Cross \u2013 Ich bin der Hass\u201c ist ein packendes Thriller-H\u00f6rspiel \u00fcber einen skrupellosen Serienkiller, unerbittliche Ermittler und ein Spiel auf Leben und Tod.<br data-start=\"213\" data-end=\"216\" \/>Als ein kaltbl\u00fctiger M\u00f6rder seine perfiden Pl\u00e4ne verfolgt, beginnt ein gnadenloser Wettlauf gegen die Zeit, bei dem jeder Fehler t\u00f6dlich sein kann.<\/p>\n<p data-start=\"365\" data-end=\"580\">Zwischen Spannung, Angst und \u00fcberraschenden Wendungen wird deutlich: Niemand ist wirklich sicher \u2013 und der Hass kennt keine Grenzen.<br data-start=\"497\" data-end=\"500\" \/>Ein H\u00f6rspiel voller Nervenkitzel, d\u00fcsterer Atmosph\u00e4re und psychologischer Tiefe.<\/p>\n<p data-start=\"582\" data-end=\"799\"><strong data-start=\"582\" data-end=\"602\">Erwartet werden:<\/strong><br \/>\n\ud83d\udca5 Hochspannende Thriller-Action &amp; packende Jagd<br data-start=\"651\" data-end=\"654\" \/>\ud83d\udd75\ufe0f\u200d\u2642\ufe0f Nervenkitzel &amp; fesselnde Ermittlungen<br data-start=\"698\" data-end=\"701\" \/>\ud83d\udd25 Dunkle Geheimnisse &amp; \u00fcberraschende Wendungen<br data-start=\"748\" data-end=\"751\" \/>\ud83e\ude78 Intensive Spannung &amp; beklemmende Atmosph\u00e4re<\/p>\n<p data-start=\"801\" data-end=\"894\">Ein mitrei\u00dfendes H\u00f6rspiel \u00fcber Rache, Gerechtigkeit und die Abgr\u00fcnde der menschlichen Psyche.<\/p>\n<p data-start=\"896\" data-end=\"949\">\ud83d\udd0a <strong data-start=\"899\" data-end=\"910\">Format:<\/strong> H\u00f6rspiel \/ Thriller \/ Spannung (MP3)<\/p>\n<p data-start=\"951\" data-end=\"1100\">\u2b07\ufe0f Sofortiger Download f\u00fcr Handy<br data-start=\"983\" data-end=\"986\" \/>\u2b07\ufe0f Sofortiger Download f\u00fcr PC<br data-start=\"1015\" data-end=\"1018\" \/>\u2b07\ufe0f Sofortiger Download f\u00fcrs Tablet<br data-start=\"1052\" data-end=\"1055\" \/>\u2b07\ufe0f Kompatibel mit allen MP3-f\u00e4higen Ger\u00e4ten<\/p>\n<p data-start=\"1102\" data-end=\"1160\" data-is-last-node=\"\" data-is-only-node=\"\">\ud83d\udc49 <strong data-start=\"1105\" data-end=\"1160\" data-is-last-node=\"\">Einmal gekauft \u2013 jederzeit und unbegrenzt abrufbar!<\/strong><\/p>\n<\/div>\n<\/div>\n<\/div>\n<\/div>\n<\/div>\n<\/div>\n","protected":false},"excerpt":{"rendered":"<p>\ud83c\udfa7 H\u00f6rspiel Ethan Cross \u2013 Ich bin der Hass \u201eEthan Cross \u2013 Ich bin der Hass\u201c ist ein packendes Thriller-H\u00f6rspiel \u00fcber einen skrupellosen Serienkiller, unerbittliche Ermittler und ein Spiel auf Leben und Tod.Als ein kaltbl\u00fctiger M\u00f6rder seine perfiden Pl\u00e4ne verfolgt, beginnt ein gnadenloser Wettlauf gegen die Zeit, bei dem jeder Fehler t\u00f6dlich sein kann. Zwischen [&hellip;]<\/p>\n","protected":false},"featured_media":2442,"comment_status":"open","ping_status":"closed","template":"","meta":[],"product_brand":[],"product_cat":[34],"product_tag":[],"class_list":{"0":"post-2439","1":"product","2":"type-product","3":"status-publish","4":"has-post-thumbnail","6":"product_cat-hoerspiel-krimi","8":"first","9":"instock","10":"sale","11":"virtual","12":"purchasable","13":"product-type-simple"},"jetpack_sharing_enabled":true,"_links":{"self":[{"href":"https:\/\/audiobook-24.com\/en\/wp-json\/wp\/v2\/product\/2439","targetHints":{"allow":["GET"]}}],"collection":[{"href":"https:\/\/audiobook-24.com\/en\/wp-json\/wp\/v2\/product"}],"about":[{"href":"https:\/\/audiobook-24.com\/en\/wp-json\/wp\/v2\/types\/product"}],"replies":[{"embeddable":true,"href":"https:\/\/audiobook-24.com\/en\/wp-json\/wp\/v2\/comments?post=2439"}],"wp:featuredmedia":[{"embeddable":true,"href":"https:\/\/audiobook-24.com\/en\/wp-json\/wp\/v2\/media\/2442"}],"wp:attachment":[{"href":"https:\/\/audiobook-24.com\/en\/wp-json\/wp\/v2\/media?parent=2439"}],"wp:term":[{"taxonomy":"product_brand","embeddable":true,"href":"https:\/\/audiobook-24.com\/en\/wp-json\/wp\/v2\/product_brand?post=2439"},{"taxonomy":"product_cat","embeddable":true,"href":"https:\/\/audiobook-24.com\/en\/wp-json\/wp\/v2\/product_cat?post=2439"},{"taxonomy":"product_tag","embeddable":true,"href":"https:\/\/audiobook-24.com\/en\/wp-json\/wp\/v2\/product_tag?post=2439"}],"curies":[{"name":"wp","href":"https:\/\/api.w.org\/{rel}","templated":true}]}}