{"id":2436,"date":"2025-12-25T11:27:52","date_gmt":"2025-12-25T11:27:52","guid":{"rendered":"https:\/\/audiobook-24.com\/?post_type=product&#038;p=2436"},"modified":"2025-12-25T11:27:52","modified_gmt":"2025-12-25T11:27:52","slug":"%f0%9f%8e%a7-hoerspiel-michael-tsokos-true-crime-thriller-3-zerbrochen","status":"publish","type":"product","link":"https:\/\/audiobook-24.com\/en\/product\/%f0%9f%8e%a7-hoerspiel-michael-tsokos-true-crime-thriller-3-zerbrochen\/","title":{"rendered":"\ud83c\udfa7 H\u00f6rspiel Michael Tsokos \u2013 True-Crime-Thriller 3 \u2013 Zerbrochen"},"content":{"rendered":"<p data-start=\"0\" data-end=\"69\">\ud83c\udfa7 <strong data-start=\"3\" data-end=\"67\">H\u00f6rspiel Michael Tsokos \u2013 True-Crime-Thriller 3 \u2013 Zerbrochen<\/strong><\/p>\n<p data-start=\"71\" data-end=\"351\">\u201eMichael Tsokos \u2013 True-Crime-Thriller 3 \u2013 Zerbrochen\u201c ist ein intensives H\u00f6rspiel voller Spannung, Nervenkitzel und dunkler Abgr\u00fcnde.<br data-start=\"204\" data-end=\"207\" \/>Ein neuer Fall, neue Opfer und ein T\u00e4ter, der skrupellos seine Spuren verwischt \u2013 die Ermittler stehen vor ihrer bisher gr\u00f6\u00dften Herausforderung.<\/p>\n<p data-start=\"353\" data-end=\"621\">Zwischen psychologischer Raffinesse, \u00fcberraschenden Wendungen und ersch\u00fctternden Enth\u00fcllungen entfaltet sich ein packender Thriller, der den H\u00f6rer bis zur letzten Minute fesselt.<br data-start=\"531\" data-end=\"534\" \/>Jede Entscheidung, jeder Hinweis kann den Unterschied zwischen Leben und Tod ausmachen.<\/p>\n<p data-start=\"623\" data-end=\"842\"><strong data-start=\"623\" data-end=\"643\">Erwartet werden:<\/strong><br \/>\n\ud83d\udc80 Hochspannende Ermittlungen &amp; fesselnde F\u00e4lle<br data-start=\"691\" data-end=\"694\" \/>\ud83d\udd0d Psychologische Spannung &amp; \u00fcberraschende Wendungen<br data-start=\"746\" data-end=\"749\" \/>\ud83d\udd25 D\u00fcstere Atmosph\u00e4re &amp; beklemmende Momente<br data-start=\"792\" data-end=\"795\" \/>\ud83e\ude78 Intensive True-Crime-Action &amp; Nervenkitzel<\/p>\n<p data-start=\"844\" data-end=\"942\">Ein mitrei\u00dfendes H\u00f6rspiel \u00fcber menschliche Abgr\u00fcnde, Gerechtigkeit und die Grenzen des Verstandes.<\/p>\n<p data-start=\"944\" data-end=\"999\">\ud83d\udd0a <strong data-start=\"947\" data-end=\"958\">Format:<\/strong> H\u00f6rspiel \/ Thriller \/ True Crime (MP3)<\/p>\n<p data-start=\"1001\" data-end=\"1150\">\u2b07\ufe0f Sofortiger Download f\u00fcr Handy<br data-start=\"1033\" data-end=\"1036\" \/>\u2b07\ufe0f Sofortiger Download f\u00fcr PC<br data-start=\"1065\" data-end=\"1068\" \/>\u2b07\ufe0f Sofortiger Download f\u00fcrs Tablet<br data-start=\"1102\" data-end=\"1105\" \/>\u2b07\ufe0f Kompatibel mit allen MP3-f\u00e4higen Ger\u00e4ten<\/p>\n<p data-start=\"1152\" data-end=\"1210\" data-is-last-node=\"\" data-is-only-node=\"\">\ud83d\udc49 <strong data-start=\"1155\" data-end=\"1210\" data-is-last-node=\"\">Einmal gekauft \u2013 jederzeit und unbegrenzt abrufbar!<\/strong><\/p>","protected":false},"excerpt":{"rendered":"<p>\ud83c\udfa7 H\u00f6rspiel Michael Tsokos \u2013 True-Crime-Thriller 3 \u2013 Zerbrochen \u201eMichael Tsokos \u2013 True-Crime-Thriller 3 \u2013 Zerbrochen\u201c ist ein intensives H\u00f6rspiel voller Spannung, Nervenkitzel und dunkler Abgr\u00fcnde.Ein neuer Fall, neue Opfer und ein T\u00e4ter, der skrupellos seine Spuren verwischt \u2013 die Ermittler stehen vor ihrer bisher gr\u00f6\u00dften Herausforderung. Zwischen psychologischer Raffinesse, \u00fcberraschenden Wendungen und ersch\u00fctternden Enth\u00fcllungen [&hellip;]<\/p>\n","protected":false},"featured_media":2445,"comment_status":"open","ping_status":"closed","template":"","meta":[],"product_brand":[],"product_cat":[34],"product_tag":[],"class_list":{"0":"post-2436","1":"product","2":"type-product","3":"status-publish","4":"has-post-thumbnail","6":"product_cat-hoerspiel-krimi","8":"first","9":"instock","10":"sale","11":"virtual","12":"purchasable","13":"product-type-simple"},"jetpack_sharing_enabled":true,"_links":{"self":[{"href":"https:\/\/audiobook-24.com\/en\/wp-json\/wp\/v2\/product\/2436","targetHints":{"allow":["GET"]}}],"collection":[{"href":"https:\/\/audiobook-24.com\/en\/wp-json\/wp\/v2\/product"}],"about":[{"href":"https:\/\/audiobook-24.com\/en\/wp-json\/wp\/v2\/types\/product"}],"replies":[{"embeddable":true,"href":"https:\/\/audiobook-24.com\/en\/wp-json\/wp\/v2\/comments?post=2436"}],"wp:featuredmedia":[{"embeddable":true,"href":"https:\/\/audiobook-24.com\/en\/wp-json\/wp\/v2\/media\/2445"}],"wp:attachment":[{"href":"https:\/\/audiobook-24.com\/en\/wp-json\/wp\/v2\/media?parent=2436"}],"wp:term":[{"taxonomy":"product_brand","embeddable":true,"href":"https:\/\/audiobook-24.com\/en\/wp-json\/wp\/v2\/product_brand?post=2436"},{"taxonomy":"product_cat","embeddable":true,"href":"https:\/\/audiobook-24.com\/en\/wp-json\/wp\/v2\/product_cat?post=2436"},{"taxonomy":"product_tag","embeddable":true,"href":"https:\/\/audiobook-24.com\/en\/wp-json\/wp\/v2\/product_tag?post=2436"}],"curies":[{"name":"wp","href":"https:\/\/api.w.org\/{rel}","templated":true}]}}