{"id":2435,"date":"2025-12-25T11:31:08","date_gmt":"2025-12-25T11:31:08","guid":{"rendered":"https:\/\/audiobook-24.com\/?post_type=product&#038;p=2435"},"modified":"2025-12-25T11:31:08","modified_gmt":"2025-12-25T11:31:08","slug":"%f0%9f%8e%a7-hoerspiel-noah-fitz-ich-bin-der-tod","status":"publish","type":"product","link":"https:\/\/audiobook-24.com\/en\/product\/%f0%9f%8e%a7-hoerspiel-noah-fitz-ich-bin-der-tod\/","title":{"rendered":"\ud83c\udfa7 H\u00f6rspiel Noah Fitz \u2013 Ich bin der Tod"},"content":{"rendered":"<p data-start=\"0\" data-end=\"45\">\ud83c\udfa7 <strong data-start=\"3\" data-end=\"43\">H\u00f6rspiel Noah Fitz \u2013 Ich bin der Tod<\/strong><\/p>\n<p data-start=\"47\" data-end=\"337\">\u201eNoah Fitz \u2013 Ich bin der Tod\u201c ist ein packendes Thriller-H\u00f6rspiel \u00fcber Rache, Gerechtigkeit und die Abgr\u00fcnde der menschlichen Psyche.<br data-start=\"180\" data-end=\"183\" \/>Ein unaufhaltsamer T\u00e4ter hinterl\u00e4sst eine Spur aus Angst und Tod, w\u00e4hrend die Ermittler versuchen, seine Identit\u00e4t zu entschl\u00fcsseln, bevor es zu sp\u00e4t ist.<\/p>\n<p data-start=\"339\" data-end=\"562\">Zwischen nervenaufreibender Spannung, \u00fcberraschenden Wendungen und psychologischen Spielchen entfaltet sich ein d\u00fcsteres Netz aus T\u00e4uschung und Gewalt.<br data-start=\"490\" data-end=\"493\" \/>Jede Entscheidung kann t\u00f6dlich sein, und niemand ist wirklich sicher.<\/p>\n<p data-start=\"564\" data-end=\"798\"><strong data-start=\"564\" data-end=\"584\">Erwartet werden:<\/strong><br \/>\n\ud83d\udc80 Fesselnde Thriller-Action &amp; packende Jagd<br data-start=\"629\" data-end=\"632\" \/>\ud83d\udd75\ufe0f\u200d\u2642\ufe0f Intensive Ermittlungen &amp; \u00fcberraschende Wendungen<br data-start=\"687\" data-end=\"690\" \/>\ud83d\udd25 Dunkle Geheimnisse &amp; beklemmende Atmosph\u00e4re<br data-start=\"736\" data-end=\"739\" \/>\ud83e\ude78 Psychologische Tiefe &amp; nervenaufreibender Nervenkitzel<\/p>\n<p data-start=\"800\" data-end=\"885\">Ein spannendes H\u00f6rspiel \u00fcber Tod, Rache und die Schatten, die in jedem lauern k\u00f6nnen.<\/p>\n<p data-start=\"887\" data-end=\"940\">\ud83d\udd0a <strong data-start=\"890\" data-end=\"901\">Format:<\/strong> H\u00f6rspiel \/ Thriller \/ Spannung (MP3)<\/p>\n<p data-start=\"942\" data-end=\"1091\">\u2b07\ufe0f Sofortiger Download f\u00fcr Handy<br data-start=\"974\" data-end=\"977\" \/>\u2b07\ufe0f Sofortiger Download f\u00fcr PC<br data-start=\"1006\" data-end=\"1009\" \/>\u2b07\ufe0f Sofortiger Download f\u00fcrs Tablet<br data-start=\"1043\" data-end=\"1046\" \/>\u2b07\ufe0f Kompatibel mit allen MP3-f\u00e4higen Ger\u00e4ten<\/p>\n<p data-start=\"1093\" data-end=\"1151\" data-is-last-node=\"\" data-is-only-node=\"\">\ud83d\udc49 <strong data-start=\"1096\" data-end=\"1151\" data-is-last-node=\"\">Einmal gekauft \u2013 jederzeit und unbegrenzt abrufbar!<\/strong><\/p>","protected":false},"excerpt":{"rendered":"<p>\ud83c\udfa7 H\u00f6rspiel Noah Fitz \u2013 Ich bin der Tod \u201eNoah Fitz \u2013 Ich bin der Tod\u201c ist ein packendes Thriller-H\u00f6rspiel \u00fcber Rache, Gerechtigkeit und die Abgr\u00fcnde der menschlichen Psyche.Ein unaufhaltsamer T\u00e4ter hinterl\u00e4sst eine Spur aus Angst und Tod, w\u00e4hrend die Ermittler versuchen, seine Identit\u00e4t zu entschl\u00fcsseln, bevor es zu sp\u00e4t ist. Zwischen nervenaufreibender Spannung, \u00fcberraschenden [&hellip;]<\/p>\n","protected":false},"featured_media":2446,"comment_status":"open","ping_status":"closed","template":"","meta":[],"product_brand":[],"product_cat":[34],"product_tag":[],"class_list":{"0":"post-2435","1":"product","2":"type-product","3":"status-publish","4":"has-post-thumbnail","6":"product_cat-hoerspiel-krimi","8":"first","9":"instock","10":"sale","11":"virtual","12":"purchasable","13":"product-type-simple"},"jetpack_sharing_enabled":true,"_links":{"self":[{"href":"https:\/\/audiobook-24.com\/en\/wp-json\/wp\/v2\/product\/2435","targetHints":{"allow":["GET"]}}],"collection":[{"href":"https:\/\/audiobook-24.com\/en\/wp-json\/wp\/v2\/product"}],"about":[{"href":"https:\/\/audiobook-24.com\/en\/wp-json\/wp\/v2\/types\/product"}],"replies":[{"embeddable":true,"href":"https:\/\/audiobook-24.com\/en\/wp-json\/wp\/v2\/comments?post=2435"}],"wp:featuredmedia":[{"embeddable":true,"href":"https:\/\/audiobook-24.com\/en\/wp-json\/wp\/v2\/media\/2446"}],"wp:attachment":[{"href":"https:\/\/audiobook-24.com\/en\/wp-json\/wp\/v2\/media?parent=2435"}],"wp:term":[{"taxonomy":"product_brand","embeddable":true,"href":"https:\/\/audiobook-24.com\/en\/wp-json\/wp\/v2\/product_brand?post=2435"},{"taxonomy":"product_cat","embeddable":true,"href":"https:\/\/audiobook-24.com\/en\/wp-json\/wp\/v2\/product_cat?post=2435"},{"taxonomy":"product_tag","embeddable":true,"href":"https:\/\/audiobook-24.com\/en\/wp-json\/wp\/v2\/product_tag?post=2435"}],"curies":[{"name":"wp","href":"https:\/\/api.w.org\/{rel}","templated":true}]}}