{"id":2434,"date":"2025-12-25T11:37:41","date_gmt":"2025-12-25T11:37:41","guid":{"rendered":"https:\/\/audiobook-24.com\/?post_type=product&#038;p=2434"},"modified":"2025-12-25T11:37:41","modified_gmt":"2025-12-25T11:37:41","slug":"%f0%9f%8e%a7-hoerspiel-daniela-arnold-deine-perfekte-luege-sylt-thriller","status":"publish","type":"product","link":"https:\/\/audiobook-24.com\/en\/product\/%f0%9f%8e%a7-hoerspiel-daniela-arnold-deine-perfekte-luege-sylt-thriller\/","title":{"rendered":"\ud83c\udfa7 H\u00f6rspiel Daniela Arnold \u2013 Deine perfekte L\u00fcge \u2013 Sylt \u2013 Thriller"},"content":{"rendered":"<p data-start=\"0\" data-end=\"72\">\ud83c\udfa7 <strong data-start=\"3\" data-end=\"70\">H\u00f6rspiel Daniela Arnold \u2013 Deine perfekte L\u00fcge \u2013 Sylt \u2013 Thriller<\/strong><\/p>\n<p data-start=\"74\" data-end=\"347\">\u201eDaniela Arnold \u2013 Deine perfekte L\u00fcge \u2013 Sylt \u2013 Thriller\u201c ist ein packendes H\u00f6rspiel voller Spannung, Intrigen und gef\u00e4hrlicher Geheimnisse.<br data-start=\"213\" data-end=\"216\" \/>Auf der idyllischen Insel Sylt verbirgt sich hinter malerischen Kulissen ein Netz aus L\u00fcgen, Betrug und t\u00f6dlichen Machenschaften.<\/p>\n<p data-start=\"349\" data-end=\"556\">Als dunkle Geheimnisse ans Licht kommen, geraten die Beteiligten in einen Strudel aus Misstrauen, Gefahr und t\u00f6dlichen Entscheidungen.<br data-start=\"483\" data-end=\"486\" \/>Jede Enth\u00fcllung bringt neue Risiken \u2013 und niemand ist wirklich sicher.<\/p>\n<p data-start=\"558\" data-end=\"756\"><strong data-start=\"558\" data-end=\"578\">Erwartet werden:<\/strong><br \/>\n\ud83d\udd75\ufe0f\u200d\u2640\ufe0f Nervenkitzel &amp; spannende Ermittlungen<br data-start=\"623\" data-end=\"626\" \/>\ud83d\udd25 \u00dcberraschende Wendungen &amp; Intrigen<br data-start=\"663\" data-end=\"666\" \/>\ud83c\udf0a D\u00fcsterer Thriller vor malerischer Inselkulisse<br data-start=\"715\" data-end=\"718\" \/>\ud83e\ude78 Spannung, Gefahr &amp; packende Story<\/p>\n<p data-start=\"758\" data-end=\"841\">Ein fesselndes H\u00f6rspiel \u00fcber L\u00fcgen, Verrat und die Schattenseiten idyllischer Orte.<\/p>\n<p data-start=\"843\" data-end=\"896\">\ud83d\udd0a <strong data-start=\"846\" data-end=\"857\">Format:<\/strong> H\u00f6rspiel \/ Thriller \/ Spannung (MP3)<\/p>\n<p data-start=\"898\" data-end=\"1047\">\u2b07\ufe0f Sofortiger Download f\u00fcr Handy<br data-start=\"930\" data-end=\"933\" \/>\u2b07\ufe0f Sofortiger Download f\u00fcr PC<br data-start=\"962\" data-end=\"965\" \/>\u2b07\ufe0f Sofortiger Download f\u00fcrs Tablet<br data-start=\"999\" data-end=\"1002\" \/>\u2b07\ufe0f Kompatibel mit allen MP3-f\u00e4higen Ger\u00e4ten<\/p>\n<p data-start=\"1049\" data-end=\"1107\" data-is-last-node=\"\" data-is-only-node=\"\">\ud83d\udc49 <strong data-start=\"1052\" data-end=\"1107\" data-is-last-node=\"\">Einmal gekauft \u2013 jederzeit und unbegrenzt abrufbar!<\/strong><\/p>","protected":false},"excerpt":{"rendered":"<p>\ud83c\udfa7 H\u00f6rspiel Daniela Arnold \u2013 Deine perfekte L\u00fcge \u2013 Sylt \u2013 Thriller \u201eDaniela Arnold \u2013 Deine perfekte L\u00fcge \u2013 Sylt \u2013 Thriller\u201c ist ein packendes H\u00f6rspiel voller Spannung, Intrigen und gef\u00e4hrlicher Geheimnisse.Auf der idyllischen Insel Sylt verbirgt sich hinter malerischen Kulissen ein Netz aus L\u00fcgen, Betrug und t\u00f6dlichen Machenschaften. Als dunkle Geheimnisse ans Licht kommen, [&hellip;]<\/p>\n","protected":false},"featured_media":2447,"comment_status":"open","ping_status":"closed","template":"","meta":[],"product_brand":[],"product_cat":[34],"product_tag":[],"class_list":{"0":"post-2434","1":"product","2":"type-product","3":"status-publish","4":"has-post-thumbnail","6":"product_cat-hoerspiel-krimi","8":"first","9":"instock","10":"sale","11":"virtual","12":"purchasable","13":"product-type-simple"},"jetpack_sharing_enabled":true,"_links":{"self":[{"href":"https:\/\/audiobook-24.com\/en\/wp-json\/wp\/v2\/product\/2434","targetHints":{"allow":["GET"]}}],"collection":[{"href":"https:\/\/audiobook-24.com\/en\/wp-json\/wp\/v2\/product"}],"about":[{"href":"https:\/\/audiobook-24.com\/en\/wp-json\/wp\/v2\/types\/product"}],"replies":[{"embeddable":true,"href":"https:\/\/audiobook-24.com\/en\/wp-json\/wp\/v2\/comments?post=2434"}],"wp:featuredmedia":[{"embeddable":true,"href":"https:\/\/audiobook-24.com\/en\/wp-json\/wp\/v2\/media\/2447"}],"wp:attachment":[{"href":"https:\/\/audiobook-24.com\/en\/wp-json\/wp\/v2\/media?parent=2434"}],"wp:term":[{"taxonomy":"product_brand","embeddable":true,"href":"https:\/\/audiobook-24.com\/en\/wp-json\/wp\/v2\/product_brand?post=2434"},{"taxonomy":"product_cat","embeddable":true,"href":"https:\/\/audiobook-24.com\/en\/wp-json\/wp\/v2\/product_cat?post=2434"},{"taxonomy":"product_tag","embeddable":true,"href":"https:\/\/audiobook-24.com\/en\/wp-json\/wp\/v2\/product_tag?post=2434"}],"curies":[{"name":"wp","href":"https:\/\/api.w.org\/{rel}","templated":true}]}}