{"id":2414,"date":"2025-12-20T05:44:57","date_gmt":"2025-12-20T05:44:57","guid":{"rendered":"https:\/\/audiobook-24.com\/?post_type=product&#038;p=2414"},"modified":"2025-12-20T05:44:57","modified_gmt":"2025-12-20T05:44:57","slug":"%f0%9f%8e%a7-hoerspiel-trinity-taylor-das-dunkle-sexgeheimnis-aber-ihre-geilheit-bleibt","status":"publish","type":"product","link":"https:\/\/audiobook-24.com\/en\/product\/%f0%9f%8e%a7-hoerspiel-trinity-taylor-das-dunkle-sexgeheimnis-aber-ihre-geilheit-bleibt\/","title":{"rendered":"\ud83c\udfa7 H\u00f6rspiel Trinity Taylor \u2013 Das dunkle SexGeheimnis \u2013 Aber ihre Geilheit bleibt"},"content":{"rendered":"<div class=\"text-base my-auto mx-auto pb-10 [--thread-content-margin:--spacing(4)] @w-sm\/main:[--thread-content-margin:--spacing(6)] @w-lg\/main:[--thread-content-margin:--spacing(16)] px-(--thread-content-margin)\">\n<div class=\"[--thread-content-max-width:40rem] @w-lg\/main:[--thread-content-max-width:48rem] mx-auto max-w-(--thread-content-max-width) flex-1 group\/turn-messages focus-visible:outline-hidden relative flex w-full min-w-0 flex-col agent-turn\" tabindex=\"-1\">\n<div class=\"flex max-w-full flex-col grow\">\n<div class=\"min-h-8 text-message relative flex w-full flex-col items-end gap-2 text-start break-words whitespace-normal [.text-message+&amp;]:mt-1\" dir=\"auto\" data-message-author-role=\"assistant\" data-message-id=\"d8ee4434-eb21-4aa9-a14e-c6e36005aabc\" data-message-model-slug=\"gpt-5-mini\">\n<div class=\"flex w-full flex-col gap-1 empty:hidden first:pt-[1px]\">\n<div class=\"markdown prose dark:prose-invert w-full break-words light markdown-new-styling\">\n<p data-start=\"0\" data-end=\"86\">\ud83c\udfa7 <strong data-start=\"3\" data-end=\"84\">H\u00f6rspiel Trinity Taylor \u2013 Das dunkle SexGeheimnis \u2013 Aber ihre Geilheit bleibt<\/strong><\/p>\n<p data-start=\"88\" data-end=\"440\">\u201eDas dunkle SexGeheimnis \u2013 Aber ihre Geilheit bleibt\u201c von Trinity Taylor ist ein spannungsgeladenes H\u00f6rspiel \u00fcber verborgene Begierden, innere Konflikte und die Macht unausgesprochener Sehns\u00fcchte.<br data-start=\"284\" data-end=\"287\" \/>Hinter verschlossenen T\u00fcren entfaltet sich eine Geschichte, in der Geheimnisse, Lust und Tabus aufeinandertreffen und nichts mehr so ist, wie es scheint.<\/p>\n<p data-start=\"442\" data-end=\"731\">Zwischen intensiver Atmosph\u00e4re, emotionaler Zerrissenheit und prickelnder Sinnlichkeit zeigt sich eine Geschichte, die das Spiel zwischen Verlangen und Verbergen meisterhaft inszeniert.<br data-start=\"627\" data-end=\"630\" \/>Das H\u00f6rspiel lebt von fesselnden Dialogen, psychologischer Spannung und dem Reiz des Unergr\u00fcndlichen.<\/p>\n<p data-start=\"733\" data-end=\"955\"><strong data-start=\"733\" data-end=\"753\">Erwartet werden:<\/strong><br data-start=\"753\" data-end=\"756\" \/>\ud83c\udfa7 Atmosph\u00e4risches H\u00f6rspiel mit dunkler Sinnlichkeit<br data-start=\"808\" data-end=\"811\" \/>\ud83d\udda4 Geheimnisse, Begehren &amp; emotionale Spannung<br data-start=\"857\" data-end=\"860\" \/>\ud83d\udd25 Subtile Erotik &amp; psychologisches Knistern<br data-start=\"904\" data-end=\"907\" \/>\ud83d\udde3\ufe0f Pointierte Dialoge &amp; eindringliche Stimmen<\/p>\n<p data-start=\"957\" data-end=\"1063\">Ein H\u00f6rspiel \u00fcber Lust, die sich nicht verleugnen l\u00e4sst \u2013 geheimnisvoll, intensiv und lange nachwirkend.<\/p>\n<p data-start=\"1065\" data-end=\"1096\">\ud83d\udd0a <strong data-start=\"1068\" data-end=\"1079\">Format:<\/strong> H\u00f6rspiel (MP3)<\/p>\n<p data-start=\"1098\" data-end=\"1247\">\u2b07\ufe0f Sofortiger Download f\u00fcr Handy<br data-start=\"1130\" data-end=\"1133\" \/>\u2b07\ufe0f Sofortiger Download f\u00fcr PC<br data-start=\"1162\" data-end=\"1165\" \/>\u2b07\ufe0f Sofortiger Download f\u00fcrs Tablet<br data-start=\"1199\" data-end=\"1202\" \/>\u2b07\ufe0f Kompatibel mit allen MP3-f\u00e4higen Ger\u00e4ten<\/p>\n<p data-start=\"1249\" data-end=\"1307\" data-is-last-node=\"\" data-is-only-node=\"\">\ud83d\udc49 <strong data-start=\"1252\" data-end=\"1307\" data-is-last-node=\"\">Einmal gekauft \u2013 jederzeit und unbegrenzt abrufbar!<\/strong><\/p>\n<\/div>\n<\/div>\n<\/div>\n<\/div>\n<\/div>\n<\/div>\n","protected":false},"excerpt":{"rendered":"<p>\ud83c\udfa7 H\u00f6rspiel Trinity Taylor \u2013 Das dunkle SexGeheimnis \u2013 Aber ihre Geilheit bleibt \u201eDas dunkle SexGeheimnis \u2013 Aber ihre Geilheit bleibt\u201c von Trinity Taylor ist ein spannungsgeladenes H\u00f6rspiel \u00fcber verborgene Begierden, innere Konflikte und die Macht unausgesprochener Sehns\u00fcchte.Hinter verschlossenen T\u00fcren entfaltet sich eine Geschichte, in der Geheimnisse, Lust und Tabus aufeinandertreffen und nichts mehr so [&hellip;]<\/p>\n","protected":false},"featured_media":2418,"comment_status":"open","ping_status":"closed","template":"","meta":[],"product_brand":[],"product_cat":[30],"product_tag":[],"class_list":{"0":"post-2414","1":"product","2":"type-product","3":"status-publish","4":"has-post-thumbnail","6":"product_cat-erotik-hoerbuecher","8":"first","9":"instock","10":"sale","11":"virtual","12":"purchasable","13":"product-type-simple"},"jetpack_sharing_enabled":true,"_links":{"self":[{"href":"https:\/\/audiobook-24.com\/en\/wp-json\/wp\/v2\/product\/2414","targetHints":{"allow":["GET"]}}],"collection":[{"href":"https:\/\/audiobook-24.com\/en\/wp-json\/wp\/v2\/product"}],"about":[{"href":"https:\/\/audiobook-24.com\/en\/wp-json\/wp\/v2\/types\/product"}],"replies":[{"embeddable":true,"href":"https:\/\/audiobook-24.com\/en\/wp-json\/wp\/v2\/comments?post=2414"}],"wp:featuredmedia":[{"embeddable":true,"href":"https:\/\/audiobook-24.com\/en\/wp-json\/wp\/v2\/media\/2418"}],"wp:attachment":[{"href":"https:\/\/audiobook-24.com\/en\/wp-json\/wp\/v2\/media?parent=2414"}],"wp:term":[{"taxonomy":"product_brand","embeddable":true,"href":"https:\/\/audiobook-24.com\/en\/wp-json\/wp\/v2\/product_brand?post=2414"},{"taxonomy":"product_cat","embeddable":true,"href":"https:\/\/audiobook-24.com\/en\/wp-json\/wp\/v2\/product_cat?post=2414"},{"taxonomy":"product_tag","embeddable":true,"href":"https:\/\/audiobook-24.com\/en\/wp-json\/wp\/v2\/product_tag?post=2414"}],"curies":[{"name":"wp","href":"https:\/\/api.w.org\/{rel}","templated":true}]}}